{"id":43414,"date":"2026-04-12T14:24:11","date_gmt":"2026-04-12T14:24:11","guid":{"rendered":"https:\/\/loosen.lt\/produktas\/ostrovit-tauku-dedzinatajs-sievietem-60-kapsulas\/"},"modified":"2026-04-12T14:24:11","modified_gmt":"2026-04-12T14:24:11","slug":"ostrovit-tauku-dedzinatajs-sievietem-60-kapsulas","status":"publish","type":"product","link":"https:\/\/loosen.lt\/lv\/produkts\/ostrovit-tauku-dedzinatajs-sievietem-60-kapsulas\/","title":{"rendered":"OstroVit tauku dedzin\u0101t\u0101js sieviet\u0113m \u2013 60 kapsulas"},"content":{"rendered":"<p><strong>Sast\u0101vda\u013cas:<\/strong> L-karnit\u012bna tartr\u0101ts, za\u013c\u0101s t\u0113jas lapu ekstrakts (Camellia sinensis) ar 50% polifenolu, L-tiroz\u012bns, bez\u016bdens kofe\u012bns, \u0100frikas mango s\u0113klu ekstrakts (Irvingia Gabonensis) 10:1, ingvera saknes ekstrakts (Zingiber officinale) ar 5% gingerola, za\u013c\u0101s kafijas pupi\u0146u ekstrakts (Coffea) ar 50% hlorog\u0113nsk\u0101bes, sil\u012bcija dioks\u012bds (lip\u012bguma regul\u0113\u0161anai), kapsulas apvalks (\u017eelat\u012bns, \u016bdens, kr\u0101svielas: sarkanais dzelzs oks\u012bds, azorub\u012bns*), hroma pikolin\u0101ts (hroms).<br \/>\n<strong>Alerg\u0113ni:<\/strong> var satur\u0113t piena (ieskaitot laktozi), sojas, zemesriekstu, citu riekstu, sezama s\u0113klu, glut\u0113nu saturo\u0161u graudaugu, olu, v\u0113\u017eveid\u012bgo un zivju p\u0113das.<\/p>\n<p>&nbsp;<\/p>\n<table>\n<tbody>\n<tr>\n<td width=\"214\">Uzturv\u0113rt\u012bba<\/td>\n<td width=\"214\">1 porcija (2 kapsulas)<\/td>\n<td width=\"214\">RMV%*<\/td>\n<\/tr>\n<tr>\n<td width=\"214\">L-karnit\u012bna tartr\u0101ts<\/td>\n<td width=\"214\">500mg<\/td>\n<td width=\"214\">&#8211;<\/td>\n<\/tr>\n<tr>\n<td width=\"214\">\u2013 tostarp L-karnit\u012bns<\/td>\n<td width=\"214\">355mg<\/td>\n<td width=\"214\">&#8211;<\/td>\n<\/tr>\n<tr>\n<td width=\"214\">Za\u013c\u0101s t\u0113jas lapu ekstrakts<\/td>\n<td width=\"214\">200mg<\/td>\n<td width=\"214\">&#8211;<\/td>\n<\/tr>\n<tr>\n<td width=\"214\">\u2013 tostarp 50% polifenolu<\/td>\n<td width=\"214\">80mg<\/td>\n<td width=\"214\">&#8211;<\/td>\n<\/tr>\n<tr>\n<td width=\"214\">L-tiroz\u012bns<\/td>\n<td width=\"214\">200mg<\/td>\n<td width=\"214\">&#8211;<\/td>\n<\/tr>\n<tr>\n<td width=\"214\">Bez\u016bdens kofe\u012bns<\/td>\n<td width=\"214\">197,5mg<\/td>\n<td width=\"214\">&#8211;<\/td>\n<\/tr>\n<tr>\n<td width=\"214\">\u0100frikas mango s\u0113klu ekstrakts 10:1<\/td>\n<td width=\"214\">100mg<\/td>\n<td width=\"214\">&#8211;<\/td>\n<\/tr>\n<tr>\n<td width=\"214\">Ingvera saknes ekstrakts<\/td>\n<td width=\"214\">90mg<\/td>\n<td width=\"214\">&#8211;<\/td>\n<\/tr>\n<tr>\n<td width=\"214\">\u2013 tostarp gingerols (5%)<\/td>\n<td width=\"214\">4,5mg<\/td>\n<td width=\"214\">&#8211;<\/td>\n<\/tr>\n<tr>\n<td width=\"214\">Za\u013c\u0101s kafijas pupi\u0146u ekstrakts<\/td>\n<td width=\"214\">50mg<\/td>\n<td width=\"214\">&#8211;<\/td>\n<\/tr>\n<tr>\n<td width=\"214\">\u2013 tostarp hlorog\u0113nsk\u0101be<\/td>\n<td width=\"214\">25mg<\/td>\n<td width=\"214\">&#8211;<\/td>\n<\/tr>\n<tr>\n<td width=\"214\">\u2013 tostarp kofe\u012bns 5%<\/td>\n<td width=\"214\">2,5mg<\/td>\n<td width=\"214\">&#8211;<\/td>\n<\/tr>\n<tr>\n<td width=\"214\">Hroms<\/td>\n<td width=\"214\">100 \u00b5g<\/td>\n<td width=\"214\">250%<\/td>\n<\/tr>\n<tr>\n<td width=\"214\">*RMV% \u2013 atsauces uzturv\u0113rt\u012bba<\/td>\n<td width=\"214\">&nbsp;<\/td>\n<td width=\"214\">&nbsp;<\/td>\n<\/tr>\n<\/tbody>\n<\/table>\n<p>&nbsp;<\/p>\n<div><strong>Lieto\u0161ana:<\/strong> lietot 1 porciju (2 kapsulas) dien\u0101.<\/div>\n<div><\/div>\n<div><strong>Uzglab\u0101\u0161anas apst\u0101k\u013ci:<\/strong><\/div>\n<div><\/div>\n<div>Uzglab\u0101t v\u0113s\u0101, saus\u0101 viet\u0101. Sarg\u0101t no b\u0113rniem.<\/div>\n<div><\/div>\n<div>Ra\u017eot\u0101js: Fitness Trading, Robert Szulborski, ul. Sitarska 16, 18-300 Zambr\u00f3w, Polija.<\/div>\n<div>Neto saturs: 60 kapsulas (47 g).<\/div>\n<div>Ieteicams l\u012bdz (der\u012bguma termi\u0146\u0161): ieteicams l\u012bdz datumam, kas nor\u0101d\u012bts iepakojuma s\u0101nos, aug\u0161pus\u0113 vai apak\u0161\u0101.<\/div>\n<div>Partijas Nr.: skat\u012bt uz iepakojuma.<\/div>\n<div><\/div>\n<div><strong>Br\u012bdin\u0101jums:<\/strong><\/div>\n<div><\/div>\n<div>Uztura bag\u0101tin\u0101t\u0101js neaizst\u0101j uzturu. Svar\u012bgs ir daudzveid\u012bgs un sabalans\u0113ts uzturs un vesel\u012bgs dz\u012bvesveids. Ja esat gr\u016btniece, barojat b\u0113rnu ar kr\u016bti vai lietojat citas z\u0101les, pirms lieto\u0161anas konsult\u0113jieties ar \u0101rstu vai farmaceitu. Nep\u0101rsniedziet ieteicamo devu.<\/div>\n","protected":false},"excerpt":{"rendered":"<p>Sast\u0101vda\u013cas: L-karnit\u012bna tartr\u0101ts, za\u013c\u0101s t\u0113jas lapu ekstrakts (Camellia sinensis) ar 50% polifenolu, L-tiroz\u012bns, bez\u016bdens kofe\u012bns, \u0100frikas mango s\u0113klu ekstrakts (Irvingia Gabonensis) 10:1, ingvera saknes ekstrakts (Zingiber officinale) ar 5% gingerola, za\u013c\u0101s kafijas pupi\u0146u ekstrakts (Coffea) ar 50% hlorog\u0113nsk\u0101bes, sil\u012bcija dioks\u012bds (lip\u012bguma regul\u0113\u0161anai), kapsulas apvalks (\u017eelat\u012bns, \u016bdens, kr\u0101svielas: sarkanais dzelzs oks\u012bds, azorub\u012bns*), hroma pikolin\u0101ts (hroms). Alerg\u0113ni: [&#8230;]\n","protected":false},"featured_media":43140,"comment_status":"open","ping_status":"closed","template":"","meta":{"inline_featured_image":false},"product_brand":[],"product_cat":[161,155],"product_tag":[],"class_list":{"0":"post-43414","1":"product","2":"type-product","3":"status-publish","4":"has-post-thumbnail","6":"product_cat-akcijas","7":"product_cat-svara-kontrole","9":"first","10":"instock","11":"sale","12":"shipping-taxable","13":"purchasable","14":"product-type-simple"},"_links":{"self":[{"href":"https:\/\/loosen.lt\/lv\/wp-json\/wp\/v2\/product\/43414","targetHints":{"allow":["GET"]}}],"collection":[{"href":"https:\/\/loosen.lt\/lv\/wp-json\/wp\/v2\/product"}],"about":[{"href":"https:\/\/loosen.lt\/lv\/wp-json\/wp\/v2\/types\/product"}],"replies":[{"embeddable":true,"href":"https:\/\/loosen.lt\/lv\/wp-json\/wp\/v2\/comments?post=43414"}],"wp:featuredmedia":[{"embeddable":true,"href":"https:\/\/loosen.lt\/lv\/wp-json\/wp\/v2\/media\/43140"}],"wp:attachment":[{"href":"https:\/\/loosen.lt\/lv\/wp-json\/wp\/v2\/media?parent=43414"}],"wp:term":[{"taxonomy":"product_brand","embeddable":true,"href":"https:\/\/loosen.lt\/lv\/wp-json\/wp\/v2\/product_brand?post=43414"},{"taxonomy":"product_cat","embeddable":true,"href":"https:\/\/loosen.lt\/lv\/wp-json\/wp\/v2\/product_cat?post=43414"},{"taxonomy":"product_tag","embeddable":true,"href":"https:\/\/loosen.lt\/lv\/wp-json\/wp\/v2\/product_tag?post=43414"}],"curies":[{"name":"wp","href":"https:\/\/api.w.org\/{rel}","templated":true}]}}