{"id":43416,"date":"2026-04-09T23:32:11","date_gmt":"2026-04-09T23:32:11","guid":{"rendered":"https:\/\/loosen.lt\/produktas\/ostrovit-cinka-pikolinats-150-tabletes\/"},"modified":"2026-04-09T23:32:11","modified_gmt":"2026-04-09T23:32:11","slug":"ostrovit-cinka-pikolinats-150-tabletes","status":"publish","type":"product","link":"https:\/\/loosen.lt\/lv\/produkts\/ostrovit-cinka-pikolinats-150-tabletes\/","title":{"rendered":"OstroVit cinka pikolin\u0101ts \u2013 150 tabletes"},"content":{"rendered":"<p><strong>Sast\u0101vda\u013cas:<\/strong> tabletes pamatne sast\u0101v no mikrokrist\u0101lisk\u0101s celulozes un cietes, akt\u012bv\u0101 viela ir cinka pikolin\u0101ts (cinks). Lai nodro\u0161in\u0101tu tabletes strukt\u016bru un stabilit\u0101ti, tiek izmantotas pretsalipes vielas: tauksk\u0101bju magnija s\u0101\u013ci un sil\u012bcija dioks\u012bds.<br \/>\n<strong>Alerg\u0113ni:<\/strong> var satur\u0113t piena (ieskaitot laktozi), sojas, zemesriekstu, citu riekstu, sezama s\u0113klu, glut\u0113nu saturo\u0161u graudaugu, olu, v\u0113\u017eveid\u012bgo un zivju p\u0113das.<\/p>\n<table>\n<tbody>\n<tr>\n<td width=\"214\">Uzturv\u0113rt\u012bba<\/td>\n<td width=\"214\">1 tablet\u0113<\/td>\n<td width=\"214\">Nomin\u0101l\u0101 v\u0113rt\u012bba (RMV)\u00a0%*<\/td>\n<\/tr>\n<tr>\n<td width=\"214\">Cinks<\/td>\n<td width=\"214\">15mg<\/td>\n<td width=\"214\">150%<\/td>\n<\/tr>\n<tr>\n<td width=\"214\">*RMV% \u2013 atsauces uzturv\u0113rt\u012bba<\/td>\n<td width=\"214\">&nbsp;<\/td>\n<td width=\"214\">&nbsp;<\/td>\n<\/tr>\n<\/tbody>\n<\/table>\n<p>&nbsp;<\/p>\n<div><strong>Lieto\u0161ana:<\/strong> Ieteicams lietot vienu tableti vienu reizi dien\u0101, v\u0113lams p\u0113c \u0113dienreizes.<\/div>\n<div><\/div>\n<div><strong>Uzglab\u0101\u0161anas apst\u0101k\u013ci:<\/strong><\/div>\n<div><\/div>\n<div>Uzglab\u0101t v\u0113s\u0101, saus\u0101 viet\u0101. Sarg\u0101t no b\u0113rniem.<\/div>\n<div><\/div>\n<div>Ra\u017eot\u0101js: Fitness Trading, Robert Szulborski, ul. Sitarska 16, 18-300 Zambr\u00f3w, Polija.<\/div>\n<div>Neto saturs: 29 g (150 tabletes).<\/div>\n<div>Ieteicams l\u012bdz (der\u012bguma termi\u0146\u0161): ieteicams l\u012bdz datumam, kas nor\u0101d\u012bts iepakojuma s\u0101nos, aug\u0161pus\u0113 vai apak\u0161\u0101.<\/div>\n<div>Partijas Nr.: skat\u012bt uz iepakojuma.<\/div>\n<div><\/div>\n<div><strong>Br\u012bdin\u0101jums:<\/strong><\/div>\n<div><\/div>\n<div>Uztura bag\u0101tin\u0101t\u0101js neaizst\u0101j uzturu. Svar\u012bgs ir daudzveid\u012bgs un sabalans\u0113ts uzturs un vesel\u012bgs dz\u012bvesveids. Ja esat gr\u016btniece, barojat b\u0113rnu ar kr\u016bti vai lietojat citas z\u0101les, pirms lieto\u0161anas konsult\u0113jieties ar \u0101rstu vai farmaceitu. Nep\u0101rsniedziet ieteicamo devu.<\/div>\n","protected":false},"excerpt":{"rendered":"<div>OstroVit cinka pikolin\u0101ts ir uztura bag\u0101tin\u0101t\u0101js table\u0161u veid\u0101, kas satur \u013coti labi absorb\u0113jamu cinka formu \u2013 cinka pikolin\u0101tu.<\/div>\n<div><\/div>\n<div><strong>Galven\u0101s \u012bpa\u0161\u012bbas:<\/strong><\/div>\n<div><\/div>\n<div><strong>Cinks pal\u012bdz:<\/strong><\/div>\n<div><\/div>\n<ul>\n<li>uztur\u0113t norm\u0101lu im\u016bnsist\u0113mas darb\u012bbu<\/li>\n<li>uztur\u0113t norm\u0101lu \u0101das, matu un nagu st\u0101vokli<\/li>\n<li>uztur\u0113t norm\u0101lu kaulu st\u0101vokli<\/li>\n<li>uztur\u0113t norm\u0101lu redzes funkciju<\/li>\n<li>uztur\u0113t norm\u0101lu kognit\u012bvo funkciju<\/li>\n<li>uztur\u0113t norm\u0101lu DNS sint\u0113zi<\/li>\n<li>uztur\u0113t norm\u0101lu olbaltumvielu sint\u0113zi<\/li>\n<li>uztur\u0113t norm\u0101lu augl\u012bbu un reprodukt\u012bvo funkciju<\/li>\n<li>uztur\u0113t norm\u0101lu testosterona l\u012bmeni asin\u012bs<\/li>\n<li>uztur\u0113t norm\u0101lu sk\u0101bju-b\u0101zes vielmai\u0146u<\/li>\n<li>pal\u012bdz aizsarg\u0101t \u0161\u016bnas no oksidat\u012bv\u0101 stresa<\/li>\n<\/ul>\n","protected":false},"featured_media":43070,"comment_status":"open","ping_status":"closed","template":"","meta":{"inline_featured_image":false},"product_brand":[],"product_cat":[161,143],"product_tag":[],"class_list":{"0":"post-43416","1":"product","2":"type-product","3":"status-publish","4":"has-post-thumbnail","6":"product_cat-akcijas","7":"product_cat-vispareja-veseliba","9":"first","10":"outofstock","11":"sale","12":"shipping-taxable","13":"purchasable","14":"product-type-simple"},"_links":{"self":[{"href":"https:\/\/loosen.lt\/lv\/wp-json\/wp\/v2\/product\/43416","targetHints":{"allow":["GET"]}}],"collection":[{"href":"https:\/\/loosen.lt\/lv\/wp-json\/wp\/v2\/product"}],"about":[{"href":"https:\/\/loosen.lt\/lv\/wp-json\/wp\/v2\/types\/product"}],"replies":[{"embeddable":true,"href":"https:\/\/loosen.lt\/lv\/wp-json\/wp\/v2\/comments?post=43416"}],"wp:featuredmedia":[{"embeddable":true,"href":"https:\/\/loosen.lt\/lv\/wp-json\/wp\/v2\/media\/43070"}],"wp:attachment":[{"href":"https:\/\/loosen.lt\/lv\/wp-json\/wp\/v2\/media?parent=43416"}],"wp:term":[{"taxonomy":"product_brand","embeddable":true,"href":"https:\/\/loosen.lt\/lv\/wp-json\/wp\/v2\/product_brand?post=43416"},{"taxonomy":"product_cat","embeddable":true,"href":"https:\/\/loosen.lt\/lv\/wp-json\/wp\/v2\/product_cat?post=43416"},{"taxonomy":"product_tag","embeddable":true,"href":"https:\/\/loosen.lt\/lv\/wp-json\/wp\/v2\/product_tag?post=43416"}],"curies":[{"name":"wp","href":"https:\/\/api.w.org\/{rel}","templated":true}]}}