{"id":43417,"date":"2026-04-09T23:29:46","date_gmt":"2026-04-09T23:29:46","guid":{"rendered":"https:\/\/loosen.lt\/produktas\/ostrovit-zagzobainas-palmas-ekstrakts-100-g\/"},"modified":"2026-04-09T23:29:46","modified_gmt":"2026-04-09T23:29:46","slug":"ostrovit-zagzobainas-palmas-ekstrakts-100-g","status":"publish","type":"product","link":"https:\/\/loosen.lt\/lv\/produkts\/ostrovit-zagzobainas-palmas-ekstrakts-100-g\/","title":{"rendered":"OstroVit z\u0101\u0123zobain\u0101s palmas ekstrakts &#8211; 100 g"},"content":{"rendered":"<p><strong>Sast\u0101vda\u013cas:<\/strong> Z\u0101\u0123palmas (Serenoa repens) aug\u013cu ekstrakts.<br \/>\n<strong>Alerg\u0113ni:<\/strong> Var satur\u0113t piena (ieskaitot laktozi), sojas, zemesriekstu, citu riekstu, sezama s\u0113klu, glut\u0113nu saturo\u0161u graudu, olu, v\u0113\u017eveid\u012bgo un zivju p\u0113das.<\/p>\n<table>\n<tbody>\n<tr>\n<td width=\"214\">Uzturv\u0113rt\u012bba<\/td>\n<td width=\"214\">Uz porciju<\/td>\n<\/tr>\n<tr>\n<td width=\"214\">Z\u0101\u0123palmas aug\u013cu ekstrakts<\/td>\n<td width=\"214\">240mg<\/td>\n<\/tr>\n<\/tbody>\n<\/table>\n<p>&nbsp;<\/p>\n<div><strong>Lieto\u0161ana<\/strong>: Lietojiet 1 porciju (240 mg &#8211; 1 t\u0113jkaroti) dien\u0101 \u0113dienrei\u017eu laik\u0101, uzdzerot \u016bdeni, izmantojot iepakojum\u0101 iek\u013cauto m\u0113rkaroti (0,5 ml).<\/div>\n<div><\/div>\n<div><strong>Uzglab\u0101\u0161anas apst\u0101k\u013ci:<\/strong><\/div>\n<div><\/div>\n<div>Uzglab\u0101t v\u0113s\u0101, saus\u0101 viet\u0101. Sarg\u0101t no b\u0113rniem.<\/div>\n<div><\/div>\n<div>Ra\u017eot\u0101js: Fitness Trading, Robert Szulborski, ul. Sitarska 16, 18-300 Zambr\u00f3w, Polija.<\/div>\n<div><\/div>\n<div>Neto saturs: 100 g (416 porcijas).<\/div>\n<div>Ieteicams l\u012bdz (der\u012bguma termi\u0146\u0161): ieteicams l\u012bdz datumam, kas nor\u0101d\u012bts iepakojuma s\u0101nos, aug\u0161pus\u0113 vai apak\u0161\u0101.<\/div>\n<div>Partijas Nr.: skat\u012bt uz iepakojuma.<\/div>\n<div><\/div>\n<div><strong>Br\u012bdin\u0101jums:<\/strong><\/div>\n<div><\/div>\n<div>Uztura bag\u0101tin\u0101t\u0101js neaizst\u0101j uzturu. Svar\u012bgs ir daudzveid\u012bgs un sabalans\u0113ts uzturs un vesel\u012bgs dz\u012bvesveids. Ja esat gr\u016btniece, barojat b\u0113rnu ar kr\u016bti vai lietojat citas z\u0101les, pirms lieto\u0161anas konsult\u0113jieties ar \u0101rstu vai farmaceitu. Nep\u0101rsniedziet ieteicamo devu.<\/div>\n","protected":false},"excerpt":{"rendered":"<div>OstroVit Saw Palmetto ekstrakts \u2013 ekstrakts no z\u0101\u0123zobain\u0101s palmas koka aug\u013ciem, kas satur fitoster\u012bnus, flavono\u012bdus un heteropolisahar\u012bdus<\/div>\n<div><\/div>\n<div><strong>Galven\u0101s \u012bpa\u0161\u012bbas:<\/strong><\/div>\n<div><\/div>\n<ul>\n<li>Z\u0101\u0123zobain\u0101s palmas ekstrakts tradicion\u0101laj\u0101 medic\u012bn\u0101 ir izmantots prostatas un ur\u012bnce\u013cu st\u0101vok\u013ca atbalstam<\/li>\n<li>Saska\u0146\u0101 ar tradicion\u0101lo un m\u016bsdienu medic\u012bnu z\u0101\u0123zobain\u0101s palmas ekstrakts bie\u017ei tiek izmantots k\u0101 pal\u012bgl\u012bdzeklis prostatas st\u0101vok\u013ca atbalstam<\/li>\n<\/ul>\n","protected":false},"featured_media":43074,"comment_status":"open","ping_status":"closed","template":"","meta":{"inline_featured_image":false},"product_brand":[],"product_cat":[161,143],"product_tag":[],"class_list":{"0":"post-43417","1":"product","2":"type-product","3":"status-publish","4":"has-post-thumbnail","6":"product_cat-akcijas","7":"product_cat-vispareja-veseliba","9":"first","10":"instock","11":"sale","12":"shipping-taxable","13":"purchasable","14":"product-type-simple"},"_links":{"self":[{"href":"https:\/\/loosen.lt\/lv\/wp-json\/wp\/v2\/product\/43417","targetHints":{"allow":["GET"]}}],"collection":[{"href":"https:\/\/loosen.lt\/lv\/wp-json\/wp\/v2\/product"}],"about":[{"href":"https:\/\/loosen.lt\/lv\/wp-json\/wp\/v2\/types\/product"}],"replies":[{"embeddable":true,"href":"https:\/\/loosen.lt\/lv\/wp-json\/wp\/v2\/comments?post=43417"}],"wp:featuredmedia":[{"embeddable":true,"href":"https:\/\/loosen.lt\/lv\/wp-json\/wp\/v2\/media\/43074"}],"wp:attachment":[{"href":"https:\/\/loosen.lt\/lv\/wp-json\/wp\/v2\/media?parent=43417"}],"wp:term":[{"taxonomy":"product_brand","embeddable":true,"href":"https:\/\/loosen.lt\/lv\/wp-json\/wp\/v2\/product_brand?post=43417"},{"taxonomy":"product_cat","embeddable":true,"href":"https:\/\/loosen.lt\/lv\/wp-json\/wp\/v2\/product_cat?post=43417"},{"taxonomy":"product_tag","embeddable":true,"href":"https:\/\/loosen.lt\/lv\/wp-json\/wp\/v2\/product_tag?post=43417"}],"curies":[{"name":"wp","href":"https:\/\/api.w.org\/{rel}","templated":true}]}}