{"id":43418,"date":"2026-04-09T23:26:46","date_gmt":"2026-04-09T23:26:46","guid":{"rendered":"https:\/\/loosen.lt\/produktas\/ostrovit-kiploki\/"},"modified":"2026-04-09T23:26:46","modified_gmt":"2026-04-09T23:26:46","slug":"ostrovit-kiploki","status":"publish","type":"product","link":"https:\/\/loosen.lt\/lv\/produkts\/ostrovit-kiploki\/","title":{"rendered":"OstroVit \u0137iploki"},"content":{"rendered":"<p><strong>Sast\u0101vda\u013cas:<\/strong> sojas pupi\u0146u e\u013c\u013ca, \u017eelat\u012bna kapsulas apvalks, glicer\u012bns (mitrumuztur\u0113t\u0101js), \u016bdens, dezodor\u0113ta \u0137iploku e\u013c\u013ca (Allium sativum L.) DER 500:1.<br \/>\n<strong>Alerg\u0113ni:<\/strong> var satur\u0113t piena (ieskaitot laktozi), sojas, zemesriekstu, citu riekstu, sezama s\u0113klu, glut\u0113nu saturo\u0161u graudu, olu, v\u0113\u017eveid\u012bgo un zivju p\u0113das.<\/p>\n<table>\n<tbody>\n<tr>\n<td width=\"214\">Uzturv\u0113rt\u012bba<\/td>\n<td width=\"214\">1 kapsula<\/td>\n<\/tr>\n<tr>\n<td width=\"214\">Bez smar\u017eas \u0137iploku e\u013c\u013ca DER 500:1<\/td>\n<td width=\"214\">2 mg (atbilst 1000 mg svaiga \u0137iploka galvi\u0146as)<\/td>\n<\/tr>\n<tr>\n<td width=\"214\">\u2013 ieskaitot alic\u012bnu (50%)<\/td>\n<td width=\"214\">1mg<\/td>\n<\/tr>\n<\/tbody>\n<\/table>\n<p>&nbsp;<\/p>\n<div><strong>Lieto\u0161ana:<\/strong> Ieteicam\u0101 deva: 1 kapsula dien\u0101, v\u0113lams \u0113dienrei\u017eu laik\u0101.<\/div>\n<div><\/div>\n<div><strong>Uzglab\u0101\u0161anas apst\u0101k\u013ci:<\/strong><\/div>\n<div><\/div>\n<div>Uzglab\u0101t v\u0113s\u0101, saus\u0101 viet\u0101. Sarg\u0101t no b\u0113rniem.<\/div>\n<div><\/div>\n<div>Ra\u017eot\u0101js: Fitness Trading, Robert Szulborski, ul. Sitarska 16, 18-300 Zambr\u00f3w, Polija.<\/div>\n<div>Neto saturs: 90 kapsulas (20 g).<\/div>\n<div>Ieteicams l\u012bdz (der\u012bguma termi\u0146\u0161): ieteicams l\u012bdz datumam, kas nor\u0101d\u012bts iepakojuma s\u0101nos, aug\u0161pus\u0113 vai apak\u0161\u0101.<\/div>\n<div>Partijas Nr.: skat\u012bt uz iepakojuma.<\/div>\n<div><\/div>\n<div><strong>Br\u012bdin\u0101jums:<\/strong><\/div>\n<div><\/div>\n<div>Uztura bag\u0101tin\u0101t\u0101js neaizst\u0101j uzturu. Svar\u012bgs ir daudzveid\u012bgs un sabalans\u0113ts uzturs un vesel\u012bgs dz\u012bvesveids. Ja esat gr\u016btniece, barojat b\u0113rnu ar kr\u016bti vai lietojat citas z\u0101les, pirms lieto\u0161anas konsult\u0113jieties ar \u0101rstu vai farmaceitu. Nep\u0101rsniedziet ieteicamo devu.<\/div>\n","protected":false},"excerpt":{"rendered":"<div>Ostrovit Garlic \u2013 \u0137iploku e\u013c\u013ca kapsul\u0101s, katra porcija atbilst 1000 mg svaiga \u0137iploka<\/div>\n<div><\/div>\n<div><strong>Galven\u0101s \u012bpa\u0161\u012bbas:<\/strong><\/div>\n<div><\/div>\n<ul>\n<li>\u0136iploki ir dabisks antioksidantu avots un var pal\u012bdz\u0113t aizsarg\u0101t \u0161\u016bnas no oksidat\u012bviem boj\u0101jumiem<\/li>\n<li>\u0136iplokos eso\u0161ie bioakt\u012bvie savienojumi tiek p\u0113t\u012bti, lai noteiktu to antioksidanta un im\u016bnsist\u0113mu atbalsto\u0161as \u200b\u200b\u012bpa\u0161\u012bbas<\/li>\n<\/ul>\n","protected":false},"featured_media":43078,"comment_status":"open","ping_status":"closed","template":"","meta":{"inline_featured_image":false},"product_brand":[],"product_cat":[161,147],"product_tag":[],"class_list":{"0":"post-43418","1":"product","2":"type-product","3":"status-publish","4":"has-post-thumbnail","6":"product_cat-akcijas","7":"product_cat-ilgmuziba","9":"first","10":"instock","11":"sale","12":"shipping-taxable","13":"purchasable","14":"product-type-simple"},"_links":{"self":[{"href":"https:\/\/loosen.lt\/lv\/wp-json\/wp\/v2\/product\/43418","targetHints":{"allow":["GET"]}}],"collection":[{"href":"https:\/\/loosen.lt\/lv\/wp-json\/wp\/v2\/product"}],"about":[{"href":"https:\/\/loosen.lt\/lv\/wp-json\/wp\/v2\/types\/product"}],"replies":[{"embeddable":true,"href":"https:\/\/loosen.lt\/lv\/wp-json\/wp\/v2\/comments?post=43418"}],"wp:featuredmedia":[{"embeddable":true,"href":"https:\/\/loosen.lt\/lv\/wp-json\/wp\/v2\/media\/43078"}],"wp:attachment":[{"href":"https:\/\/loosen.lt\/lv\/wp-json\/wp\/v2\/media?parent=43418"}],"wp:term":[{"taxonomy":"product_brand","embeddable":true,"href":"https:\/\/loosen.lt\/lv\/wp-json\/wp\/v2\/product_brand?post=43418"},{"taxonomy":"product_cat","embeddable":true,"href":"https:\/\/loosen.lt\/lv\/wp-json\/wp\/v2\/product_cat?post=43418"},{"taxonomy":"product_tag","embeddable":true,"href":"https:\/\/loosen.lt\/lv\/wp-json\/wp\/v2\/product_tag?post=43418"}],"curies":[{"name":"wp","href":"https:\/\/api.w.org\/{rel}","templated":true}]}}