{"id":43419,"date":"2026-04-09T23:20:55","date_gmt":"2026-04-09T23:20:55","guid":{"rendered":"https:\/\/loosen.lt\/produktas\/ostrovit-berberine-90-tabletes\/"},"modified":"2026-04-09T23:20:55","modified_gmt":"2026-04-09T23:20:55","slug":"ostrovit-berberine-90-tabletes","status":"publish","type":"product","link":"https:\/\/loosen.lt\/lv\/produkts\/ostrovit-berberine-90-tabletes\/","title":{"rendered":"OstroVit Berberine \u2013 90 tabletes"},"content":{"rendered":"<p><strong>Sast\u0101vda\u013cas:<\/strong> Indijas b\u0101rbeles saknes ekstrakts (Berberis aristata DC.), standartiz\u0113ts l\u012bdz 2% berber\u012bna, pildviela: mikrokrist\u0101lisk\u0101 celuloze, ciete, pretsalipes vielas: kalcija fosf\u0101ti, sil\u012bcija dioks\u012bds, tauksk\u0101bju magnija s\u0101\u013ci.<br \/>\n<strong>Alerg\u0113ni:<\/strong> var satur\u0113t piena (ieskaitot laktozi), sojas, zemesriekstu, citu riekstu, sezama s\u0113klu, glut\u0113nu saturo\u0161u graudaugu, olu, v\u0113\u017eveid\u012bgo un zivju p\u0113das.<\/p>\n<p>&nbsp;<\/p>\n<table>\n<tbody>\n<tr>\n<td width=\"214\">Uzturv\u0113rt\u012bba<\/td>\n<td width=\"214\">1 porcija (1 tablete)<\/td>\n<\/tr>\n<tr>\n<td width=\"214\">Indijas b\u0101rbe\u013cu sak\u0146u ekstrakts<\/td>\n<td width=\"214\">500mg<\/td>\n<\/tr>\n<tr>\n<td width=\"214\">\u2013 satur 2% berber\u012bna<\/td>\n<td width=\"214\">10mg<\/td>\n<\/tr>\n<\/tbody>\n<\/table>\n<p>&nbsp;<\/p>\n<div><strong>Lieto\u0161ana:<\/strong> Ieteicams lietot 1 tableti dien\u0101 \u0113dienrei\u017eu laik\u0101.<\/div>\n<div><\/div>\n<div><strong>Uzglab\u0101\u0161anas apst\u0101k\u013ci:<\/strong><\/div>\n<div><\/div>\n<div>Uzglab\u0101t v\u0113s\u0101, saus\u0101 viet\u0101. Sarg\u0101t no b\u0113rniem.<\/div>\n<div><\/div>\n<div>Ra\u017eot\u0101js: Fitness Trading, Robert Szulborski, ul. Sitarska 16, 18-300 Zambr\u00f3w, Polija.<\/div>\n<div>Neto saturs: 90 tabletes (86 g).<\/div>\n<div>Ieteicams l\u012bdz (der\u012bguma termi\u0146\u0161): ieteicams l\u012bdz datumam, kas nor\u0101d\u012bts iepakojuma s\u0101nos, aug\u0161pus\u0113 vai apak\u0161\u0101.<\/div>\n<div>Partijas Nr.: skat\u012bt uz iepakojuma.<\/div>\n<div><\/div>\n<div><strong>Br\u012bdin\u0101jums:<\/strong><\/div>\n<div><\/div>\n<div>Uztura bag\u0101tin\u0101t\u0101js neaizst\u0101j uzturu. Svar\u012bgs ir daudzveid\u012bgs un sabalans\u0113ts uzturs un vesel\u012bgs dz\u012bvesveids. Ja esat gr\u016btniece, barojat b\u0113rnu ar kr\u016bti vai lietojat citas z\u0101les, pirms lieto\u0161anas konsult\u0113jieties ar \u0101rstu vai farmaceitu. Nep\u0101rsniedziet ieteicamo devu.<\/div>\n","protected":false},"excerpt":{"rendered":"<div>OstroVit Berberine 90 tabletes \u2013 uztura bag\u0101tin\u0101t\u0101js ar Indijas b\u0101rbe\u013cu saknes ekstraktu<\/div>\n<div><\/div>\n<div><strong>Galven\u0101s \u012bpa\u0161\u012bbas:<\/strong><\/div>\n<div><\/div>\n<ul>\n<li>Uztur norm\u0101lu holester\u012bna l\u012bmeni<\/li>\n<li>Var uztur\u0113t glikozes l\u012bmeni asin\u012bs<\/li>\n<li>Atbalsta svara kontroli<\/li>\n<li>Var uztur\u0113t norm\u0101lu sirds un asinsrites sist\u0113mas darb\u012bbu<\/li>\n<\/ul>\n","protected":false},"featured_media":43086,"comment_status":"open","ping_status":"closed","template":"","meta":{"inline_featured_image":false},"product_brand":[],"product_cat":[161,158,155],"product_tag":[],"class_list":{"0":"post-43419","1":"product","2":"type-product","3":"status-publish","4":"has-post-thumbnail","6":"product_cat-akcijas","7":"product_cat-sirds-un-asins-plusma","8":"product_cat-svara-kontrole","10":"first","11":"instock","12":"sale","13":"shipping-taxable","14":"purchasable","15":"product-type-simple"},"_links":{"self":[{"href":"https:\/\/loosen.lt\/lv\/wp-json\/wp\/v2\/product\/43419","targetHints":{"allow":["GET"]}}],"collection":[{"href":"https:\/\/loosen.lt\/lv\/wp-json\/wp\/v2\/product"}],"about":[{"href":"https:\/\/loosen.lt\/lv\/wp-json\/wp\/v2\/types\/product"}],"replies":[{"embeddable":true,"href":"https:\/\/loosen.lt\/lv\/wp-json\/wp\/v2\/comments?post=43419"}],"wp:featuredmedia":[{"embeddable":true,"href":"https:\/\/loosen.lt\/lv\/wp-json\/wp\/v2\/media\/43086"}],"wp:attachment":[{"href":"https:\/\/loosen.lt\/lv\/wp-json\/wp\/v2\/media?parent=43419"}],"wp:term":[{"taxonomy":"product_brand","embeddable":true,"href":"https:\/\/loosen.lt\/lv\/wp-json\/wp\/v2\/product_brand?post=43419"},{"taxonomy":"product_cat","embeddable":true,"href":"https:\/\/loosen.lt\/lv\/wp-json\/wp\/v2\/product_cat?post=43419"},{"taxonomy":"product_tag","embeddable":true,"href":"https:\/\/loosen.lt\/lv\/wp-json\/wp\/v2\/product_tag?post=43419"}],"curies":[{"name":"wp","href":"https:\/\/api.w.org\/{rel}","templated":true}]}}