{"id":43420,"date":"2026-04-09T23:17:31","date_gmt":"2026-04-09T23:17:31","guid":{"rendered":"https:\/\/loosen.lt\/produktas\/ostrovit-c-vitamins-90-tabletes\/"},"modified":"2026-04-09T23:17:31","modified_gmt":"2026-04-09T23:17:31","slug":"ostrovit-c-vitamins-90-tabletes","status":"publish","type":"product","link":"https:\/\/loosen.lt\/lv\/produkts\/ostrovit-c-vitamins-90-tabletes\/","title":{"rendered":"OstroVit C vitam\u012bns 90 tabletes"},"content":{"rendered":"<p><strong>Sast\u0101vda\u013cas:<\/strong> L-askorb\u012bnsk\u0101be (C vitam\u012bns), pal\u012bgvielas: mikrokrist\u0101lisk\u0101 celuloze, ciete; viskozit\u0101ti samazino\u0161as vielas: sil\u012bcija dioks\u012bds, no tauksk\u0101b\u0113m ieg\u016bti magnija s\u0101\u013ci.<br \/>\n<strong>Alerg\u0113ni:<\/strong> var satur\u0113t piena (ieskaitot laktozi), sojas, zemesriekstu, citu riekstu, sezama s\u0113klu, glut\u0113nu saturo\u0161u graudaugu, olu, v\u0113\u017eveid\u012bgo un zivju p\u0113das.<\/p>\n<table>\n<tbody>\n<tr>\n<td width=\"214\">Uzturv\u0113rt\u012bba<\/td>\n<td width=\"214\">1 porcija (1 tablete)<\/td>\n<\/tr>\n<tr>\n<td width=\"214\">C vitam\u012bns<\/td>\n<td width=\"214\">1000 mg (1250%*)<\/td>\n<\/tr>\n<\/tbody>\n<\/table>\n<div>*atsauces uzturv\u0113rt\u012bba<\/div>\n<div><\/div>\n<div><strong>Deva:<\/strong> lietot 1 tableti dien\u0101.<\/div>\n<div><\/div>\n<div><strong>Uzglab\u0101\u0161anas apst\u0101k\u013ci:<\/strong><\/div>\n<div><\/div>\n<div>Uzglab\u0101t v\u0113s\u0101, saus\u0101 viet\u0101. Sarg\u0101t no b\u0113rniem.<\/div>\n<div><\/div>\n<div>Ra\u017eot\u0101js: Fitness Trading, Robert Szulborski, ul. Sitarska 16, 18-300 Zambr\u00f3w, Polija.<\/div>\n<div>Neto saturs: 90 tabletes (137 g).<\/div>\n<div>Ieteicams l\u012bdz (der\u012bguma termi\u0146\u0161): ieteicams l\u012bdz datumam, kas nor\u0101d\u012bts iepakojuma s\u0101nos, aug\u0161pus\u0113 vai apak\u0161\u0101.<\/div>\n<div>Partijas Nr.: skat\u012bt uz iepakojuma.<\/div>\n<div><\/div>\n<div><strong>Br\u012bdin\u0101jums:<\/strong><\/div>\n<div><\/div>\n<div>Uztura bag\u0101tin\u0101t\u0101js neaizst\u0101j uzturu. Svar\u012bgs ir daudzveid\u012bgs un sabalans\u0113ts uzturs un vesel\u012bgs dz\u012bvesveids. Ja esat gr\u016btniece, barojat b\u0113rnu ar kr\u016bti vai lietojat citas z\u0101les, pirms lieto\u0161anas konsult\u0113jieties ar \u0101rstu vai farmaceitu. Nep\u0101rsniedziet ieteicamo devu.<\/div>\n<p>&nbsp;<\/p>\n<p>&nbsp;<\/p>\n","protected":false},"excerpt":{"rendered":"<div>OstroVit C vitam\u012bns ir L-askorb\u012bnsk\u0101bes (C vitam\u012bna) uztura bag\u0101tin\u0101t\u0101js table\u0161u veid\u0101.<\/div>\n<div><\/div>\n<div><strong>Galven\u0101s \u012bpa\u0161\u012bbas:<\/strong><\/div>\n<div><\/div>\n<ul>\n<li>Atbalsta norm\u0101lu im\u016bnsist\u0113mas darb\u012bbu<\/li>\n<li>Aizsarg\u0101 \u0161\u016bnas no kait\u012bg\u0101 oksidat\u012bv\u0101 stresa<\/li>\n<li>Nodro\u0161ina norm\u0101lu ener\u0123ijas metabolismu<\/li>\n<li>Samazina nogurumu un nesp\u0113ku<\/li>\n<li>Atbalsta nervu sist\u0113mas darb\u012bbu un psiholo\u0123isko l\u012bdzsvaru<\/li>\n<li>Veicina kolag\u0113na veido\u0161anos, kas ir svar\u012bgi<\/li>\n<\/ul>\n","protected":false},"featured_media":43082,"comment_status":"open","ping_status":"closed","template":"","meta":{"inline_featured_image":false},"product_brand":[],"product_cat":[161,148],"product_tag":[],"class_list":{"0":"post-43420","1":"product","2":"type-product","3":"status-publish","4":"has-post-thumbnail","6":"product_cat-akcijas","7":"product_cat-imunitate","9":"first","10":"instock","11":"sale","12":"shipping-taxable","13":"purchasable","14":"product-type-simple"},"_links":{"self":[{"href":"https:\/\/loosen.lt\/lv\/wp-json\/wp\/v2\/product\/43420","targetHints":{"allow":["GET"]}}],"collection":[{"href":"https:\/\/loosen.lt\/lv\/wp-json\/wp\/v2\/product"}],"about":[{"href":"https:\/\/loosen.lt\/lv\/wp-json\/wp\/v2\/types\/product"}],"replies":[{"embeddable":true,"href":"https:\/\/loosen.lt\/lv\/wp-json\/wp\/v2\/comments?post=43420"}],"wp:featuredmedia":[{"embeddable":true,"href":"https:\/\/loosen.lt\/lv\/wp-json\/wp\/v2\/media\/43082"}],"wp:attachment":[{"href":"https:\/\/loosen.lt\/lv\/wp-json\/wp\/v2\/media?parent=43420"}],"wp:term":[{"taxonomy":"product_brand","embeddable":true,"href":"https:\/\/loosen.lt\/lv\/wp-json\/wp\/v2\/product_brand?post=43420"},{"taxonomy":"product_cat","embeddable":true,"href":"https:\/\/loosen.lt\/lv\/wp-json\/wp\/v2\/product_cat?post=43420"},{"taxonomy":"product_tag","embeddable":true,"href":"https:\/\/loosen.lt\/lv\/wp-json\/wp\/v2\/product_tag?post=43420"}],"curies":[{"name":"wp","href":"https:\/\/api.w.org\/{rel}","templated":true}]}}