{"id":43422,"date":"2026-04-09T23:09:20","date_gmt":"2026-04-09T23:09:20","guid":{"rendered":"https:\/\/loosen.lt\/produktas\/ostrovit-abolu-sidra-etikis-90-tabletes\/"},"modified":"2026-04-09T23:09:20","modified_gmt":"2026-04-09T23:09:20","slug":"ostrovit-abolu-sidra-etikis-90-tabletes","status":"publish","type":"product","link":"https:\/\/loosen.lt\/lv\/produkts\/ostrovit-abolu-sidra-etikis-90-tabletes\/","title":{"rendered":"OstroVit \u0101bolu sidra eti\u0137is \u2013 90 tabletes"},"content":{"rendered":"<p><strong>Sast\u0101vda\u013cas:<\/strong> \u0101bolu sidra eti\u0137is, kas satur 11% eti\u0137sk\u0101bes, kapsulas apvalks (pildviela: hidroksipropilmetilceluloze).<br \/>\n<strong>Alerg\u0113ni:<\/strong> var satur\u0113t piena (ieskaitot laktozi), sojas, zemesriekstu, citu riekstu, sezama s\u0113klu, glut\u0113nu saturo\u0161u graudu, olu, v\u0113\u017eveid\u012bgo un zivju p\u0113das.<\/p>\n<table>\n<tbody>\n<tr>\n<td width=\"214\">Uzturv\u0113rt\u012bba<\/td>\n<td width=\"214\">Uz 1 porciju (1 kapsula)<\/td>\n<\/tr>\n<tr>\n<td width=\"214\">\u0100bolu sidra eti\u0137is, no kura:<\/td>\n<td width=\"214\">600mg<\/td>\n<\/tr>\n<tr>\n<td width=\"214\">eti\u0137sk\u0101be (11%)<\/td>\n<td width=\"214\">66mg<\/td>\n<\/tr>\n<\/tbody>\n<\/table>\n<p>&nbsp;<\/p>\n<div><strong>Lieto\u0161ana:<\/strong> Lietot 1 kapsulu dien\u0101, v\u0113lams \u0113dienrei\u017eu laik\u0101.<\/div>\n<div><\/div>\n<div><strong>Uzglab\u0101\u0161anas apst\u0101k\u013ci:<\/strong><\/div>\n<div><\/div>\n<div>Uzglab\u0101t v\u0113s\u0101, saus\u0101 viet\u0101. Sarg\u0101t no b\u0113rniem.<\/div>\n<div><\/div>\n<div>Ra\u017eot\u0101js: Fitness Trading, Robert Szulborski, ul. Sitarska 16, 18-300 Zambr\u00f3w, Polija.<\/div>\n<div>Neto daudzums: 90 kapsulas<\/div>\n<div>Ieteicams l\u012bdz (der\u012bguma termi\u0146\u0161): ieteicams l\u012bdz datumam, kas nor\u0101d\u012bts iepakojuma s\u0101nos, aug\u0161pus\u0113 vai apak\u0161\u0101.<\/div>\n<div>Partijas Nr.: skat\u012bt uz iepakojuma.<\/div>\n<div><\/div>\n<div><strong>Br\u012bdin\u0101jums:<\/strong><\/div>\n<div><\/div>\n<div>Uztura bag\u0101tin\u0101t\u0101js neaizst\u0101j uzturu. Svar\u012bgs ir daudzveid\u012bgs un sabalans\u0113ts uzturs un vesel\u012bgs dz\u012bvesveids. Ja esat gr\u016btniece, barojat b\u0113rnu ar kr\u016bti vai lietojat citas z\u0101les, pirms lieto\u0161anas konsult\u0113jieties ar \u0101rstu vai farmaceitu. Nep\u0101rsniedziet ieteicamo devu.<\/div>\n","protected":false},"excerpt":{"rendered":"<div>OstroVit \u0101bolu sidra eti\u0137is ir \u0101bolu sidra eti\u0137a kapsulas, kas satur 11% eti\u0137sk\u0101bes<\/div>\n<div><\/div>\n<div><strong>Galven\u0101s \u012bpa\u0161\u012bbas:<\/strong><\/div>\n<div><\/div>\n<ul>\n<li>Atbalsta gremo\u0161anu<\/li>\n<li>Pal\u012bdz uztur\u0113t cukura l\u012bmeni asin\u012bs<\/li>\n<\/ul>\n","protected":false},"featured_media":43094,"comment_status":"open","ping_status":"closed","template":"","meta":{"inline_featured_image":false},"product_brand":[],"product_cat":[161,157],"product_tag":[],"class_list":{"0":"post-43422","1":"product","2":"type-product","3":"status-publish","4":"has-post-thumbnail","6":"product_cat-akcijas","7":"product_cat-gremosana-un-zarnas","9":"first","10":"instock","11":"sale","12":"shipping-taxable","13":"purchasable","14":"product-type-simple"},"_links":{"self":[{"href":"https:\/\/loosen.lt\/lv\/wp-json\/wp\/v2\/product\/43422","targetHints":{"allow":["GET"]}}],"collection":[{"href":"https:\/\/loosen.lt\/lv\/wp-json\/wp\/v2\/product"}],"about":[{"href":"https:\/\/loosen.lt\/lv\/wp-json\/wp\/v2\/types\/product"}],"replies":[{"embeddable":true,"href":"https:\/\/loosen.lt\/lv\/wp-json\/wp\/v2\/comments?post=43422"}],"wp:featuredmedia":[{"embeddable":true,"href":"https:\/\/loosen.lt\/lv\/wp-json\/wp\/v2\/media\/43094"}],"wp:attachment":[{"href":"https:\/\/loosen.lt\/lv\/wp-json\/wp\/v2\/media?parent=43422"}],"wp:term":[{"taxonomy":"product_brand","embeddable":true,"href":"https:\/\/loosen.lt\/lv\/wp-json\/wp\/v2\/product_brand?post=43422"},{"taxonomy":"product_cat","embeddable":true,"href":"https:\/\/loosen.lt\/lv\/wp-json\/wp\/v2\/product_cat?post=43422"},{"taxonomy":"product_tag","embeddable":true,"href":"https:\/\/loosen.lt\/lv\/wp-json\/wp\/v2\/product_tag?post=43422"}],"curies":[{"name":"wp","href":"https:\/\/api.w.org\/{rel}","templated":true}]}}