{"id":43424,"date":"2026-04-09T23:02:36","date_gmt":"2026-04-09T23:02:36","guid":{"rendered":"https:\/\/loosen.lt\/produktas\/ostrovit-biotin-plus-100-tabletes\/"},"modified":"2026-04-09T23:02:36","modified_gmt":"2026-04-09T23:02:36","slug":"ostrovit-biotin-plus-100-tabletes","status":"publish","type":"product","link":"https:\/\/loosen.lt\/lv\/produkts\/ostrovit-biotin-plus-100-tabletes\/","title":{"rendered":"OstroVit Biotin Plus \u2013 100 tabletes"},"content":{"rendered":"<p><strong>Sast\u0101vda\u013cas:<\/strong> mikrokrist\u0101lisk\u0101 celuloze, ciete, cinka pikolin\u0101ts, L-selenometion\u012bns, kalcija karbon\u0101ts, sil\u012bcija dioks\u012bds, tauksk\u0101bju magnija s\u0101\u013ci, D-biot\u012bns, pteroilmonoglutam\u012bnsk\u0101be.<br \/>\n<strong>Alerg\u0113ni:<\/strong> var satur\u0113t piena (ieskaitot laktozi), sojas, zemesriekstu, citu riekstu, sezama s\u0113klu, glut\u0113nu saturo\u0161u graudaugu, olu, v\u0113\u017eveid\u012bgo un zivju p\u0113das.<\/p>\n<table>\n<tbody>\n<tr>\n<td width=\"214\">Uzturv\u0113rt\u012bba<\/td>\n<td width=\"214\">1 porcija<\/td>\n<td width=\"214\">Nomin\u0101l\u0101 v\u0113rt\u012bba (RMV)\u00a0%*<\/td>\n<\/tr>\n<tr>\n<td width=\"214\">Biot\u012bns<\/td>\n<td width=\"214\">2500 \u00b5g<\/td>\n<td width=\"214\">5000%<\/td>\n<\/tr>\n<tr>\n<td width=\"214\">Cinks<\/td>\n<td width=\"214\">15mg<\/td>\n<td width=\"214\">150<\/td>\n<\/tr>\n<tr>\n<td width=\"214\">Sel\u0113ns<\/td>\n<td width=\"214\">100 \u00b5g<\/td>\n<td width=\"214\">182<\/td>\n<\/tr>\n<tr>\n<td width=\"214\">Folijsk\u0101be<\/td>\n<td width=\"214\">800 \u00b5g<\/td>\n<td width=\"214\">400<\/td>\n<\/tr>\n<tr>\n<td width=\"214\">* RMV% \u2013 uzturv\u0113rt\u012bbas atsauces v\u0113rt\u012bba<\/td>\n<td width=\"214\">&nbsp;<\/td>\n<td width=\"214\">&nbsp;<\/td>\n<\/tr>\n<\/tbody>\n<\/table>\n<div><\/div>\n<div><strong>Lieto\u0161ana:<\/strong> lietot 1 tableti dien\u0101. Produkts paredz\u0113ts pieaugu\u0161ajiem.<\/div>\n<div><\/div>\n<div><strong>Uzglab\u0101\u0161anas apst\u0101k\u013ci:<\/strong><\/div>\n<div><\/div>\n<div>Uzglab\u0101t v\u0113s\u0101, saus\u0101 viet\u0101. Sarg\u0101t no b\u0113rniem.<\/div>\n<div><\/div>\n<div>Ra\u017eot\u0101js: Fitness Trading, Robert Szulborski, ul. Sitarska 16, 18-300 Zambr\u00f3w, Polija.<\/div>\n<div>Neto saturs: 100 tabletes (38 g).<\/div>\n<div>Ieteicams l\u012bdz (der\u012bguma termi\u0146\u0161): ieteicams l\u012bdz datumam, kas nor\u0101d\u012bts iepakojuma s\u0101nos, aug\u0161pus\u0113 vai apak\u0161\u0101.<\/div>\n<div>Partijas Nr.: skat\u012bt uz iepakojuma.<\/div>\n<div><\/div>\n<div><strong>Br\u012bdin\u0101jums:<\/strong><\/div>\n<div><\/div>\n<div>Uztura bag\u0101tin\u0101t\u0101js neaizst\u0101j uzturu. Svar\u012bgs ir daudzveid\u012bgs un sabalans\u0113ts uzturs un vesel\u012bgs dz\u012bvesveids. Ja esat gr\u016btniece, barojat b\u0113rnu ar kr\u016bti vai lietojat citas z\u0101les, pirms lieto\u0161anas konsult\u0113jieties ar \u0101rstu vai farmaceitu. Nep\u0101rsniedziet ieteicamo devu.<\/div>\n<p>&nbsp;<\/p>\n","protected":false},"excerpt":{"rendered":"<p>Sast\u0101vda\u013cas: mikrokrist\u0101lisk\u0101 celuloze, ciete, cinka pikolin\u0101ts, L-selenometion\u012bns, kalcija karbon\u0101ts, sil\u012bcija dioks\u012bds, tauksk\u0101bju magnija s\u0101\u013ci, D-biot\u012bns, pteroilmonoglutam\u012bnsk\u0101be. Alerg\u0113ni: var satur\u0113t piena (ieskaitot laktozi), sojas, zemesriekstu, citu riekstu, sezama s\u0113klu, glut\u0113nu saturo\u0161u graudaugu, olu, v\u0113\u017eveid\u012bgo un zivju p\u0113das. Uzturv\u0113rt\u012bba 1 porcija Nomin\u0101l\u0101 v\u0113rt\u012bba (RMV)\u00a0%* Biot\u012bns 2500 \u00b5g 5000% Cinks 15mg 150 Sel\u0113ns 100 \u00b5g 182 Folijsk\u0101be 800 [&#8230;]\n","protected":false},"featured_media":43102,"comment_status":"open","ping_status":"closed","template":"","meta":{"inline_featured_image":false},"product_brand":[],"product_cat":[161,145],"product_tag":[],"class_list":{"0":"post-43424","1":"product","2":"type-product","3":"status-publish","4":"has-post-thumbnail","6":"product_cat-akcijas","7":"product_cat-gan","9":"first","10":"instock","11":"sale","12":"shipping-taxable","13":"purchasable","14":"product-type-simple"},"_links":{"self":[{"href":"https:\/\/loosen.lt\/lv\/wp-json\/wp\/v2\/product\/43424","targetHints":{"allow":["GET"]}}],"collection":[{"href":"https:\/\/loosen.lt\/lv\/wp-json\/wp\/v2\/product"}],"about":[{"href":"https:\/\/loosen.lt\/lv\/wp-json\/wp\/v2\/types\/product"}],"replies":[{"embeddable":true,"href":"https:\/\/loosen.lt\/lv\/wp-json\/wp\/v2\/comments?post=43424"}],"wp:featuredmedia":[{"embeddable":true,"href":"https:\/\/loosen.lt\/lv\/wp-json\/wp\/v2\/media\/43102"}],"wp:attachment":[{"href":"https:\/\/loosen.lt\/lv\/wp-json\/wp\/v2\/media?parent=43424"}],"wp:term":[{"taxonomy":"product_brand","embeddable":true,"href":"https:\/\/loosen.lt\/lv\/wp-json\/wp\/v2\/product_brand?post=43424"},{"taxonomy":"product_cat","embeddable":true,"href":"https:\/\/loosen.lt\/lv\/wp-json\/wp\/v2\/product_cat?post=43424"},{"taxonomy":"product_tag","embeddable":true,"href":"https:\/\/loosen.lt\/lv\/wp-json\/wp\/v2\/product_tag?post=43424"}],"curies":[{"name":"wp","href":"https:\/\/api.w.org\/{rel}","templated":true}]}}