{"id":43425,"date":"2026-04-09T22:57:59","date_gmt":"2026-04-09T22:57:59","guid":{"rendered":"https:\/\/loosen.lt\/produktas\/ostrovit-braintus-focus-90-kapsulas\/"},"modified":"2026-04-09T22:57:59","modified_gmt":"2026-04-09T22:57:59","slug":"ostrovit-braintus-focus-90-kapsulas","status":"publish","type":"product","link":"https:\/\/loosen.lt\/lv\/produkts\/ostrovit-braintus-focus-90-kapsulas\/","title":{"rendered":"OstroVit Braintus Focus \u2013 90 kapsulas"},"content":{"rendered":"<p><strong>Sast\u0101vda\u013cas:<\/strong> kapsulas apvalks (hidroksipropilmetilceluloze), guar\u0101nas s\u0113klu ekstrakts (55 mg kofe\u012bna), L-tiroz\u012bns, bakopa monj\u0113ri ekstrakts (50% bakoz\u012bdu), a\u0161vagandas saknes ekstrakts (7,2% vitanol\u012bdu, 1% alkalo\u012bdu, 0,25% vitaf\u0113r\u012bna A), rodiola rosea ekstrakts (1% salidros\u012bdu), hol\u012bna bitartr\u0101ts, \u017ee\u0146\u0161e\u0146a saknes ekstrakts (20% ginsenoz\u012bdu), B6 \u200b\u200bvitam\u012bns (piridoks\u012bna-5\u2032-fosf\u0101ts).<br \/>\n<strong>Alerg\u0113ni:<\/strong> var satur\u0113t piena (ieskaitot laktozi), sojas, zemesriekstu, citu riekstu, sezama s\u0113klu, glut\u0113nu saturo\u0161u graudaugu, olu, v\u0113\u017eveid\u012bgo un zivju p\u0113das.<\/p>\n<table>\n<tbody>\n<tr>\n<td width=\"214\">Uzturv\u0113rt\u012bba<\/td>\n<td width=\"214\">Uz 1 porciju (3 kapsulas)<\/td>\n<td width=\"214\">Nomin\u0101l\u0101 v\u0113rt\u012bba (RMV)\u00a0%*<\/td>\n<\/tr>\n<tr>\n<td width=\"214\">Guar\u0101nas s\u0113klu ekstrakts<\/td>\n<td width=\"214\">250mg<\/td>\n<td width=\"214\">&#8211;<\/td>\n<\/tr>\n<tr>\n<td width=\"214\">\u2013 tostarp 22% kofe\u012bna<\/td>\n<td width=\"214\">55mg<\/td>\n<td width=\"214\">&#8211;<\/td>\n<\/tr>\n<tr>\n<td width=\"214\">L-tiroz\u012bns<\/td>\n<td width=\"214\">200mg<\/td>\n<td width=\"214\">&#8211;<\/td>\n<\/tr>\n<tr>\n<td width=\"214\">L-tean\u012bns<\/td>\n<td width=\"214\">200mg<\/td>\n<td width=\"214\">&#8211;<\/td>\n<\/tr>\n<tr>\n<td width=\"214\">Bacopa monnieri ekstrakts (50% bacos\u012bdu)<\/td>\n<td width=\"214\">150mg<\/td>\n<td width=\"214\">&#8211;<\/td>\n<\/tr>\n<tr>\n<td width=\"214\">A\u0161vagandas saknes ekstrakts<\/td>\n<td width=\"214\">135mg<\/td>\n<td width=\"214\">&#8211;<\/td>\n<\/tr>\n<tr>\n<td width=\"214\">Rhodiola rosea ekstrakts (1% salidroz\u012bdu)<\/td>\n<td width=\"214\">100mg<\/td>\n<td width=\"214\">&#8211;<\/td>\n<\/tr>\n<tr>\n<td width=\"214\">Hol\u012bna bitartr\u0101ts<\/td>\n<td width=\"214\">100mg<\/td>\n<td width=\"214\">&#8211;<\/td>\n<\/tr>\n<tr>\n<td width=\"214\">\u017de\u0146\u0161e\u0146a saknes ekstrakts (20% ginsenoz\u012bdu)<\/td>\n<td width=\"214\">100mg<\/td>\n<td width=\"214\">&#8211;<\/td>\n<\/tr>\n<tr>\n<td width=\"214\">B6 vitam\u012bns<\/td>\n<td width=\"214\">18mg<\/td>\n<td width=\"214\">1268%<\/td>\n<\/tr>\n<tr>\n<td width=\"214\">*RMV% \u2013 atsauces uzturv\u0113rt\u012bba<\/td>\n<td width=\"214\">&nbsp;<\/td>\n<td width=\"214\">&nbsp;<\/td>\n<\/tr>\n<\/tbody>\n<\/table>\n<p>&nbsp;<\/p>\n<div><strong>Lieto\u0161ana:<\/strong> Lietot 3 kapsulas dien\u0101. Uztura bag\u0101tin\u0101t\u0101js paredz\u0113ts tikai pieaugu\u0161ajiem.<\/div>\n<div><\/div>\n<div><strong>Uzglab\u0101\u0161anas apst\u0101k\u013ci:<\/strong><\/div>\n<div><\/div>\n<div>Uzglab\u0101t v\u0113s\u0101, saus\u0101 viet\u0101. Sarg\u0101t no b\u0113rniem.<\/div>\n<div><\/div>\n<div>Ra\u017eot\u0101js: Fitness Trading, Robert Szulborski, ul. Sitarska 16, 18-300 Zambr\u00f3w, Polija.<\/div>\n<div>Neto svars: 42 g (90 kapsulas).<\/div>\n<div>Ieteicams l\u012bdz (der\u012bguma termi\u0146\u0161): ieteicams l\u012bdz datumam, kas nor\u0101d\u012bts iepakojuma s\u0101nos, aug\u0161pus\u0113 vai apak\u0161\u0101.<\/div>\n<div>Partijas Nr.: skat\u012bt uz iepakojuma.<\/div>\n<div><\/div>\n<div><strong>Br\u012bdin\u0101jums:<\/strong><\/div>\n<div><\/div>\n<div>Uztura bag\u0101tin\u0101t\u0101js neaizst\u0101j uzturu. Svar\u012bgs ir daudzveid\u012bgs un sabalans\u0113ts uzturs un vesel\u012bgs dz\u012bvesveids. Ja esat gr\u016btniece, barojat b\u0113rnu ar kr\u016bti vai lietojat citas z\u0101les, pirms lieto\u0161anas konsult\u0113jieties ar \u0101rstu vai farmaceitu. Nep\u0101rsniedziet ieteicamo devu.<\/div>\n","protected":false},"excerpt":{"rendered":"<div>OstroVit Braintus Focus 90 kapsulas \u2013 uztura bag\u0101tin\u0101t\u0101js ar 9 akt\u012bvaj\u0101m sast\u0101vda\u013c\u0101m<\/div>\n<div><\/div>\n<div><strong>Galven\u0101s \u012bpa\u0161\u012bbas:<\/strong><\/div>\n<div><\/div>\n<ul>\n<li>A\u0161vagandai piem\u012bt adaptog\u0113na iedarb\u012bba<\/li>\n<li>A\u0161vaganda pal\u012bdz uztur\u0113t norm\u0101lu nervu sist\u0113mas darb\u012bbu<\/li>\n<li>A\u0161vaganda pal\u012bdz uztur\u0113t norm\u0101lu psiholo\u0123isko st\u0101vokli<\/li>\n<li>A\u0161vaganda var uzlabot miega kvalit\u0101ti<\/li>\n<li>A\u0161vaganda veicina kognit\u012bvo funkciju uztur\u0113\u0161anu<\/li>\n<li>A\u0161vaganda pal\u012bdz uztur\u0113t norm\u0101lu ener\u0123ijas metabolismu<\/li>\n<\/ul>\n","protected":false},"featured_media":43106,"comment_status":"open","ping_status":"closed","template":"","meta":{"inline_featured_image":false},"product_brand":[],"product_cat":[161,152],"product_tag":[],"class_list":{"0":"post-43425","1":"product","2":"type-product","3":"status-publish","4":"has-post-thumbnail","6":"product_cat-akcijas","7":"product_cat-gariga-aktivitate","9":"first","10":"instock","11":"sale","12":"shipping-taxable","13":"purchasable","14":"product-type-simple"},"_links":{"self":[{"href":"https:\/\/loosen.lt\/lv\/wp-json\/wp\/v2\/product\/43425","targetHints":{"allow":["GET"]}}],"collection":[{"href":"https:\/\/loosen.lt\/lv\/wp-json\/wp\/v2\/product"}],"about":[{"href":"https:\/\/loosen.lt\/lv\/wp-json\/wp\/v2\/types\/product"}],"replies":[{"embeddable":true,"href":"https:\/\/loosen.lt\/lv\/wp-json\/wp\/v2\/comments?post=43425"}],"wp:featuredmedia":[{"embeddable":true,"href":"https:\/\/loosen.lt\/lv\/wp-json\/wp\/v2\/media\/43106"}],"wp:attachment":[{"href":"https:\/\/loosen.lt\/lv\/wp-json\/wp\/v2\/media?parent=43425"}],"wp:term":[{"taxonomy":"product_brand","embeddable":true,"href":"https:\/\/loosen.lt\/lv\/wp-json\/wp\/v2\/product_brand?post=43425"},{"taxonomy":"product_cat","embeddable":true,"href":"https:\/\/loosen.lt\/lv\/wp-json\/wp\/v2\/product_cat?post=43425"},{"taxonomy":"product_tag","embeddable":true,"href":"https:\/\/loosen.lt\/lv\/wp-json\/wp\/v2\/product_tag?post=43425"}],"curies":[{"name":"wp","href":"https:\/\/api.w.org\/{rel}","templated":true}]}}