{"id":43427,"date":"2026-04-09T22:48:09","date_gmt":"2026-04-09T22:48:09","guid":{"rendered":"https:\/\/loosen.lt\/produktas\/ostrovit-glikozamins-msm-hondroitins-c-vitamins-90-kapsulas\/"},"modified":"2026-04-09T22:48:09","modified_gmt":"2026-04-09T22:48:09","slug":"ostrovit-glikozamins-msm-hondroitins-c-vitamins-90-kapsulas","status":"publish","type":"product","link":"https:\/\/loosen.lt\/lv\/produkts\/ostrovit-glikozamins-msm-hondroitins-c-vitamins-90-kapsulas\/","title":{"rendered":"OstroVit glikozam\u012bns + MSM + hondroit\u012bns + C vitam\u012bns \u2013 90 kapsulas"},"content":{"rendered":"<p><strong>Sast\u0101vda\u013cas:<\/strong> glikozam\u012bna sulf\u0101ts 2KCL, metilsulfonilmet\u0101ns (MSM), mikrokrist\u0101lisk\u0101 celuloze (pildviela), hondroit\u012bna sulf\u0101ts, C vitam\u012bns (L-askorb\u012bnsk\u0101be), ciete un sil\u012bcija dioks\u012bds (salipes viela).<br \/>\n<strong>Alerg\u0113ni:<\/strong> var satur\u0113t piena (ieskaitot laktozi), sojas, zemesriekstu, citu riekstu, sezama s\u0113klu, glut\u0113nu saturo\u0161u graudu, olu, v\u0113\u017eveid\u012bgo un zivju p\u0113das.<\/p>\n<table>\n<tbody>\n<tr>\n<td width=\"214\">Uzturv\u0113rt\u012bba<\/td>\n<td width=\"214\">1 porcija (2 tabletes)<\/td>\n<\/tr>\n<tr>\n<td width=\"214\">Glikozam\u012bna sulf\u0101ts 2KCL<\/td>\n<td width=\"214\">1000mg<\/td>\n<\/tr>\n<tr>\n<td width=\"214\">No kura glikozam\u012bna<\/td>\n<td width=\"214\">590mg<\/td>\n<\/tr>\n<tr>\n<td width=\"214\">Metilsulfonilmet\u0101ns (MSM)<\/td>\n<td width=\"214\">600mg<\/td>\n<\/tr>\n<tr>\n<td width=\"214\">Hondroit\u012bna sulf\u0101ts<\/td>\n<td width=\"214\">400mg<\/td>\n<\/tr>\n<tr>\n<td width=\"214\">No kura hondroit\u012bna<\/td>\n<td width=\"214\">360mg<\/td>\n<\/tr>\n<tr>\n<td width=\"214\">C vitam\u012bns<\/td>\n<td width=\"214\">160 mg (200%*)<\/td>\n<\/tr>\n<\/tbody>\n<\/table>\n<p>&nbsp;<\/p>\n<div><strong>Lieto\u0161ana:<\/strong> Ieteicam\u0101 deva: 1 porcija (2 tabletes) vienu reizi dien\u0101.<\/div>\n<div><\/div>\n<div><strong>Uzglab\u0101\u0161anas apst\u0101k\u013ci:<\/strong><\/div>\n<div><\/div>\n<div>Uzglab\u0101t v\u0113s\u0101, saus\u0101 viet\u0101. Sarg\u0101t no b\u0113rniem.<\/div>\n<div><\/div>\n<div>Ra\u017eot\u0101js: Fitness Trading, Robert Szulborski, ul. Sitarska 16, 18-300 Zambr\u00f3w, Polija.<\/div>\n<div>Neto svars: 132 g (90 tabletes).<\/div>\n<div>Ieteicams l\u012bdz (der\u012bguma termi\u0146\u0161): ieteicams l\u012bdz datumam, kas nor\u0101d\u012bts iepakojuma s\u0101nos, aug\u0161pus\u0113 vai apak\u0161\u0101.<\/div>\n<div>Partijas Nr.: skat\u012bt uz iepakojuma.<\/div>\n<div><\/div>\n<div><strong>Br\u012bdin\u0101jums:<\/strong><\/div>\n<div><\/div>\n<div>Uztura bag\u0101tin\u0101t\u0101js neaizst\u0101j uzturu. Svar\u012bgs ir daudzveid\u012bgs un sabalans\u0113ts uzturs un vesel\u012bgs dz\u012bvesveids. Ja esat gr\u016btniece, barojat b\u0113rnu ar kr\u016bti vai lietojat citas z\u0101les, pirms lieto\u0161anas konsult\u0113jieties ar \u0101rstu vai farmaceitu. Nep\u0101rsniedziet ieteicamo devu.<\/div>\n","protected":false},"excerpt":{"rendered":"<div>Glikozam\u012bns + MSM + hondroit\u012bns + C vitam\u012bns ir uztura bag\u0101tin\u0101t\u0101js table\u0161u veid\u0101<\/div>\n<div><\/div>\n<div>Galven\u0101s \u012bpa\u0161\u012bbas:<\/div>\n<div><\/div>\n<div>Veicina norm\u0101las kolag\u0113na sint\u0113zes uztur\u0113\u0161anu norm\u0101lai kaulu funkcijai<\/div>\n<div>Veicina \u0161\u016bnu aizsardz\u012bbu pret oksidat\u012bviem boj\u0101jumiem<\/div>\n<div>Veicina noguruma un nesp\u0113ka mazin\u0101\u0161anu<\/div>\n<div>Veicina norm\u0101las im\u016bnsist\u0113mas darb\u012bbas uztur\u0113\u0161anu<\/div>\n","protected":false},"featured_media":43062,"comment_status":"open","ping_status":"closed","template":"","meta":{"inline_featured_image":false},"product_brand":[],"product_cat":[161,149],"product_tag":[],"class_list":{"0":"post-43427","1":"product","2":"type-product","3":"status-publish","4":"has-post-thumbnail","6":"product_cat-akcijas","7":"product_cat-kauli-un-locitavas","9":"first","10":"instock","11":"sale","12":"shipping-taxable","13":"purchasable","14":"product-type-simple"},"_links":{"self":[{"href":"https:\/\/loosen.lt\/lv\/wp-json\/wp\/v2\/product\/43427","targetHints":{"allow":["GET"]}}],"collection":[{"href":"https:\/\/loosen.lt\/lv\/wp-json\/wp\/v2\/product"}],"about":[{"href":"https:\/\/loosen.lt\/lv\/wp-json\/wp\/v2\/types\/product"}],"replies":[{"embeddable":true,"href":"https:\/\/loosen.lt\/lv\/wp-json\/wp\/v2\/comments?post=43427"}],"wp:featuredmedia":[{"embeddable":true,"href":"https:\/\/loosen.lt\/lv\/wp-json\/wp\/v2\/media\/43062"}],"wp:attachment":[{"href":"https:\/\/loosen.lt\/lv\/wp-json\/wp\/v2\/media?parent=43427"}],"wp:term":[{"taxonomy":"product_brand","embeddable":true,"href":"https:\/\/loosen.lt\/lv\/wp-json\/wp\/v2\/product_brand?post=43427"},{"taxonomy":"product_cat","embeddable":true,"href":"https:\/\/loosen.lt\/lv\/wp-json\/wp\/v2\/product_cat?post=43427"},{"taxonomy":"product_tag","embeddable":true,"href":"https:\/\/loosen.lt\/lv\/wp-json\/wp\/v2\/product_tag?post=43427"}],"curies":[{"name":"wp","href":"https:\/\/api.w.org\/{rel}","templated":true}]}}