{"id":43428,"date":"2026-04-09T22:45:51","date_gmt":"2026-04-09T22:45:51","guid":{"rendered":"https:\/\/loosen.lt\/produktas\/ostrovit-omega-3-extreme-90-kapsulas\/"},"modified":"2026-04-09T22:45:51","modified_gmt":"2026-04-09T22:45:51","slug":"ostrovit-omega-3-extreme-90-kapsulas","status":"publish","type":"product","link":"https:\/\/loosen.lt\/lv\/produkts\/ostrovit-omega-3-extreme-90-kapsulas\/","title":{"rendered":"OstroVit Omega 3 Extreme \u2013 90 kapsulas"},"content":{"rendered":"<p><strong>Sast\u0101vda\u013cas:<\/strong> zivju e\u013c\u013ca un kapsulas apvalks, kas izgatavots no \u017eelat\u012bna, mitrin\u0101t\u0101ja glicer\u012bna un \u016bdens.<br \/>\n<strong>Alerg\u0113ni:<\/strong> var satur\u0113t piena (ieskaitot laktozi), sojas, zemesriekstu, citu riekstu, sezama s\u0113klu, glut\u0113nu saturo\u0161u graudu, olu, v\u0113\u017eveid\u012bgo un zivju p\u0113das.<\/p>\n<table>\n<tbody>\n<tr>\n<td width=\"214\">Uzturv\u0113rt\u012bba<\/td>\n<td width=\"214\">1 porcija<\/td>\n<\/tr>\n<tr>\n<td width=\"214\">Zivju e\u013c\u013ca<\/td>\n<td width=\"214\">1000mg<\/td>\n<\/tr>\n<tr>\n<td width=\"214\">\u2013 eikozapenta\u0113nsk\u0101be (EPA)<\/td>\n<td width=\"214\">500mg<\/td>\n<\/tr>\n<tr>\n<td width=\"214\">\u2013 dokozaheksa\u0113nsk\u0101be (DHA)<\/td>\n<td width=\"214\">250mg<\/td>\n<\/tr>\n<\/tbody>\n<\/table>\n","protected":false},"excerpt":{"rendered":"<div>OstroVit Omega 3 Extreme \u2013 \u013coti koncentr\u0113ta zivju e\u013c\u013ca kapsul\u0101s<\/div>\n<div><\/div>\n<div><strong>Galven\u0101s \u012bpa\u0161\u012bbas:<\/strong><\/div>\n<div><\/div>\n<ul>\n<li>EPA un DHA veicina norm\u0101las sirds darb\u012bbas uztur\u0113\u0161anu<\/li>\n<li>DHA veicina norm\u0101las smadze\u0146u darb\u012bbas un redzes uztur\u0113\u0161anu<\/li>\n<\/ul>\n","protected":false},"featured_media":43058,"comment_status":"open","ping_status":"closed","template":"","meta":{"inline_featured_image":false},"product_brand":[],"product_cat":[161,158],"product_tag":[],"class_list":{"0":"post-43428","1":"product","2":"type-product","3":"status-publish","4":"has-post-thumbnail","6":"product_cat-akcijas","7":"product_cat-sirds-un-asins-plusma","9":"first","10":"instock","11":"sale","12":"shipping-taxable","13":"purchasable","14":"product-type-simple"},"_links":{"self":[{"href":"https:\/\/loosen.lt\/lv\/wp-json\/wp\/v2\/product\/43428","targetHints":{"allow":["GET"]}}],"collection":[{"href":"https:\/\/loosen.lt\/lv\/wp-json\/wp\/v2\/product"}],"about":[{"href":"https:\/\/loosen.lt\/lv\/wp-json\/wp\/v2\/types\/product"}],"replies":[{"embeddable":true,"href":"https:\/\/loosen.lt\/lv\/wp-json\/wp\/v2\/comments?post=43428"}],"wp:featuredmedia":[{"embeddable":true,"href":"https:\/\/loosen.lt\/lv\/wp-json\/wp\/v2\/media\/43058"}],"wp:attachment":[{"href":"https:\/\/loosen.lt\/lv\/wp-json\/wp\/v2\/media?parent=43428"}],"wp:term":[{"taxonomy":"product_brand","embeddable":true,"href":"https:\/\/loosen.lt\/lv\/wp-json\/wp\/v2\/product_brand?post=43428"},{"taxonomy":"product_cat","embeddable":true,"href":"https:\/\/loosen.lt\/lv\/wp-json\/wp\/v2\/product_cat?post=43428"},{"taxonomy":"product_tag","embeddable":true,"href":"https:\/\/loosen.lt\/lv\/wp-json\/wp\/v2\/product_tag?post=43428"}],"curies":[{"name":"wp","href":"https:\/\/api.w.org\/{rel}","templated":true}]}}