{"id":43430,"date":"2026-04-09T22:38:15","date_gmt":"2026-04-09T22:38:15","guid":{"rendered":"https:\/\/loosen.lt\/produktas\/ostrovit-hydro-out-diuretikis-90-kapsulas\/"},"modified":"2026-04-09T22:38:15","modified_gmt":"2026-04-09T22:38:15","slug":"ostrovit-hydro-out-diuretikis-90-kapsulas","status":"publish","type":"product","link":"https:\/\/loosen.lt\/lv\/produkts\/ostrovit-hydro-out-diuretikis-90-kapsulas\/","title":{"rendered":"OstroVit Hydro Out diur\u0113ti\u0137is \u2013 90 kapsulas"},"content":{"rendered":"<p><strong>Sast\u0101vda\u013cas:<\/strong> n\u0101tru lapas, pienenes saknes (3% flavono\u012bdu), guar\u0101nas s\u0113klas (22% kofe\u012bna), dz\u0113rve\u0146u aug\u013ci (10% proantocianid\u012bnu), za\u013c\u0101s t\u0113jas lapas (50% polifenolu), zeltsloti\u0146as un kosas virszemes da\u013cas (7% sil\u012bcija dioks\u012bda), k\u0101 ar\u012b inul\u012bns un akt\u012bv\u0101 P-5-P vitam\u012bna B6 forma.<br \/>\n<strong>Alerg\u0113ni<\/strong>: var satur\u0113t piena (tostarp laktozes), sojas, zemesriekstu, citu riekstu, sezama s\u0113klu, glut\u0113nu saturo\u0161u graudaugu p\u0113das.<\/p>\n<table>\n<tbody>\n<tr>\n<td width=\"214\">Uzturv\u0113rt\u012bba<\/td>\n<td width=\"214\">3 kapsulas (1 porcija)<\/td>\n<td width=\"214\">Nomin\u0101l\u0101 v\u0113rt\u012bba (RMV)\u00a0%*<\/td>\n<\/tr>\n<tr>\n<td width=\"214\">N\u0101tru lapu ekstrakts<\/td>\n<td width=\"214\">350mg<\/td>\n<td width=\"214\">&#8211;<\/td>\n<\/tr>\n<tr>\n<td width=\"214\">Piene\u0146u sak\u0146u ekstrakts:<\/td>\n<td width=\"214\">350mg<\/td>\n<td width=\"214\">&#8211;<\/td>\n<\/tr>\n<tr>\n<td width=\"214\">\u2013 tostarp flavono\u012bdi (3%)<\/td>\n<td width=\"214\">10,5mg<\/td>\n<td width=\"214\">&#8211;<\/td>\n<\/tr>\n<tr>\n<td width=\"214\">Guar\u0101nas s\u0113klu ekstrakts:<\/td>\n<td width=\"214\">250mg<\/td>\n<td width=\"214\">&#8211;<\/td>\n<\/tr>\n<tr>\n<td width=\"214\">\u2013 tostarp kofe\u012bns (22%)<\/td>\n<td width=\"214\">55mg<\/td>\n<td width=\"214\">&#8211;<\/td>\n<\/tr>\n<tr>\n<td width=\"214\">Zelta sl\u0113\u0123a virszemes da\u013cas ekstrakts<\/td>\n<td width=\"214\">200mg<\/td>\n<td width=\"214\">&#8211;<\/td>\n<\/tr>\n<tr>\n<td width=\"214\">Dz\u0113rve\u0146u aug\u013cu ekstrakts:<\/td>\n<td width=\"214\">200mg<\/td>\n<td width=\"214\">&#8211;<\/td>\n<\/tr>\n<tr>\n<td width=\"214\">\u2013 tostarp proantocianid\u012bni (10%)<\/td>\n<td width=\"214\">20mg<\/td>\n<td width=\"214\">&#8211;<\/td>\n<\/tr>\n<tr>\n<td width=\"214\">Za\u013c\u0101s t\u0113jas lapu ekstrakts:<\/td>\n<td width=\"214\">200mg<\/td>\n<td width=\"214\">&#8211;<\/td>\n<\/tr>\n<tr>\n<td width=\"214\">\u2013 tostarp polifenoli (50%)<\/td>\n<td width=\"214\">100mg<\/td>\n<td width=\"214\">&#8211;<\/td>\n<\/tr>\n<tr>\n<td width=\"214\">Kosas virszemes da\u013cu ekstrakts:<\/td>\n<td width=\"214\">150mg<\/td>\n<td width=\"214\">&#8211;<\/td>\n<\/tr>\n<tr>\n<td width=\"214\">\u2013 tostarp sil\u012bcija dioks\u012bds (7%)<\/td>\n<td width=\"214\">10,5mg<\/td>\n<td width=\"214\">&#8211;<\/td>\n<\/tr>\n<tr>\n<td width=\"214\">B6 vitam\u012bns (piridoks\u0101la 5\u2032-fosf\u0101ts P-5-P)<\/td>\n<td width=\"214\">12mg<\/td>\n<td width=\"214\">857%<\/td>\n<\/tr>\n<tr>\n<td width=\"214\">*RMV% \u2013 atsauces uzturv\u0113rt\u012bba<\/td>\n<td width=\"214\">&nbsp;<\/td>\n<td width=\"214\">&nbsp;<\/td>\n<\/tr>\n<\/tbody>\n<\/table>\n<p>&nbsp;<\/p>\n<div><strong>Lieto\u0161ana:<\/strong> Pieaugu\u0161ajiem j\u0101lieto viena porcija (3 kapsulas) dien\u0101.<\/div>\n<div><\/div>\n<div><strong>Uzglab\u0101\u0161anas apst\u0101k\u013ci:<\/strong><\/div>\n<div><\/div>\n<div>Uzglab\u0101t v\u0113s\u0101, saus\u0101 viet\u0101. Sarg\u0101t no b\u0113rniem.<\/div>\n<div><\/div>\n<div>Ra\u017eot\u0101js: Fitness Trading, Robert Szulborski, ul. Sitarska 16, 18-300 Zambr\u00f3w, Polija.<\/div>\n<div>Neto saturs: 58 g (90 kapsulas).<\/div>\n<div>Ieteicams l\u012bdz (der\u012bguma termi\u0146\u0161): Ieteicams l\u012bdz datumam, kas nor\u0101d\u012bts iepakojuma s\u0101nos, aug\u0161pus\u0113 vai apak\u0161\u0101.<\/div>\n<div>Partijas Nr.: skat\u012bt uz iepakojuma.<\/div>\n<div><\/div>\n<div><strong>Br\u012bdin\u0101jums:<\/strong><\/div>\n<div><\/div>\n<div>Uztura bag\u0101tin\u0101t\u0101js neaizst\u0101j uzturu. Svar\u012bgs ir daudzveid\u012bgs un sabalans\u0113ts uzturs un vesel\u012bgs dz\u012bvesveids. Ja esat gr\u016btniece, barojat b\u0113rnu ar kr\u016bti vai lietojat citas z\u0101les, pirms lieto\u0161anas konsult\u0113jieties ar \u0101rstu vai farmaceitu. Nep\u0101rsniedziet ieteicamo devu.<\/div>\n","protected":false},"excerpt":{"rendered":"<div>OstroVit Hydro Out diur\u0113ti\u0137is \u2013 uztura bag\u0101tin\u0101t\u0101js kapsulu veid\u0101, kas apvieno 8 sast\u0101vda\u013cas, tostarp n\u0101tru, za\u013c\u0101s t\u0113jas, guar\u0101nas, kosas, zeltsloti\u0146as un dz\u0113rve\u0146u ekstraktus.<\/div>\n<div><\/div>\n<div><strong>Galven\u0101s \u012bpa\u0161\u012bbas:<\/strong><\/div>\n<div><\/div>\n<ul>\n<li>Pal\u012bdz aizsarg\u0101t \u0161\u016bnas no oksidat\u012bviem boj\u0101jumiem.<\/li>\n<li>Pal\u012bdz uztur\u0113t norm\u0101lu vielmai\u0146u.<\/li>\n<li>Veicina vesel\u012bgas ur\u012bnce\u013cu funkcijas uztur\u0113\u0161anu.<\/li>\n<li>Pal\u012bdz saglab\u0101t modr\u012bbu un mazin\u0101t nogurumu.<\/li>\n<li>Pal\u012bdz uztur\u0113t norm\u0101lu \u0161\u0137idruma l\u012bdzsvaru organism\u0101.<\/li>\n<li>Pal\u012bdz uztur\u0113t norm\u0101lu im\u016bnsist\u0113mas darb\u012bbu.<\/li>\n<li>Veicina norm\u0101lu ener\u0123ijas ieguves vielmai\u0146u un mazina nogurumu.<\/li>\n<\/ul>\n","protected":false},"featured_media":43045,"comment_status":"open","ping_status":"closed","template":"","meta":{"inline_featured_image":false},"product_brand":[],"product_cat":[161,155],"product_tag":[],"class_list":{"0":"post-43430","1":"product","2":"type-product","3":"status-publish","4":"has-post-thumbnail","6":"product_cat-akcijas","7":"product_cat-svara-kontrole","9":"first","10":"instock","11":"sale","12":"shipping-taxable","13":"purchasable","14":"product-type-simple"},"_links":{"self":[{"href":"https:\/\/loosen.lt\/lv\/wp-json\/wp\/v2\/product\/43430","targetHints":{"allow":["GET"]}}],"collection":[{"href":"https:\/\/loosen.lt\/lv\/wp-json\/wp\/v2\/product"}],"about":[{"href":"https:\/\/loosen.lt\/lv\/wp-json\/wp\/v2\/types\/product"}],"replies":[{"embeddable":true,"href":"https:\/\/loosen.lt\/lv\/wp-json\/wp\/v2\/comments?post=43430"}],"wp:featuredmedia":[{"embeddable":true,"href":"https:\/\/loosen.lt\/lv\/wp-json\/wp\/v2\/media\/43045"}],"wp:attachment":[{"href":"https:\/\/loosen.lt\/lv\/wp-json\/wp\/v2\/media?parent=43430"}],"wp:term":[{"taxonomy":"product_brand","embeddable":true,"href":"https:\/\/loosen.lt\/lv\/wp-json\/wp\/v2\/product_brand?post=43430"},{"taxonomy":"product_cat","embeddable":true,"href":"https:\/\/loosen.lt\/lv\/wp-json\/wp\/v2\/product_cat?post=43430"},{"taxonomy":"product_tag","embeddable":true,"href":"https:\/\/loosen.lt\/lv\/wp-json\/wp\/v2\/product_tag?post=43430"}],"curies":[{"name":"wp","href":"https:\/\/api.w.org\/{rel}","templated":true}]}}