{"id":43431,"date":"2026-04-09T22:34:46","date_gmt":"2026-04-09T22:34:46","guid":{"rendered":"https:\/\/loosen.lt\/produktas\/ostrovit-ksm-66-asvaganda-vegetable-120-kapsulas\/"},"modified":"2026-04-09T22:34:46","modified_gmt":"2026-04-09T22:34:46","slug":"ostrovit-ksm-66-asvaganda-vegetable-120-kapsulas","status":"publish","type":"product","link":"https:\/\/loosen.lt\/lv\/produkts\/ostrovit-ksm-66-asvaganda-vegetable-120-kapsulas\/","title":{"rendered":"OstroVit KSM-66 A\u0161vaganda VEGETABLE \u2013 120 kapsulas"},"content":{"rendered":"<p><strong>Sast\u0101vda\u013cas:<\/strong> KSM-66 Ashwagandha\u00ae A\u0161vagandas saknes ekstrakts (Withania somnifera L. Dunal), standartiz\u0113ts l\u012bdz 5% vitanol\u012bdu, inul\u012bns, pildviela \u2013 hidroksipropilmetilceluloze, un melno piparu (Piper nigrum L.) aug\u013cu ekstrakts ar 95% piper\u012bna.<br \/>\n<strong>Alerg\u0113ni:<\/strong> var satur\u0113t piena (ieskaitot laktozi), sojas, zemesriekstu, citu riekstu, sezama s\u0113klu, glut\u0113nu saturo\u0161u graudu, olu, v\u0113\u017eveid\u012bgo un zivju p\u0113das.<\/p>\n<table>\n<tbody>\n<tr>\n<td width=\"214\">Uzturv\u0113rt\u012bba<\/td>\n<td width=\"214\">Uz 1 porciju (1 kapsula)<\/td>\n<\/tr>\n<tr>\n<td width=\"214\">A\u0161vagandas saknes ekstrakts KSM 66:<\/td>\n<td width=\"214\">200mg<\/td>\n<\/tr>\n<tr>\n<td width=\"214\">\u2013 tostarp vitanolidi (5%)<\/td>\n<td width=\"214\">10mg<\/td>\n<\/tr>\n<tr>\n<td width=\"214\">Melno piparu aug\u013cu ekstrakts:<\/td>\n<td width=\"214\">2.1mg<\/td>\n<\/tr>\n<tr>\n<td width=\"214\">tostarp piper\u012bns (95%)<\/td>\n<td width=\"214\">2mg<\/td>\n<\/tr>\n<\/tbody>\n<\/table>\n<div><\/div>\n<div><strong>Lieto\u0161ana:<\/strong> Pieaugu\u0161ajiem ieteicams lietot vienu kapsulu dien\u0101 \u0113dienreizes laik\u0101, uzdzerot daudz \u016bdens.<\/div>\n<div><\/div>\n<div><strong>Uzglab\u0101\u0161anas apst\u0101k\u013ci:<\/strong><\/div>\n<div><\/div>\n<div>Uzglab\u0101t v\u0113s\u0101, saus\u0101 viet\u0101. Sarg\u0101t no b\u0113rniem.<\/div>\n<div><\/div>\n<div>Ra\u017eot\u0101js: Fitness Trading, Robert Szulborski, ul. Sitarska 16, 18-300 Zambr\u00f3w, Polija.<\/div>\n<div>Neto saturs: 49 g (120 kapsulas).<\/div>\n<div>Ieteicams l\u012bdz (der\u012bguma termi\u0146\u0161): ieteicams l\u012bdz datumam, kas nor\u0101d\u012bts iepakojuma s\u0101nos, aug\u0161pus\u0113 vai apak\u0161\u0101.<\/div>\n<div>Partijas Nr.: skat\u012bt uz iepakojuma.<\/div>\n<div><\/div>\n<div><strong>Br\u012bdin\u0101jums:<\/strong><\/div>\n<div><\/div>\n<div>Uztura bag\u0101tin\u0101t\u0101js neaizst\u0101j uzturu. Svar\u012bgs ir daudzveid\u012bgs un sabalans\u0113ts uzturs un vesel\u012bgs dz\u012bvesveids. Ja esat gr\u016btniece, barojat b\u0113rnu ar kr\u016bti vai lietojat citas z\u0101les, pirms lieto\u0161anas konsult\u0113jieties ar \u0101rstu vai farmaceitu. Nep\u0101rsniedziet ieteicamo devu.<\/div>\n<p>&nbsp;<\/p>\n","protected":false},"excerpt":{"rendered":"<div>OstroVit KSM-66 Ashwagandha VEGE \u2013 uztura bag\u0101tin\u0101t\u0101js ar Indijas \u017ee\u0146\u0161e\u0146u kapsul\u0101s<\/div>\n<div><\/div>\n<div><strong>Galven\u0101s \u012bpa\u0161\u012bbas:<\/strong><\/div>\n<div><\/div>\n<ul>\n<li>A\u0161vaganda pal\u012bdz uztur\u0113t norm\u0101lu nervu sist\u0113mas darb\u012bbu<\/li>\n<li>A\u0161vaganda pal\u012bdz uztur\u0113t norm\u0101las psiholo\u0123isk\u0101s funkcijas<\/li>\n<li>A\u0161vaganda pal\u012bdz uztur\u0113t norm\u0101lu miega kvalit\u0101ti<\/li>\n<li>A\u0161vaganda pal\u012bdz uztur\u0113t norm\u0101las gar\u012bg\u0101s un kognit\u012bv\u0101s funkcijas<\/li>\n<li>A\u0161vaganda pal\u012bdz uztur\u0113t norm\u0101lu ener\u0123ijas metabolismu<\/li>\n<li>A\u0161vaganda pal\u012bdz uztur\u0113t norm\u0101lu sirds un asinsvadu darb\u012bbu<\/li>\n<\/ul>\n","protected":false},"featured_media":43049,"comment_status":"open","ping_status":"closed","template":"","meta":{"inline_featured_image":false},"product_brand":[],"product_cat":[161,151],"product_tag":[],"class_list":{"0":"post-43431","1":"product","2":"type-product","3":"status-publish","4":"has-post-thumbnail","6":"product_cat-akcijas","7":"product_cat-nervu-sistema","9":"first","10":"instock","11":"sale","12":"shipping-taxable","13":"purchasable","14":"product-type-simple"},"_links":{"self":[{"href":"https:\/\/loosen.lt\/lv\/wp-json\/wp\/v2\/product\/43431","targetHints":{"allow":["GET"]}}],"collection":[{"href":"https:\/\/loosen.lt\/lv\/wp-json\/wp\/v2\/product"}],"about":[{"href":"https:\/\/loosen.lt\/lv\/wp-json\/wp\/v2\/types\/product"}],"replies":[{"embeddable":true,"href":"https:\/\/loosen.lt\/lv\/wp-json\/wp\/v2\/comments?post=43431"}],"wp:featuredmedia":[{"embeddable":true,"href":"https:\/\/loosen.lt\/lv\/wp-json\/wp\/v2\/media\/43049"}],"wp:attachment":[{"href":"https:\/\/loosen.lt\/lv\/wp-json\/wp\/v2\/media?parent=43431"}],"wp:term":[{"taxonomy":"product_brand","embeddable":true,"href":"https:\/\/loosen.lt\/lv\/wp-json\/wp\/v2\/product_brand?post=43431"},{"taxonomy":"product_cat","embeddable":true,"href":"https:\/\/loosen.lt\/lv\/wp-json\/wp\/v2\/product_cat?post=43431"},{"taxonomy":"product_tag","embeddable":true,"href":"https:\/\/loosen.lt\/lv\/wp-json\/wp\/v2\/product_tag?post=43431"}],"curies":[{"name":"wp","href":"https:\/\/api.w.org\/{rel}","templated":true}]}}