{"id":43433,"date":"2026-04-09T22:26:53","date_gmt":"2026-04-09T22:26:53","guid":{"rendered":"https:\/\/loosen.lt\/produktas\/ostrovit-kalija-citrats-200-g\/"},"modified":"2026-04-09T22:26:53","modified_gmt":"2026-04-09T22:26:53","slug":"ostrovit-kalija-citrats-200-g","status":"publish","type":"product","link":"https:\/\/loosen.lt\/lv\/produkts\/ostrovit-kalija-citrats-200-g\/","title":{"rendered":"OstroVit k\u0101lija citr\u0101ts \u2013 200 g"},"content":{"rendered":"<p><strong>Sast\u0101vda\u013cas:<\/strong> k\u0101lija citr\u0101ts (k\u0101lija avots), sk\u0101buma regul\u0113t\u0101js &#8211; citronsk\u0101be, aromatiz\u0113t\u0101ji, saldin\u0101t\u0101ji: sukraloze un acesulf\u0101ms K.<br \/>\n<strong>Alerg\u0113ni:<\/strong> var satur\u0113t piena (ieskaitot laktozi), sojas, zemesriekstu, citu riekstu, sezama s\u0113klu, glut\u0113nu saturo\u0161u graudaugu, olu, v\u0113\u017eveid\u012bgo un zivju p\u0113das.<\/p>\n<table>\n<tbody>\n<tr>\n<td width=\"214\">Uzturv\u0113rt\u012bba<\/td>\n<td width=\"214\">1 porcija \u2013 1,55 g<\/td>\n<\/tr>\n<tr>\n<td width=\"214\">K\u0101lija citr\u0101ts<\/td>\n<td width=\"214\">910mg<\/td>\n<\/tr>\n<tr>\n<td width=\"214\">no kura k\u0101lija<\/td>\n<td width=\"214\">303 mg (15%*)<\/td>\n<\/tr>\n<tr>\n<td width=\"214\">*Uzturv\u0113rt\u012bbas atsauces v\u0113rt\u012bba<\/td>\n<td width=\"214\">&nbsp;<\/td>\n<\/tr>\n<\/tbody>\n<\/table>\n<p>&nbsp;<\/p>\n<div><strong>Lieto\u0161ana:<\/strong> iz\u0161\u0137\u012bdiniet vienu porciju (1,55 g &#8211; 2 pilnas m\u0113rkarotes) 100-150 ml \u016bdens vai sulas. Lietojiet vienu porciju dien\u0101, izmantojot iepakojum\u0101 iek\u013cauto m\u0113rtrauku (0,5 ml).<\/div>\n<div><\/div>\n<div><strong>Uzglab\u0101\u0161anas apst\u0101k\u013ci:<\/strong><\/div>\n<div><\/div>\n<div>Uzglab\u0101t v\u0113s\u0101, saus\u0101 viet\u0101. Sarg\u0101t no b\u0113rniem.<\/div>\n<div><\/div>\n<div>Ra\u017eot\u0101js: Fitness Trading, Robert Szulborski, ul. Sitarska 16, 18-300 Zambr\u00f3w, Polija.<\/div>\n<div>Neto daudzums: 200 g (129 porcijas).<\/div>\n<div>Ieteicams l\u012bdz (der\u012bguma termi\u0146\u0161): ieteicams l\u012bdz datumam, kas nor\u0101d\u012bts iepakojuma s\u0101nos, aug\u0161pus\u0113 vai apak\u0161\u0101.<\/div>\n<div>Partijas Nr.: skat\u012bt uz iepakojuma.<\/div>\n<div><\/div>\n<div><strong>Br\u012bdin\u0101jums:<\/strong><\/div>\n<div><\/div>\n<div>Uztura bag\u0101tin\u0101t\u0101js neaizst\u0101j uzturu. Svar\u012bgs ir daudzveid\u012bgs un sabalans\u0113ts uzturs un vesel\u012bgs dz\u012bvesveids. Ja esat gr\u016btniece, barojat b\u0113rnu ar kr\u016bti vai lietojat citas z\u0101les, pirms lieto\u0161anas konsult\u0113jieties ar \u0101rstu vai farmaceitu. Nep\u0101rsniedziet ieteicamo devu.<\/div>\n","protected":false},"excerpt":{"rendered":"<div>OstroVit k\u0101lija citr\u0101ts 200 g \u2013 k\u0101lija citr\u0101ta pulveris ar saldin\u0101t\u0101jiem, citrona un laima gar\u0161u<\/div>\n<div><\/div>\n<div><strong>Galven\u0101s \u012bpa\u0161\u012bbas:<\/strong><\/div>\n<div><\/div>\n<ul>\n<li>Pal\u012bdz uztur\u0113t norm\u0101lu nervu sist\u0113mas darb\u012bbu<\/li>\n<li>Veicina norm\u0101lu musku\u013cu darb\u012bbu<\/li>\n<li>Pal\u012bdz uztur\u0113t norm\u0101lu asinsspiedienu<\/li>\n<\/ul>\n","protected":false},"featured_media":43037,"comment_status":"open","ping_status":"closed","template":"","meta":{"inline_featured_image":false},"product_brand":[],"product_cat":[161,153],"product_tag":[],"class_list":{"0":"post-43433","1":"product","2":"type-product","3":"status-publish","4":"has-post-thumbnail","6":"product_cat-akcijas","7":"product_cat-muskuli","9":"first","10":"instock","11":"sale","12":"shipping-taxable","13":"purchasable","14":"product-type-simple"},"_links":{"self":[{"href":"https:\/\/loosen.lt\/lv\/wp-json\/wp\/v2\/product\/43433","targetHints":{"allow":["GET"]}}],"collection":[{"href":"https:\/\/loosen.lt\/lv\/wp-json\/wp\/v2\/product"}],"about":[{"href":"https:\/\/loosen.lt\/lv\/wp-json\/wp\/v2\/types\/product"}],"replies":[{"embeddable":true,"href":"https:\/\/loosen.lt\/lv\/wp-json\/wp\/v2\/comments?post=43433"}],"wp:featuredmedia":[{"embeddable":true,"href":"https:\/\/loosen.lt\/lv\/wp-json\/wp\/v2\/media\/43037"}],"wp:attachment":[{"href":"https:\/\/loosen.lt\/lv\/wp-json\/wp\/v2\/media?parent=43433"}],"wp:term":[{"taxonomy":"product_brand","embeddable":true,"href":"https:\/\/loosen.lt\/lv\/wp-json\/wp\/v2\/product_brand?post=43433"},{"taxonomy":"product_cat","embeddable":true,"href":"https:\/\/loosen.lt\/lv\/wp-json\/wp\/v2\/product_cat?post=43433"},{"taxonomy":"product_tag","embeddable":true,"href":"https:\/\/loosen.lt\/lv\/wp-json\/wp\/v2\/product_tag?post=43433"}],"curies":[{"name":"wp","href":"https:\/\/api.w.org\/{rel}","templated":true}]}}