{"id":43434,"date":"2026-04-09T22:20:31","date_gmt":"2026-04-09T22:20:31","guid":{"rendered":"https:\/\/loosen.lt\/produktas\/ostrovit-ubiquinone-q10-100-60-kapsulas\/"},"modified":"2026-04-09T22:20:31","modified_gmt":"2026-04-09T22:20:31","slug":"ostrovit-ubiquinone-q10-100-60-kapsulas","status":"publish","type":"product","link":"https:\/\/loosen.lt\/lv\/produkts\/ostrovit-ubiquinone-q10-100-60-kapsulas\/","title":{"rendered":"OstroVit Ubiquinone Q10 100 \u2013 60 kapsulas"},"content":{"rendered":"<div><strong>Sast\u0101vda\u013cas:<\/strong> sojas pupi\u0146u e\u013c\u013ca, ubikinons (koenz\u012bms Q10), emulgators &#8211; sojas lecit\u012bns, \u017eelat\u012bns, mitrin\u0101t\u0101js &#8211; glicer\u012bns, kr\u0101sviela &#8211; sarkanais dzelzs oks\u012bds, att\u012br\u012bts \u016bdens.<\/div>\n<div><\/div>\n<div><strong>Alerg\u0113ni:<\/strong> var satur\u0113t piena (ieskaitot laktozi), sojas, zemesriekstu, citu riekstu, sezama s\u0113klu, glut\u0113nu saturo\u0161u graudu, olu, v\u0113\u017eveid\u012bgo un zivju p\u0113das.<\/div>\n<div>\n<table>\n<tbody>\n<tr>\n<td width=\"214\">Uzturv\u0113rt\u012bba<\/td>\n<td width=\"214\">Uz porciju<\/td>\n<\/tr>\n<tr>\n<td width=\"214\">Koenz\u012bms Q10<\/td>\n<td width=\"214\">100mg<\/td>\n<\/tr>\n<\/tbody>\n<\/table>\n<\/div>\n<p>&nbsp;<\/p>\n<div><strong>Lieto\u0161ana:<\/strong> Ieteicams lietot 1 kapsulu dien\u0101. Uztura bag\u0101tin\u0101t\u0101ju v\u0113lams lietot p\u0113c \u0113dienreizes, uzdzerot pietiekami daudz \u016bdens.<\/div>\n<div><\/div>\n<div><strong>Uzglab\u0101\u0161anas apst\u0101k\u013ci:<\/strong><\/div>\n<div><\/div>\n<div>Uzglab\u0101t v\u0113s\u0101, saus\u0101 viet\u0101. Sarg\u0101t no b\u0113rniem.<\/div>\n<div><\/div>\n<div>Ra\u017eot\u0101js: Fitness Trading, Robert Szulborski, ul. Sitarska 16, 18-300 Zambr\u00f3w, Polija.<\/div>\n<div>Neto saturs: 60 kapsulas (30 g).<\/div>\n<div>Ieteicams l\u012bdz (der\u012bguma termi\u0146\u0161): ieteicams l\u012bdz datumam, kas nor\u0101d\u012bts iepakojuma s\u0101nos, aug\u0161pus\u0113 vai apak\u0161\u0101.<\/div>\n<div>Partijas Nr.: skat\u012bt uz iepakojuma.<\/div>\n<div><\/div>\n<div><strong>Br\u012bdin\u0101jums:<\/strong><\/div>\n<div><\/div>\n<div>Uztura bag\u0101tin\u0101t\u0101js neaizst\u0101j uzturu. Svar\u012bgs ir daudzveid\u012bgs un sabalans\u0113ts uzturs un vesel\u012bgs dz\u012bvesveids. Ja esat gr\u016btniece, barojat b\u0113rnu ar kr\u016bti vai lietojat citas z\u0101les, pirms lieto\u0161anas konsult\u0113jieties ar \u0101rstu vai farmaceitu. Nep\u0101rsniedziet ieteicamo devu.<\/div>\n","protected":false},"excerpt":{"rendered":"<div>OstroVit Ubichinon Q10 100\u201d ir kapsulas formas uztura bag\u0101tin\u0101t\u0101js, kas satur koenz\u012bmu Q10 \u2013 vielu<\/div>\n<div><\/div>\n<div><strong>Galven\u0101s \u012bpa\u0161\u012bbas:<\/strong><\/div>\n<div><\/div>\n<ul>\n<li>Piedal\u0101s \u0161\u016bnu ener\u0123ijas (ATP) ra\u017eo\u0161anas procesos mitohondrijos<\/li>\n<li>Darbojas k\u0101 antioksidants un aizsarg\u0101 \u0161\u016bnas no oksidat\u012bv\u0101 stresa<\/li>\n<li>Veicina norm\u0101las sirds un asinsvadu sist\u0113mas darb\u012bbas uztur\u0113\u0161anu<\/li>\n<li>Viela, kas dabiski atrodama organism\u0101, kuras daudzums var samazin\u0101ties l\u012bdz ar vecumu<\/li>\n<li>Var pal\u012bdz\u0113t uztur\u0113t fizisko sniegumu un ener\u0123ijas l\u012bmeni<\/li>\n<\/ul>\n","protected":false},"featured_media":43033,"comment_status":"open","ping_status":"closed","template":"","meta":{"inline_featured_image":false},"product_brand":[],"product_cat":[161,158,144],"product_tag":[],"class_list":{"0":"post-43434","1":"product","2":"type-product","3":"status-publish","4":"has-post-thumbnail","6":"product_cat-akcijas","7":"product_cat-sirds-un-asins-plusma","8":"product_cat-energija","10":"first","11":"instock","12":"sale","13":"shipping-taxable","14":"purchasable","15":"product-type-simple"},"_links":{"self":[{"href":"https:\/\/loosen.lt\/lv\/wp-json\/wp\/v2\/product\/43434","targetHints":{"allow":["GET"]}}],"collection":[{"href":"https:\/\/loosen.lt\/lv\/wp-json\/wp\/v2\/product"}],"about":[{"href":"https:\/\/loosen.lt\/lv\/wp-json\/wp\/v2\/types\/product"}],"replies":[{"embeddable":true,"href":"https:\/\/loosen.lt\/lv\/wp-json\/wp\/v2\/comments?post=43434"}],"wp:featuredmedia":[{"embeddable":true,"href":"https:\/\/loosen.lt\/lv\/wp-json\/wp\/v2\/media\/43033"}],"wp:attachment":[{"href":"https:\/\/loosen.lt\/lv\/wp-json\/wp\/v2\/media?parent=43434"}],"wp:term":[{"taxonomy":"product_brand","embeddable":true,"href":"https:\/\/loosen.lt\/lv\/wp-json\/wp\/v2\/product_brand?post=43434"},{"taxonomy":"product_cat","embeddable":true,"href":"https:\/\/loosen.lt\/lv\/wp-json\/wp\/v2\/product_cat?post=43434"},{"taxonomy":"product_tag","embeddable":true,"href":"https:\/\/loosen.lt\/lv\/wp-json\/wp\/v2\/product_tag?post=43434"}],"curies":[{"name":"wp","href":"https:\/\/api.w.org\/{rel}","templated":true}]}}