{"id":43452,"date":"2026-04-28T14:40:59","date_gmt":"2026-04-28T14:40:59","guid":{"rendered":"https:\/\/loosen.lt\/?post_type=product&#038;p=43452"},"modified":"2026-04-28T14:40:59","modified_gmt":"2026-04-28T14:40:59","slug":"megabol-creatine-alkaline-1500-120-kapsuliu","status":"publish","type":"product","link":"https:\/\/loosen.lt\/lv\/produkts\/megabol-creatine-alkaline-1500-120-kapsuliu\/","title":{"rendered":"Megabol Creatine Alkaline 1500 \u2013 120 kapsuli\u0173"},"content":{"rendered":"<p><strong>Sudedamosios dalys:<\/strong> \u0161armin\u0117 kreatino forma (kreatino monohidratas \u2013 1500 mg, i\u0161 kuri\u0173 gryno kreatino monohidrato 1125 mg), natrio karbonatas, maltodekstrinas, magnio glicerofosfatas, dirbtinis aromatas, lipnum\u0105 ma\u017einanti med\u017eiaga (magnio stearatas).<\/p>\n<table>\n<tbody>\n<tr>\n<td width=\"321\">Maistin\u0117 vert\u0117<\/td>\n<td width=\"321\">2 kapsul\u0117se<\/td>\n<\/tr>\n<tr>\n<td width=\"321\">Baltymai<\/td>\n<td width=\"321\">0g<\/td>\n<\/tr>\n<tr>\n<td width=\"321\">Angliavandeniai<\/td>\n<td width=\"321\">0g<\/td>\n<\/tr>\n<tr>\n<td width=\"321\">Riebalai<\/td>\n<td width=\"321\">0g<\/td>\n<\/tr>\n<tr>\n<td width=\"321\">Energin\u0117 vert\u0117<\/td>\n<td width=\"321\">0g<\/td>\n<\/tr>\n<tr>\n<td width=\"321\">\u0160armintas kreatino monohidratas<\/td>\n<td width=\"321\">1500g<\/td>\n<\/tr>\n<tr>\n<td width=\"321\">\u2013 i\u0161 jo kreatino monohidratas<\/td>\n<td width=\"321\">1125mg<\/td>\n<\/tr>\n<\/tbody>\n<\/table>\n<p>&nbsp;<\/p>\n<div><strong>Vartojimas:<\/strong> Treniruo\u010di\u0173 dienomis vartokite po 2 kapsules ryte nevalgius ir dar 2 kapsules prie\u0161 fizin\u012f kr\u016bv\u012f. Ne treniruo\u010di\u0173 dienomis \u2013 2 kapsules ryte tu\u0161\u010diu skrand\u017eiu. Esant poreikiui, doz\u0119 galima padidinti iki dvigubos, ta\u010diau nevir\u0161ykite 8 kapsuli\u0173 per par\u0105.<\/div>\n<div><\/div>\n<div><strong>Laikymo s\u0105lygos:<\/strong><\/div>\n<div><\/div>\n<div>Laikyti v\u0117sioje, sausoje vietoje. Laikyti vaikams nepasiekiamoje vietoje.<\/div>\n<div>Gamintojas: MEGABOL, Lenkija.<\/div>\n<div>Grynas kiekis: 120 kapsuli\u0173<\/div>\n<div>Geriausias iki (termino pabaigos): geriausias vartoti iki termino, nurodyto ant pakuot\u0117s \u0161ono, vir\u0161aus arba jos apa\u010dioje.<\/div>\n<div><\/div>\n<div><strong>\u012esp\u0117jimas:<\/strong><\/div>\n<div><\/div>\n<div>Maisto papildas n\u0117ra maisto pakaitalas. Svarbu \u012fvairi ir subalansuota mityba bei sveikas gyvenimo b\u016bdas. Jeigu esate n\u0117\u0161\u010dia, maitinate kr\u016btimi ar vartojate kitus vaistus, prie\u0161 vartojim\u0105 pasitarkite su gydytoju ar vaistininku. Nevir\u0161ykite nustatytos rekomenduojamos doz\u0117s.<\/div>\n","protected":false},"excerpt":{"rendered":"<div>\u201eMegabol Creatine Alkaline 1500\u201c \u2013 tai kreatinas \u0161armin\u0117je formoje, sukurtas taip, kad b\u016bt\u0173\u00a0 efektyviau pasisavinamas organizme<\/div>\n<div><\/div>\n<div><strong>Pagrindin\u0117s savyb\u0117s:<\/strong><\/div>\n<div><\/div>\n<ul>\n<li>Padeda padidinti fizin\u012f paj\u0117gum\u0105 atliekant trumpalaikius, intensyvius, pasikartojan\u010dius fizinius pratimus<\/li>\n<li>Skatina raumen\u0173 j\u0117gos augim\u0105<\/li>\n<li>Prisideda prie liesos raumen\u0173 mas\u0117s augimo<\/li>\n<li>Padeda grei\u010diau atsistatyti po intensyvi\u0173 treniruo\u010di\u0173<\/li>\n<li>Gerina sportinius rezultatus, ypa\u010d sprogstamosios j\u0117gos<\/li>\n<li>Gali pad\u0117ti i\u0161laikyti raumen\u0173 mas\u0119 sen\u0117jimo metu<\/li>\n<\/ul>\n","protected":false},"featured_media":43454,"comment_status":"open","ping_status":"closed","template":"","meta":{"inline_featured_image":false},"product_brand":[],"product_cat":[159,74],"product_tag":[],"class_list":{"0":"post-43452","1":"product","2":"type-product","3":"status-publish","4":"has-post-thumbnail","6":"product_cat-akcijos","7":"product_cat-uncategorized-lt","9":"first","10":"instock","11":"sale","12":"shipping-taxable","13":"purchasable","14":"product-type-simple"},"_links":{"self":[{"href":"https:\/\/loosen.lt\/lv\/wp-json\/wp\/v2\/product\/43452","targetHints":{"allow":["GET"]}}],"collection":[{"href":"https:\/\/loosen.lt\/lv\/wp-json\/wp\/v2\/product"}],"about":[{"href":"https:\/\/loosen.lt\/lv\/wp-json\/wp\/v2\/types\/product"}],"replies":[{"embeddable":true,"href":"https:\/\/loosen.lt\/lv\/wp-json\/wp\/v2\/comments?post=43452"}],"wp:featuredmedia":[{"embeddable":true,"href":"https:\/\/loosen.lt\/lv\/wp-json\/wp\/v2\/media\/43454"}],"wp:attachment":[{"href":"https:\/\/loosen.lt\/lv\/wp-json\/wp\/v2\/media?parent=43452"}],"wp:term":[{"taxonomy":"product_brand","embeddable":true,"href":"https:\/\/loosen.lt\/lv\/wp-json\/wp\/v2\/product_brand?post=43452"},{"taxonomy":"product_cat","embeddable":true,"href":"https:\/\/loosen.lt\/lv\/wp-json\/wp\/v2\/product_cat?post=43452"},{"taxonomy":"product_tag","embeddable":true,"href":"https:\/\/loosen.lt\/lv\/wp-json\/wp\/v2\/product_tag?post=43452"}],"curies":[{"name":"wp","href":"https:\/\/api.w.org\/{rel}","templated":true}]}}