{"id":43457,"date":"2026-04-29T21:12:52","date_gmt":"2026-04-29T21:12:52","guid":{"rendered":"https:\/\/loosen.lt\/?post_type=product&#038;p=43457"},"modified":"2026-04-29T21:12:53","modified_gmt":"2026-04-29T21:12:53","slug":"swedish-supplements-chromium-90-kapsuliu","status":"publish","type":"product","link":"https:\/\/loosen.lt\/lv\/produkts\/swedish-supplements-chromium-90-kapsuliu\/","title":{"rendered":"Swedish Supplements Chromium \u2013 90 kapsuli\u0173"},"content":{"rendered":"<p><strong>Sudedamosios dalys:<\/strong> u\u017epildanti med\u017eiaga (E460), augalin\u0117s kilm\u0117s kapsul\u0117s apvalkalas (hidroksipropilceliulioz\u0117), chromo pikolinatas, lipnum\u0105 ma\u017einanti med\u017eiaga (E470b).<\/p>\n<table>\n<tbody>\n<tr>\n<td width=\"321\">Maistin\u0117 vert\u0117<\/td>\n<td width=\"321\">1 kapsul\u0117je<\/td>\n<\/tr>\n<tr>\n<td width=\"321\">Chromo pikolinatas<\/td>\n<td width=\"321\">1670\u00b5g<\/td>\n<\/tr>\n<tr>\n<td width=\"321\">i\u0161 kurio chromo<\/td>\n<td width=\"321\">200\u00b5g (500%*)<\/td>\n<\/tr>\n<\/tbody>\n<\/table>\n<div>*referencin\u0117 maistin\u0117 vert\u0117<\/div>\n<div><\/div>\n<div><strong>Vartojimas:<\/strong> Rekomenduojama vartoti po 1 kapsul\u0119 per par\u0105, kartu su maistu.<\/div>\n<div><\/div>\n<div><strong>Laikymo s\u0105lygos:<\/strong><\/div>\n<div><\/div>\n<div>Laikyti v\u0117sioje, sausoje vietoje. Laikyti vaikams nepasiekiamoje vietoje.<\/div>\n<div>Gamintojas: Swedish Supplements AB, Kvistvagen 2, 433 48 Partille. \u0160vedija.<\/div>\n<div>Grynas kiekis: 90 kapsuli\u0173<\/div>\n<div>Geriausias iki (termino pabaigos): geriausias vartoti iki termino, nurodyto ant pakuot\u0117s \u0161ono, vir\u0161aus arba jos apa\u010dioje.<\/div>\n<div><\/div>\n<div><strong>\u012esp\u0117jimas:<\/strong><\/div>\n<div><\/div>\n<div>Maisto papildas n\u0117ra maisto pakaitalas. Svarbu \u012fvairi ir subalansuota mityba bei sveikas gyvenimo b\u016bdas. Jeigu esate n\u0117\u0161\u010dia, maitinate kr\u016btimi ar vartojate kitus vaistus, prie\u0161 vartojim\u0105 pasitarkite su gydytoju ar vaistininku. Nevir\u0161ykite nustatytos rekomenduojamos doz\u0117s.<\/div>\n<p>&nbsp;<\/p>\n","protected":false},"excerpt":{"rendered":"<div>\u201eSwedish Supplements Chromium\u201c \u2013 tai kapsul\u0117se pateikta chromo forma (chromo pikolinatas)<\/div>\n<div><\/div>\n<div><strong>Pagrindin\u0117s savyb\u0117s:<\/strong><\/div>\n<p>&nbsp;<\/p>\n<ul>\n<li>Chromas prisideda prie normalaus gliukoz\u0117s kiekio kraujyje palaikymo<\/li>\n<li>Chromas padeda i\u0161laikyti normali\u0105 maistini\u0173 med\u017eiag\u0173 apykait\u0105<\/li>\n<\/ul>\n","protected":false},"featured_media":43459,"comment_status":"open","ping_status":"closed","template":"","meta":{"inline_featured_image":false},"product_brand":[],"product_cat":[159,120],"product_tag":[],"class_list":{"0":"post-43457","1":"product","2":"type-product","3":"status-publish","4":"has-post-thumbnail","6":"product_cat-akcijos","7":"product_cat-svorio-kontrolei","9":"first","10":"instock","11":"sale","12":"shipping-taxable","13":"purchasable","14":"product-type-simple"},"_links":{"self":[{"href":"https:\/\/loosen.lt\/lv\/wp-json\/wp\/v2\/product\/43457","targetHints":{"allow":["GET"]}}],"collection":[{"href":"https:\/\/loosen.lt\/lv\/wp-json\/wp\/v2\/product"}],"about":[{"href":"https:\/\/loosen.lt\/lv\/wp-json\/wp\/v2\/types\/product"}],"replies":[{"embeddable":true,"href":"https:\/\/loosen.lt\/lv\/wp-json\/wp\/v2\/comments?post=43457"}],"wp:featuredmedia":[{"embeddable":true,"href":"https:\/\/loosen.lt\/lv\/wp-json\/wp\/v2\/media\/43459"}],"wp:attachment":[{"href":"https:\/\/loosen.lt\/lv\/wp-json\/wp\/v2\/media?parent=43457"}],"wp:term":[{"taxonomy":"product_brand","embeddable":true,"href":"https:\/\/loosen.lt\/lv\/wp-json\/wp\/v2\/product_brand?post=43457"},{"taxonomy":"product_cat","embeddable":true,"href":"https:\/\/loosen.lt\/lv\/wp-json\/wp\/v2\/product_cat?post=43457"},{"taxonomy":"product_tag","embeddable":true,"href":"https:\/\/loosen.lt\/lv\/wp-json\/wp\/v2\/product_tag?post=43457"}],"curies":[{"name":"wp","href":"https:\/\/api.w.org\/{rel}","templated":true}]}}