{"id":43462,"date":"2026-04-29T21:13:45","date_gmt":"2026-04-29T21:13:45","guid":{"rendered":"https:\/\/loosen.lt\/?post_type=product&#038;p=43462"},"modified":"2026-04-29T21:13:45","modified_gmt":"2026-04-29T21:13:45","slug":"scitec-chromium-picolinate-100-tableciu","status":"publish","type":"product","link":"https:\/\/loosen.lt\/lv\/produkts\/scitec-chromium-picolinate-100-tableciu\/","title":{"rendered":"Scitec Chromium Picolinate \u2013 100 table\u010di\u0173"},"content":{"rendered":"<div><strong>Sudedamosios dalys:<\/strong> u\u017epildan\u010dios med\u017eiagos (kalcio fosfatai, celiulioz\u0117s gelis), kapsul\u0117s apvalkalas (stabilizatoriai \u2013 polivinilo alkoholio ir polietilenglikolio kopolimeras; lipnum\u0105 ma\u017einan\u010dios med\u017eiagos \u2013 talkas, riebal\u0173 r\u016bg\u0161\u010di\u0173 mono- ir digliceridai), lipnum\u0105 reguliuojan\u010dios med\u017eiagos (magnio riebal\u0173 r\u016bg\u0161\u010di\u0173 druskos, silicio dioksidas), chromo pikolinatas.<\/div>\n<div><\/div>\n<div><strong>Alergenai:<\/strong> Produktas pagamintas gamykloje, kurioje taip pat apdorojami pieno, kiau\u0161ini\u0173, glitimo, sojos, \u017eem\u0117s rie\u0161ut\u0173, \u012fvairi\u0173 rie\u0161ut\u0173, salier\u0173, \u017euvies, v\u0117\u017eiagyvi\u0173, moliusk\u0173 bei sieros dioksido turintys ingredientai.<\/div>\n<div>\n<table>\n<tbody>\n<tr>\n<td width=\"321\">Maistin\u0117 vert\u0117<\/td>\n<td width=\"321\">1 kapsul\u0117je<\/td>\n<\/tr>\n<tr>\n<td width=\"321\">Chromo<\/td>\n<td width=\"321\">200 \u00b5g (500%*)<\/td>\n<\/tr>\n<\/tbody>\n<\/table>\n<div>*referencin\u0117 maistin\u0117 vert\u0117<\/div>\n<div><\/div>\n<div><strong>Vartojimas:<\/strong> Rekomenduojama vartoti po 1 tablet\u0119 per par\u0105, u\u017esigeriant stikline vandens.<\/div>\n<div><\/div>\n<div><strong>Laikymo s\u0105lygos:<\/strong><\/div>\n<div><\/div>\n<div>Laikyti v\u0117sioje, sausoje vietoje. Laikyti vaikams nepasiekiamoje vietoje.<\/div>\n<div>Gamintojas:\u00a0 SCITEC NUTRITION, P.O. Box 431975, Majamis, Florida, 33243 USA.<\/div>\n<div>Grynas kiekis:\u00a0 100 table\u010di\u0173 (75 g).<\/div>\n<div>Geriausias iki (termino pabaigos): geriausias vartoti iki termino, nurodyto ant pakuot\u0117s \u0161ono, vir\u0161aus arba jos apa\u010dioje.<\/div>\n<div><\/div>\n<div><strong>\u012esp\u0117jimas:<\/strong><\/div>\n<div><\/div>\n<div>Maisto papildas n\u0117ra maisto pakaitalas. Svarbu \u012fvairi ir subalansuota mityba bei sveikas gyvenimo b\u016bdas. Jeigu esate n\u0117\u0161\u010dia, maitinate kr\u016btimi ar vartojate kitus vaistus, prie\u0161 vartojim\u0105 pasitarkite su gydytoju ar vaistininku. Nevir\u0161ykite nustatytos rekomenduojamos doz\u0117s.<\/div>\n<\/div>\n","protected":false},"excerpt":{"rendered":"<div>\u201eScitec Chromium Picolinate\u201c \u2013 tai kapsul\u0117se pateiktas maisto papildas, kurio veiklioji med\u017eiaga yra chromo pikolinatas<\/div>\n<div><\/div>\n<div><strong>Pagrindin\u0117s savyb\u0117s:<\/strong><\/div>\n<div><\/div>\n<ul>\n<li>Chromas prisideda prie normalaus gliukoz\u0117s kiekio kraujyje palaikymo<\/li>\n<li>Chromas padeda i\u0161laikyti normali\u0105 maistini\u0173 med\u017eiag\u0173 apykait\u0105<\/li>\n<\/ul>\n","protected":false},"featured_media":43464,"comment_status":"open","ping_status":"closed","template":"","meta":{"inline_featured_image":false},"product_brand":[],"product_cat":[159,120],"product_tag":[],"class_list":{"0":"post-43462","1":"product","2":"type-product","3":"status-publish","4":"has-post-thumbnail","6":"product_cat-akcijos","7":"product_cat-svorio-kontrolei","9":"first","10":"instock","11":"sale","12":"shipping-taxable","13":"purchasable","14":"product-type-simple"},"_links":{"self":[{"href":"https:\/\/loosen.lt\/lv\/wp-json\/wp\/v2\/product\/43462","targetHints":{"allow":["GET"]}}],"collection":[{"href":"https:\/\/loosen.lt\/lv\/wp-json\/wp\/v2\/product"}],"about":[{"href":"https:\/\/loosen.lt\/lv\/wp-json\/wp\/v2\/types\/product"}],"replies":[{"embeddable":true,"href":"https:\/\/loosen.lt\/lv\/wp-json\/wp\/v2\/comments?post=43462"}],"wp:featuredmedia":[{"embeddable":true,"href":"https:\/\/loosen.lt\/lv\/wp-json\/wp\/v2\/media\/43464"}],"wp:attachment":[{"href":"https:\/\/loosen.lt\/lv\/wp-json\/wp\/v2\/media?parent=43462"}],"wp:term":[{"taxonomy":"product_brand","embeddable":true,"href":"https:\/\/loosen.lt\/lv\/wp-json\/wp\/v2\/product_brand?post=43462"},{"taxonomy":"product_cat","embeddable":true,"href":"https:\/\/loosen.lt\/lv\/wp-json\/wp\/v2\/product_cat?post=43462"},{"taxonomy":"product_tag","embeddable":true,"href":"https:\/\/loosen.lt\/lv\/wp-json\/wp\/v2\/product_tag?post=43462"}],"curies":[{"name":"wp","href":"https:\/\/api.w.org\/{rel}","templated":true}]}}