{"id":43482,"date":"2026-04-29T21:46:14","date_gmt":"2026-04-29T21:46:14","guid":{"rendered":"https:\/\/loosen.lt\/?post_type=product&#038;p=43482"},"modified":"2026-04-29T21:46:14","modified_gmt":"2026-04-29T21:46:14","slug":"swedish-supplements-ashwagandha-60-kapsuliu","status":"publish","type":"product","link":"https:\/\/loosen.lt\/lv\/produkts\/swedish-supplements-ashwagandha-60-kapsuliu\/","title":{"rendered":"Swedish Supplements Ashwagandha \u2013 60 kapsuli\u0173"},"content":{"rendered":"<p><strong>Sudedamosios dalys:<\/strong> A\u0161vagandos \u0161aknies ekstraktas (Withania somnifera, standartizuotas iki 7 % vitanolid\u0173), lipnum\u0105 ma\u017einanti med\u017eiaga (magnio stearatas), augalin\u0117s kilm\u0117s kapsul\u0117s apvalkalas (hidroksipropilmetilceliulioz\u0117).<\/p>\n<table>\n<tbody>\n<tr>\n<td width=\"160\">Maistin\u0117 vert\u0117<\/td>\n<td width=\"160\">1 kapsul\u0117je<\/td>\n<td width=\"160\">3 kapsul\u0117se<\/td>\n<\/tr>\n<tr>\n<td width=\"160\">A\u0161vagandos \u0161aknies milteli\u0173 ekstraktas<\/td>\n<td width=\"160\">400mg<\/td>\n<td width=\"160\">1200mg<\/td>\n<\/tr>\n<\/tbody>\n<\/table>\n<p>&nbsp;<\/p>\n<div><strong>Vartojimas:<\/strong> Rekomenduojama vartoti po 1 kapsul\u0119 su maistu. Per par\u0105 nevir\u0161yti 3 kapsuli\u0173.<\/div>\n<div><\/div>\n<div><strong>Laikymo s\u0105lygos:<\/strong><\/div>\n<div><\/div>\n<div>Laikyti v\u0117sioje, sausoje vietoje. Laikyti vaikams nepasiekiamoje vietoje.<\/div>\n<div>Gamintojas:\u00a0 Swedish Supplements AB, Kvistvagen 2, 433 48 Partille. \u0160vedija.<\/div>\n<div>Grynas kiekis: 60 kapsuli\u0173<\/div>\n<div>Geriausias iki (termino pabaigos): geriausias vartoti iki termino, nurodyto ant pakuot\u0117s \u0161ono, vir\u0161aus arba jos apa\u010dioje.<\/div>\n<div>Partija: \u017er. ant pakuot\u0117s.<\/div>\n<div><\/div>\n<div><strong>\u012esp\u0117jimas:<\/strong><\/div>\n<div><\/div>\n<div>Maisto papildas n\u0117ra maisto pakaitalas. Svarbu \u012fvairi ir subalansuota mityba bei sveikas gyvenimo b\u016bdas. Jeigu esate n\u0117\u0161\u010dia, maitinate kr\u016btimi ar vartojate kitus vaistus, prie\u0161 vartojim\u0105 pasitarkite su gydytoju ar vaistininku. Nevir\u0161ykite nustatytos rekomenduojamos doz\u0117s.<\/div>\n","protected":false},"excerpt":{"rendered":"<div>\u201eSwedish Supplements Ashwagandha\u201c \u2013 tai kapsul\u0117se pateiktas migdomosios vitanijos (a\u0161vagandos) \u0161akn\u0173 ekstraktas<\/div>\n<div><\/div>\n<div><strong>Pagridin\u0117s savyb\u0117s:<\/strong><\/div>\n<div><\/div>\n<ul>\n<li>A\u0161vaganda padeda palaikyti normali\u0105 nerv\u0173 sistemos veikl\u0105<\/li>\n<li>A\u0161vaganda padeda palaikyti normali\u0105 psichologin\u0119 funkcij\u0105<\/li>\n<li>A\u0161vaganda padeda palaikyti normali\u0105 miego kokyb\u0119<\/li>\n<li>A\u0161vaganda padeda palaikyti normali\u0105 protin\u0119 ir pa\u017einimo funkcij\u0105<\/li>\n<li>A\u0161vaganda padeda palaikyti normali\u0105 energijos apykait\u0105<\/li>\n<li>A\u0161vaganda padeda palaikyti normali\u0105 \u0161irdies ir kraujagysli\u0173 funkcij\u0105<\/li>\n<\/ul>\n","protected":false},"featured_media":43484,"comment_status":"open","ping_status":"closed","template":"","meta":{"inline_featured_image":false},"product_brand":[],"product_cat":[117],"product_tag":[],"class_list":{"0":"post-43482","1":"product","2":"type-product","3":"status-publish","4":"has-post-thumbnail","6":"product_cat-nervu-sistemai","8":"first","9":"instock","10":"sale","11":"shipping-taxable","12":"purchasable","13":"product-type-simple"},"_links":{"self":[{"href":"https:\/\/loosen.lt\/lv\/wp-json\/wp\/v2\/product\/43482","targetHints":{"allow":["GET"]}}],"collection":[{"href":"https:\/\/loosen.lt\/lv\/wp-json\/wp\/v2\/product"}],"about":[{"href":"https:\/\/loosen.lt\/lv\/wp-json\/wp\/v2\/types\/product"}],"replies":[{"embeddable":true,"href":"https:\/\/loosen.lt\/lv\/wp-json\/wp\/v2\/comments?post=43482"}],"wp:featuredmedia":[{"embeddable":true,"href":"https:\/\/loosen.lt\/lv\/wp-json\/wp\/v2\/media\/43484"}],"wp:attachment":[{"href":"https:\/\/loosen.lt\/lv\/wp-json\/wp\/v2\/media?parent=43482"}],"wp:term":[{"taxonomy":"product_brand","embeddable":true,"href":"https:\/\/loosen.lt\/lv\/wp-json\/wp\/v2\/product_brand?post=43482"},{"taxonomy":"product_cat","embeddable":true,"href":"https:\/\/loosen.lt\/lv\/wp-json\/wp\/v2\/product_cat?post=43482"},{"taxonomy":"product_tag","embeddable":true,"href":"https:\/\/loosen.lt\/lv\/wp-json\/wp\/v2\/product_tag?post=43482"}],"curies":[{"name":"wp","href":"https:\/\/api.w.org\/{rel}","templated":true}]}}