{"id":43487,"date":"2026-04-29T21:45:22","date_gmt":"2026-04-29T21:45:22","guid":{"rendered":"https:\/\/loosen.lt\/?post_type=product&#038;p=43487"},"modified":"2026-04-29T21:45:22","modified_gmt":"2026-04-29T21:45:22","slug":"swanson-vitaminas-k2-100-mcg-naturalus-30-kapsuliu","status":"publish","type":"product","link":"https:\/\/loosen.lt\/lv\/produkts\/swanson-vitaminas-k2-100-mcg-naturalus-30-kapsuliu\/","title":{"rendered":"Swanson VITAMINAS K2 100 MCG (NAT\u016aRALUS) \u2013 30 kapsuli\u0173"},"content":{"rendered":"<p><strong>Sudedamosios dalys:<\/strong> vitaminas K2 (menachinonas-7, gaunamas i\u0161 soj\u0173), augalinis (saul\u0117gr\u0105\u017e\u0173) aliejus, kapsul\u0117s apvalkalas (\u017eelatina), dr\u0117gm\u0119 sulaikanti med\u017eiaga (glicerolis), pavir\u0161iaus dengimo med\u017eiaga (bi\u010di\u0173 va\u0161kas), i\u0161valytas vanduo, emulsiklis (saul\u0117gr\u0105\u017e\u0173 lecitinas), sald\u017eiosios ceratonijos (karobo) ekstraktas, gliukoz\u0117s-fruktoz\u0117s (kukur\u016bz\u0173) sirupas, karamelinis da\u017eiklis, r\u016bg\u0161tingum\u0105 reguliuojanti med\u017eiaga (dikalcio fosfatas).<\/p>\n<table>\n<tbody>\n<tr>\n<td width=\"321\">Maistin\u0117 vert\u0117<\/td>\n<td width=\"321\">1 kapsul\u0117je<\/td>\n<\/tr>\n<tr>\n<td width=\"321\">Vitaminas K2<\/td>\n<td width=\"321\">100\u00b5g*<\/td>\n<\/tr>\n<\/tbody>\n<\/table>\n<div>* \u2013 referencin\u0117 maistin\u0117 vert\u0117 134 proc.<\/div>\n<div><\/div>\n<div><strong>Vartojimas:<\/strong> Rekomenduojama vartoti po vien\u0105 kapsul\u0119 kart\u0105 per dien\u0105, u\u017egeriant pakankamu kiekiu vandens.<\/div>\n<div><\/div>\n<div><strong>Laikymo s\u0105lygos:<\/strong><\/div>\n<div><\/div>\n<div>Laikyti v\u0117sioje, sausoje vietoje. Laikyti vaikams nepasiekiamoje vietoje.<\/div>\n<div>Gamintojas: Swanson Health Products Inc., JAV.<\/div>\n<div>Grynas kiekis: 30 kapsuli\u0173<\/div>\n<div>Geriausias iki (termino pabaigos): geriausias vartoti iki termino, nurodyto ant pakuot\u0117s \u0161ono, vir\u0161aus arba jos apa\u010dioje.<\/div>\n<div><\/div>\n<div><strong>\u012esp\u0117jimas:<\/strong><\/div>\n<div><\/div>\n<div>Maisto papildas n\u0117ra maisto pakaitalas. Svarbu \u012fvairi ir subalansuota mityba bei sveikas gyvenimo b\u016bdas. Jeigu esate n\u0117\u0161\u010dia, maitinate kr\u016btimi ar vartojate kitus vaistus, prie\u0161 vartojim\u0105 pasitarkite su gydytoju ar vaistininku. Nevir\u0161ykite nustatytos rekomenduojamos doz\u0117s.<\/div>\n<p>&nbsp;<\/p>\n","protected":false},"excerpt":{"rendered":"<div>JAV pagamintas \u201eSwanson\u201c vitaminas K2 i\u0161siskiria auk\u0161tais kokyb\u0117s standartais, o ilgamet\u0117 gamintojo patirtis u\u017etikrina patikim\u0105 ir efektyv\u0173 produkt\u0105<\/div>\n<div><\/div>\n<div><strong>Pagrindin\u0117s savyb\u0117s:<\/strong><\/div>\n<p>&nbsp;<\/p>\n<ul>\n<li>Padeda palaikyti normal\u0173 kraujo kre\u0161\u0117jim\u0105<\/li>\n<li>Padeda palaikyti normali\u0105 kaul\u0173 b\u016bkl\u0119<\/li>\n<\/ul>\n","protected":false},"featured_media":43489,"comment_status":"open","ping_status":"closed","template":"","meta":{"inline_featured_image":false},"product_brand":[],"product_cat":[115],"product_tag":[],"class_list":{"0":"post-43487","1":"product","2":"type-product","3":"status-publish","4":"has-post-thumbnail","6":"product_cat-sirdziai-ir-kraujotakai","8":"first","9":"instock","10":"sale","11":"shipping-taxable","12":"purchasable","13":"product-type-simple"},"_links":{"self":[{"href":"https:\/\/loosen.lt\/lv\/wp-json\/wp\/v2\/product\/43487","targetHints":{"allow":["GET"]}}],"collection":[{"href":"https:\/\/loosen.lt\/lv\/wp-json\/wp\/v2\/product"}],"about":[{"href":"https:\/\/loosen.lt\/lv\/wp-json\/wp\/v2\/types\/product"}],"replies":[{"embeddable":true,"href":"https:\/\/loosen.lt\/lv\/wp-json\/wp\/v2\/comments?post=43487"}],"wp:featuredmedia":[{"embeddable":true,"href":"https:\/\/loosen.lt\/lv\/wp-json\/wp\/v2\/media\/43489"}],"wp:attachment":[{"href":"https:\/\/loosen.lt\/lv\/wp-json\/wp\/v2\/media?parent=43487"}],"wp:term":[{"taxonomy":"product_brand","embeddable":true,"href":"https:\/\/loosen.lt\/lv\/wp-json\/wp\/v2\/product_brand?post=43487"},{"taxonomy":"product_cat","embeddable":true,"href":"https:\/\/loosen.lt\/lv\/wp-json\/wp\/v2\/product_cat?post=43487"},{"taxonomy":"product_tag","embeddable":true,"href":"https:\/\/loosen.lt\/lv\/wp-json\/wp\/v2\/product_tag?post=43487"}],"curies":[{"name":"wp","href":"https:\/\/api.w.org\/{rel}","templated":true}]}}