{"id":43527,"date":"2026-04-29T21:29:30","date_gmt":"2026-04-29T21:29:30","guid":{"rendered":"https:\/\/loosen.lt\/?post_type=product&#038;p=43527"},"modified":"2026-04-29T21:29:30","modified_gmt":"2026-04-29T21:29:30","slug":"swanson-cordyceps-600mg-120-kapsuliu","status":"publish","type":"product","link":"https:\/\/loosen.lt\/lv\/produkts\/swanson-cordyceps-600mg-120-kapsuliu\/","title":{"rendered":"Swanson Cordyceps 600mg -120 kapsuli\u0173"},"content":{"rendered":"<p><strong>Sudedamosios dalys:<\/strong> kininio kordicepso miceli\u0173 ekstraktas, kapsul\u0117s apvalkalas (\u017eelatina), pagalbin\u0117s med\u017eiagos: mikrokristalin\u0117 celiulioz\u0117, magnio stearatas.<\/p>\n<table>\n<tbody>\n<tr>\n<td width=\"321\">Maistin\u0117 vert\u0117<\/td>\n<td width=\"321\">2 kapsul\u0117se<\/td>\n<\/tr>\n<tr>\n<td width=\"321\">Kininio kordcepso miceli\u0173 ekstraktas (Cordyceps Sinensis)<\/td>\n<td width=\"321\">1200mg<\/td>\n<\/tr>\n<\/tbody>\n<\/table>\n<p>&nbsp;<\/p>\n<div><strong>Vartojimas:<\/strong> suaugusiems po 2 kapsules 1\u20132 kartus per dien\u0105, u\u017egeriant vandeniu.<\/div>\n<div><\/div>\n<div><strong>Laikymo s\u0105lygos:<\/strong><\/div>\n<div><\/div>\n<div>Laikyti v\u0117sioje, sausoje vietoje. Laikyti vaikams nepasiekiamoje vietoje.<\/div>\n<div>Gamintojas: Swanson Health Products Inc., JAV.<\/div>\n<div>Grynas kiekis: 93 g (120 kapsuli\u0173).<\/div>\n<div>Geriausias iki (termino pabaigos): geriausias vartoti iki termino, nurodyto ant pakuot\u0117s \u0161ono, vir\u0161aus arba jos apa\u010dioje.<\/div>\n<div><\/div>\n<div><strong>\u012esp\u0117jimas:<\/strong><\/div>\n<div><\/div>\n<div>Maisto papildas n\u0117ra maisto pakaitalas. Svarbu \u012fvairi ir subalansuota mityba bei sveikas gyvenimo b\u016bdas. Jeigu esate n\u0117\u0161\u010dia, maitinate kr\u016btimi ar vartojate kitus vaistus, prie\u0161 vartojim\u0105 pasitarkite su gydytoju ar vaistininku. Nevir\u0161ykite nustatytos rekomenduojamos doz\u0117s.<\/div>\n","protected":false},"excerpt":{"rendered":"<div>Swanson Cordyceps 600 mg \u2013 Cordyceps sinensis mikelio ekstraktas<\/div>\n<div><\/div>\n<div><strong>Pagrindin\u0117s savyb\u0117s:<\/strong><\/div>\n<div><\/div>\n<ul>\n<li>Grybin\u0117s kilm\u0117s ingredientas<\/li>\n<li>Tradici\u0161kai naudojamas Ryt\u0173 Azijos kult\u016brose<\/li>\n<li>Tinkamas aktyv\u0173 gyvenimo b\u016bd\u0105 pasirinkusiems \u017emon\u0117ms<\/li>\n<li>Maisto papildas, skirtas kasdien\u0117s mitybos papildymui<\/li>\n<\/ul>\n","protected":false},"featured_media":43529,"comment_status":"open","ping_status":"closed","template":"","meta":{"inline_featured_image":false},"product_brand":[],"product_cat":[119],"product_tag":[],"class_list":{"0":"post-43527","1":"product","2":"type-product","3":"status-publish","4":"has-post-thumbnail","6":"product_cat-energijai","8":"first","9":"instock","10":"sale","11":"shipping-taxable","12":"purchasable","13":"product-type-simple"},"_links":{"self":[{"href":"https:\/\/loosen.lt\/lv\/wp-json\/wp\/v2\/product\/43527","targetHints":{"allow":["GET"]}}],"collection":[{"href":"https:\/\/loosen.lt\/lv\/wp-json\/wp\/v2\/product"}],"about":[{"href":"https:\/\/loosen.lt\/lv\/wp-json\/wp\/v2\/types\/product"}],"replies":[{"embeddable":true,"href":"https:\/\/loosen.lt\/lv\/wp-json\/wp\/v2\/comments?post=43527"}],"wp:featuredmedia":[{"embeddable":true,"href":"https:\/\/loosen.lt\/lv\/wp-json\/wp\/v2\/media\/43529"}],"wp:attachment":[{"href":"https:\/\/loosen.lt\/lv\/wp-json\/wp\/v2\/media?parent=43527"}],"wp:term":[{"taxonomy":"product_brand","embeddable":true,"href":"https:\/\/loosen.lt\/lv\/wp-json\/wp\/v2\/product_brand?post=43527"},{"taxonomy":"product_cat","embeddable":true,"href":"https:\/\/loosen.lt\/lv\/wp-json\/wp\/v2\/product_cat?post=43527"},{"taxonomy":"product_tag","embeddable":true,"href":"https:\/\/loosen.lt\/lv\/wp-json\/wp\/v2\/product_tag?post=43527"}],"curies":[{"name":"wp","href":"https:\/\/api.w.org\/{rel}","templated":true}]}}