{"id":43532,"date":"2026-04-29T21:28:49","date_gmt":"2026-04-29T21:28:49","guid":{"rendered":"https:\/\/loosen.lt\/?post_type=product&#038;p=43532"},"modified":"2026-04-29T21:28:49","modified_gmt":"2026-04-29T21:28:49","slug":"swanson-gaba-500mg-100-kapsuliu","status":"publish","type":"product","link":"https:\/\/loosen.lt\/lv\/produkts\/swanson-gaba-500mg-100-kapsuliu\/","title":{"rendered":"Swanson Gaba 500mg \u2013 100 kapsuli\u0173"},"content":{"rendered":"<p><strong>Sudedamosios med\u017eiagos:<\/strong> Gama-amino sviesto r\u016bg\u0161tis (GABA), \u017eelatina ir riebal\u0173 r\u016bg\u0161\u010di\u0173 magnio druskos kaip emulsiklis.<\/p>\n<table>\n<tbody>\n<tr>\n<td width=\"321\">Maistin\u0117 vert\u0117<\/td>\n<td width=\"321\">1 kapsul\u0117je<\/td>\n<\/tr>\n<tr>\n<td width=\"321\">Gama-amino sviesto r\u016bg\u0161tis<\/td>\n<td width=\"321\">500mg<\/td>\n<\/tr>\n<\/tbody>\n<\/table>\n<p>&nbsp;<\/p>\n<div><strong>Vartojimas:<\/strong> Suaugusiems rekomenduojama vartoti po 1 kapsul\u0119 vien\u0105 kart\u0105 per dien\u0105 valgymo metu, u\u017egeriant pakankamu kiekiu vandens.<\/div>\n<div><\/div>\n<div><strong>Laikymo s\u0105lygos:<\/strong><\/div>\n<div><\/div>\n<div>Laikyti v\u0117sioje, sausoje vietoje. Laikyti vaikams nepasiekiamoje vietoje.<\/div>\n<div>Gamintojas: Swanson Health Products Inc., JAV.<\/div>\n<div>Grynas kiekis: 65 g (100 kapsuli\u0173).<\/div>\n<div>Geriausias iki (termino pabaigos): geriausias vartoti iki termino, nurodyto ant pakuot\u0117s \u0161ono, vir\u0161aus arba jos apa\u010dioje.<\/div>\n<div><\/div>\n<div><strong>\u012esp\u0117jimas:<\/strong><\/div>\n<div><\/div>\n<div>Maisto papildas n\u0117ra maisto pakaitalas. Svarbu \u012fvairi ir subalansuota mityba bei sveikas gyvenimo b\u016bdas. Jeigu esate n\u0117\u0161\u010dia, maitinate kr\u016btimi ar vartojate kitus vaistus, prie\u0161 vartojim\u0105 pasitarkite su gydytoju ar vaistininku. Nevir\u0161ykite nustatytos rekomenduojamos doz\u0117s.<\/div>\n","protected":false},"excerpt":{"rendered":"<div>Swanson GABA N100 \u2013 maisto papildas, pagamintas JAV pagal grie\u017e\u010diausius kokyb\u0117s standartus<\/div>\n<div><\/div>\n<div><strong>Pagrindin\u0117s savyb\u0117s:<\/strong><\/div>\n<div><\/div>\n<ul>\n<li>dalyvauja nerv\u0173 signal\u0173 reguliavime<\/li>\n<li>padeda palaikyti nat\u016brali\u0105 nerv\u0173 sistemos funkcij\u0105<\/li>\n<li>palaiko bendr\u0105 savijaut\u0105<\/li>\n<\/ul>\n","protected":false},"featured_media":43534,"comment_status":"open","ping_status":"closed","template":"","meta":{"inline_featured_image":false},"product_brand":[],"product_cat":[117],"product_tag":[],"class_list":{"0":"post-43532","1":"product","2":"type-product","3":"status-publish","4":"has-post-thumbnail","6":"product_cat-nervu-sistemai","8":"first","9":"instock","10":"sale","11":"shipping-taxable","12":"purchasable","13":"product-type-simple"},"_links":{"self":[{"href":"https:\/\/loosen.lt\/lv\/wp-json\/wp\/v2\/product\/43532","targetHints":{"allow":["GET"]}}],"collection":[{"href":"https:\/\/loosen.lt\/lv\/wp-json\/wp\/v2\/product"}],"about":[{"href":"https:\/\/loosen.lt\/lv\/wp-json\/wp\/v2\/types\/product"}],"replies":[{"embeddable":true,"href":"https:\/\/loosen.lt\/lv\/wp-json\/wp\/v2\/comments?post=43532"}],"wp:featuredmedia":[{"embeddable":true,"href":"https:\/\/loosen.lt\/lv\/wp-json\/wp\/v2\/media\/43534"}],"wp:attachment":[{"href":"https:\/\/loosen.lt\/lv\/wp-json\/wp\/v2\/media?parent=43532"}],"wp:term":[{"taxonomy":"product_brand","embeddable":true,"href":"https:\/\/loosen.lt\/lv\/wp-json\/wp\/v2\/product_brand?post=43532"},{"taxonomy":"product_cat","embeddable":true,"href":"https:\/\/loosen.lt\/lv\/wp-json\/wp\/v2\/product_cat?post=43532"},{"taxonomy":"product_tag","embeddable":true,"href":"https:\/\/loosen.lt\/lv\/wp-json\/wp\/v2\/product_tag?post=43532"}],"curies":[{"name":"wp","href":"https:\/\/api.w.org\/{rel}","templated":true}]}}