{"id":43552,"date":"2026-04-29T21:22:54","date_gmt":"2026-04-29T21:22:54","guid":{"rendered":"https:\/\/loosen.lt\/?post_type=product&#038;p=43552"},"modified":"2026-04-29T21:22:54","modified_gmt":"2026-04-29T21:22:54","slug":"biotech-multisalt-60-kapsuliu","status":"publish","type":"product","link":"https:\/\/loosen.lt\/lv\/produkts\/biotech-multisalt-60-kapsuliu\/","title":{"rendered":"BioTech MultiSalt \u2013 60 kapsuli\u0173"},"content":{"rendered":"<div><strong>Sudedamosios dalys:<\/strong> natrio chloridas (26,2 %), magnio oksidas (26 %), kalio chloridas (25 %), maltodekstrinas; kapsul\u0117 pagaminta i\u0161 \u017eelatinos su glaz\u016bravimo med\u017eiaga (\u0161elakas) ir nat\u016braliu da\u017eikliu (gele\u017eies oksidai bei hidroksidai); taip pat pridedamos r\u016bg\u0161tingum\u0105 reguliuojan\u010dios med\u017eiagos (amonio ir kalio hidroksidai), kalcio druskos i\u0161 ortofosforo r\u016bg\u0161ties bei lipnum\u0105 ma\u017einanti med\u017eiaga (silicio dioksidas).<\/div>\n<div><\/div>\n<div><strong>Alergenai:<\/strong> gali tur\u0117ti p\u0117dsak\u0173 pieno (\u012fskaitant laktoz\u0119), soj\u0173, \u017eem\u0117s rie\u0161ut\u0173, kit\u0173 rie\u0161ut\u0173, sezamo s\u0117kl\u0173, glitimo turin\u010di\u0173 gr\u016bd\u0173, kiau\u0161ini\u0173, v\u0117\u017eiagyvi\u0173 ir \u017euvies.<\/div>\n<div><\/div>\n<div>\n<table>\n<tbody>\n<tr>\n<td width=\"321\">Maistin\u0117 vert\u0117<\/td>\n<td width=\"321\">2 kapsul\u0117se<\/td>\n<\/tr>\n<tr>\n<td width=\"321\">Natris<\/td>\n<td width=\"321\">230mg<\/td>\n<\/tr>\n<tr>\n<td width=\"321\">Magnis<\/td>\n<td width=\"321\">350mg (93%*)<\/td>\n<\/tr>\n<tr>\n<td width=\"321\">Kalis<\/td>\n<td width=\"321\">300mg (15%*)<\/td>\n<\/tr>\n<tr>\n<td width=\"321\">Chloridas<\/td>\n<td width=\"321\">626 mg (78%*)<\/td>\n<\/tr>\n<tr>\n<td width=\"321\">*referencin\u0117 maistin\u0117 vert\u0117<\/td>\n<td width=\"321\">&nbsp;<\/td>\n<\/tr>\n<\/tbody>\n<\/table>\n<\/div>\n<p>&nbsp;<\/p>\n<div><strong>Vartojimas:<\/strong> vartokite po 1 kapsul\u0119 prie\u0161 ir po intensyvaus fizinio kr\u016bvio, kuris sukelia didel\u012f skys\u010di\u0173 ir elektrolit\u0173 netekim\u0105, u\u017egerdami ma\u017edaug puse litro vandens. Nevir\u0161ykite rekomenduojamos doz\u0117s.<\/div>\n<div><\/div>\n<div><strong>Laikymo s\u0105lygos:<\/strong><\/div>\n<div><\/div>\n<div>Laikyti v\u0117sioje, sausoje vietoje. Laikyti vaikams nepasiekiamoje vietoje.<\/div>\n<div>Gamintojas: BioTech USA Kft. 1033 Budapest, Huszti ut 60., Vengrija.<\/div>\n<div>Grynas kiekis:\u00a0 60\u00a0 kapsuli\u0173 (30 porcij\u0173).<\/div>\n<div>Geriausias iki (termino pabaigos): geriausias vartoti iki termino, nurodyto ant pakuot\u0117s \u0161ono, vir\u0161aus arba jos apa\u010dioje.<\/div>\n<div>Partija: \u017er. ant pakuot\u0117s.<\/div>\n<div><\/div>\n<div><strong>\u012esp\u0117jimas:<\/strong><\/div>\n<div><\/div>\n<div>Maisto papildas n\u0117ra maisto pakaitalas. Svarbu \u012fvairi ir subalansuota mityba bei sveikas gyvenimo b\u016bdas. Jeigu esate n\u0117\u0161\u010dia, maitinate kr\u016btimi ar vartojate kitus vaistus, prie\u0161 vartojim\u0105 pasitarkite su gydytoju ar vaistininku. Nevir\u0161ykite nustatytos rekomenduojamos doz\u0117s.<\/div>\n","protected":false},"excerpt":{"rendered":"<div>BioTech MultiSalt \u2013 tai kapsul\u0117se esantis mineral\u0173 kompleksas su natrio chloridu, magniu ir kaliu<\/div>\n<div><\/div>\n<div><strong>Pagrindin\u0117s savyb\u0117s:<\/strong><\/div>\n<div><\/div>\n<div><strong>Magnis<\/strong><\/div>\n<div><\/div>\n<ul>\n<li>Padeda ma\u017einti pavargimo jausm\u0105 ir nuovarg\u012f<\/li>\n<li>Padeda palaikyti normali\u0105 energijos apykait\u0105<\/li>\n<li>Padeda palaikyti normali\u0105 nerv\u0173 sistemos veikl\u0105<\/li>\n<li>Padeda i\u0161laikyti elektrolit\u0173 pusiausvyr\u0105<\/li>\n<\/ul>\n<div><\/div>\n<div><strong>Kalis<\/strong><\/div>\n<div><\/div>\n<ul>\n<li>Padeda palaikyti normal\u0173 kraujosp\u016bd\u012f<\/li>\n<li>Padeda palaikyti normal\u0173 raumen\u0173 funkcij\u0105<\/li>\n<li>Padeda palaikyti normali\u0105 \u0161irdies funkcij\u0105<\/li>\n<li>Padeda i\u0161laikyti elektrolit\u0173 pusiausvyr\u0105<\/li>\n<\/ul>\n<div><\/div>\n<div><strong>Natris<\/strong><\/div>\n<div><\/div>\n<ul>\n<li>Padeda palaikyti normal\u0173 skys\u010di\u0173 balans\u0105<\/li>\n<li>Padeda palaikyti nerv\u0173 sistemos funkcij\u0105<\/li>\n<li>Padeda palaikyti raumen\u0173 funkcij\u0105<\/li>\n<\/ul>\n<div><\/div>\n<div><strong>Chloridas<\/strong><\/div>\n<div><\/div>\n<ul>\n<li>Padeda palaikyti normal\u0173 skys\u010di\u0173 balans\u0105<\/li>\n<li>Padeda palaikyti normal\u0173 vir\u0161kinimo sul\u010di\u0173 pH<\/li>\n<\/ul>\n","protected":false},"featured_media":43554,"comment_status":"open","ping_status":"closed","template":"","meta":{"inline_featured_image":false},"product_brand":[],"product_cat":[118,124],"product_tag":[],"class_list":{"0":"post-43552","1":"product","2":"type-product","3":"status-publish","4":"has-post-thumbnail","6":"product_cat-raumenims","7":"product_cat-bendrai-sveikatai","9":"first","10":"instock","11":"sale","12":"shipping-taxable","13":"purchasable","14":"product-type-simple"},"_links":{"self":[{"href":"https:\/\/loosen.lt\/lv\/wp-json\/wp\/v2\/product\/43552","targetHints":{"allow":["GET"]}}],"collection":[{"href":"https:\/\/loosen.lt\/lv\/wp-json\/wp\/v2\/product"}],"about":[{"href":"https:\/\/loosen.lt\/lv\/wp-json\/wp\/v2\/types\/product"}],"replies":[{"embeddable":true,"href":"https:\/\/loosen.lt\/lv\/wp-json\/wp\/v2\/comments?post=43552"}],"wp:featuredmedia":[{"embeddable":true,"href":"https:\/\/loosen.lt\/lv\/wp-json\/wp\/v2\/media\/43554"}],"wp:attachment":[{"href":"https:\/\/loosen.lt\/lv\/wp-json\/wp\/v2\/media?parent=43552"}],"wp:term":[{"taxonomy":"product_brand","embeddable":true,"href":"https:\/\/loosen.lt\/lv\/wp-json\/wp\/v2\/product_brand?post=43552"},{"taxonomy":"product_cat","embeddable":true,"href":"https:\/\/loosen.lt\/lv\/wp-json\/wp\/v2\/product_cat?post=43552"},{"taxonomy":"product_tag","embeddable":true,"href":"https:\/\/loosen.lt\/lv\/wp-json\/wp\/v2\/product_tag?post=43552"}],"curies":[{"name":"wp","href":"https:\/\/api.w.org\/{rel}","templated":true}]}}