{"id":43562,"date":"2026-04-29T21:21:02","date_gmt":"2026-04-29T21:21:02","guid":{"rendered":"https:\/\/loosen.lt\/?post_type=product&#038;p=43562"},"modified":"2026-04-29T21:21:03","modified_gmt":"2026-04-29T21:21:03","slug":"activlab-amino-complex-300-tableciu","status":"publish","type":"product","link":"https:\/\/loosen.lt\/lv\/produkts\/activlab-amino-complex-300-tableciu\/","title":{"rendered":"ActivLab Amino Complex \u2013 300 table\u010di\u0173"},"content":{"rendered":"<div><strong>Sudedamosios dalys:<\/strong> sorbitolis, i\u0161r\u016bg\u0173 baltym\u0173 koncentratas (gautas i\u0161 pieno), kiau\u0161ini\u0173 baltymai, vi\u0161tienos baltym\u0173 hidrolizatas (11%), i\u0161r\u016bg\u0173 baltym\u0173 hidrolizatas (i\u0161 pieno), hidrolizuotas kolagenas, med\u017eiaga, reguliuojanti lipnum\u0105 \u2013 magnio druskos, gautos i\u0161 riebal\u0173 r\u016bg\u0161\u010di\u0173, kvapioji med\u017eiaga, r\u016bg\u0161tingum\u0105 reguliuojanti med\u017eiaga \u2013 citrin\u0173 r\u016bg\u0161tis, med\u017eiaga, reguliuojanti lipnum\u0105 \u2013 silicio dioksidas, saldiklis \u2013 sukraloz\u0117.<\/div>\n<div><\/div>\n<div><strong>Alergenai:<\/strong> pienas, kiau\u0161iniai. Gali b\u016bti p\u0117dsak\u0173 gr\u016bd\u0173 glitimo ir sojos pupeli\u0173.<\/div>\n<div><\/div>\n<div>\n<table>\n<tbody>\n<tr>\n<td width=\"321\">Maistin\u0117 vert\u0117<\/td>\n<td width=\"321\">12 tablet\u0117se<\/td>\n<\/tr>\n<tr>\n<td width=\"321\">Baltymai<\/td>\n<td width=\"321\">12 000mg<\/td>\n<\/tr>\n<tr>\n<td width=\"321\">i\u0161 kuri\u0173 aminor\u016b\u0161\u010di\u0173:<\/td>\n<td width=\"321\">&nbsp;<\/td>\n<\/tr>\n<tr>\n<td width=\"321\">L-leucinas<\/td>\n<td width=\"321\">830mg<\/td>\n<\/tr>\n<tr>\n<td width=\"321\">L-izoleucinas<\/td>\n<td width=\"321\">50mg<\/td>\n<\/tr>\n<tr>\n<td width=\"321\">L-lizinas<\/td>\n<td width=\"321\">775mg<\/td>\n<\/tr>\n<tr>\n<td width=\"321\">L-metioninas<\/td>\n<td width=\"321\">230mg<\/td>\n<\/tr>\n<tr>\n<td width=\"321\">L-fenilalaninas<\/td>\n<td width=\"321\">375mg<\/td>\n<\/tr>\n<tr>\n<td width=\"321\">L-treoninas<\/td>\n<td width=\"321\">490mg<\/td>\n<\/tr>\n<tr>\n<td width=\"321\">L-triptofanas<\/td>\n<td width=\"321\">130mg<\/td>\n<\/tr>\n<tr>\n<td width=\"321\">L-valinas<\/td>\n<td width=\"321\">490mg<\/td>\n<\/tr>\n<tr>\n<td width=\"321\">L-alaninas<\/td>\n<td width=\"321\">660mg<\/td>\n<\/tr>\n<tr>\n<td width=\"321\">L-argininas<\/td>\n<td width=\"321\">495mg<\/td>\n<\/tr>\n<tr>\n<td width=\"321\">L-asparto r\u016bg\u0161tis<\/td>\n<td width=\"321\">975mg<\/td>\n<\/tr>\n<tr>\n<td width=\"321\">L-cisteinas<\/td>\n<td width=\"321\">185mg<\/td>\n<\/tr>\n<tr>\n<td width=\"321\">L-glutaminas<\/td>\n<td width=\"321\">1490mg<\/td>\n<\/tr>\n<tr>\n<td width=\"321\">Glicinas<\/td>\n<td width=\"321\">755mg<\/td>\n<\/tr>\n<tr>\n<td width=\"321\">L-histidinas<\/td>\n<td width=\"321\">185mg<\/td>\n<\/tr>\n<tr>\n<td width=\"321\">L-prolinas<\/td>\n<td width=\"321\">710mg<\/td>\n<\/tr>\n<tr>\n<td width=\"321\">L-serinas<\/td>\n<td width=\"321\">495mg<\/td>\n<\/tr>\n<tr>\n<td width=\"321\">L-tirozinas<\/td>\n<td width=\"321\">280mg<\/td>\n<\/tr>\n<\/tbody>\n<\/table>\n<\/div>\n<p>&nbsp;<\/p>\n<p>&nbsp;<\/p>\n<div><strong>Vartojimas:<\/strong> rekomenduojama suvartoti 12 table\u010di\u0173 per par\u0105, geriausia padalijant \u012f tris dozes: 4 tabletes tu\u0161\u010diu skrand\u017eiu, 4 tabletes prie\u0161 treniruot\u0119 ir 4 tabletes po treniruot\u0117s. Nevir\u0161ykite nurodytos paros doz\u0117s. Per didelis vartojimas gali sukelti viduri\u0173 laisvinim\u0105.<\/div>\n<div><\/div>\n<div><strong>Laikymo s\u0105lygos:<\/strong><\/div>\n<div><\/div>\n<div>Laikyti v\u0117sioje, sausoje vietoje. Laikyti vaikams nepasiekiamoje vietoje.<\/div>\n<div>Gamintojas: UNIPRO Sp. z o. o., Targowisko 553, 32-015 K\u0142aj, Lenkija.<\/div>\n<div>Grynas kiekis: 300 table\u010di\u0173 (540 g).<\/div>\n<div>Geriausias iki (termino pabaigos): geriausias vartoti iki termino, nurodyto ant pakuot\u0117s \u0161ono, vir\u0161aus arba jos apa\u010dioje.<\/div>\n<div>Partija: \u017er. ant pakuot\u0117s.<\/div>\n<div><\/div>\n<div><strong>\u012esp\u0117jimas:<\/strong><\/div>\n<div><\/div>\n<div>Maisto papildas n\u0117ra maisto pakaitalas. Svarbu \u012fvairi ir subalansuota mityba bei sveikas gyvenimo b\u016bdas. Jeigu esate n\u0117\u0161\u010dia, maitinate kr\u016btimi ar vartojate kitus vaistus, prie\u0161 vartojim\u0105 pasitarkite su gydytoju ar vaistininku. Nevir\u0161ykite nustatytos rekomenduojamos doz\u0117s.<\/div>\n","protected":false},"excerpt":{"rendered":"<div>Activlab Amino Complex \u2013 tai auk\u0161tos kokyb\u0117s baltym\u0173 mi\u0161inys tablet\u0117mis, sudarytas i\u0161 i\u0161r\u016bg\u0173 baltym\u0173 koncentrato ir hidrolizato, kiau\u0161ini\u0173 albumino, vi\u0161tienos baltym\u0173 ir hidrolizuoto kolageno<\/div>\n<div><\/div>\n<div><strong>Pagrindin\u0117s savyb\u0117s:<\/strong><\/div>\n<div><\/div>\n<ul>\n<li>Padeda palaikyti raumen\u0173 augim\u0105 ir atstatym\u0105<\/li>\n<li>Prisideda prie normalaus baltym\u0173 apykaitos proceso<\/li>\n<li>Palaiko raumen\u0173 funkcij\u0105 ir atsigavim\u0105 po fizinio kr\u016bvio<\/li>\n<\/ul>\n","protected":false},"featured_media":43564,"comment_status":"open","ping_status":"closed","template":"","meta":{"inline_featured_image":false},"product_brand":[],"product_cat":[159,118],"product_tag":[],"class_list":{"0":"post-43562","1":"product","2":"type-product","3":"status-publish","4":"has-post-thumbnail","6":"product_cat-akcijos","7":"product_cat-raumenims","9":"first","10":"instock","11":"sale","12":"shipping-taxable","13":"purchasable","14":"product-type-simple"},"_links":{"self":[{"href":"https:\/\/loosen.lt\/lv\/wp-json\/wp\/v2\/product\/43562","targetHints":{"allow":["GET"]}}],"collection":[{"href":"https:\/\/loosen.lt\/lv\/wp-json\/wp\/v2\/product"}],"about":[{"href":"https:\/\/loosen.lt\/lv\/wp-json\/wp\/v2\/types\/product"}],"replies":[{"embeddable":true,"href":"https:\/\/loosen.lt\/lv\/wp-json\/wp\/v2\/comments?post=43562"}],"wp:featuredmedia":[{"embeddable":true,"href":"https:\/\/loosen.lt\/lv\/wp-json\/wp\/v2\/media\/43564"}],"wp:attachment":[{"href":"https:\/\/loosen.lt\/lv\/wp-json\/wp\/v2\/media?parent=43562"}],"wp:term":[{"taxonomy":"product_brand","embeddable":true,"href":"https:\/\/loosen.lt\/lv\/wp-json\/wp\/v2\/product_brand?post=43562"},{"taxonomy":"product_cat","embeddable":true,"href":"https:\/\/loosen.lt\/lv\/wp-json\/wp\/v2\/product_cat?post=43562"},{"taxonomy":"product_tag","embeddable":true,"href":"https:\/\/loosen.lt\/lv\/wp-json\/wp\/v2\/product_tag?post=43562"}],"curies":[{"name":"wp","href":"https:\/\/api.w.org\/{rel}","templated":true}]}}