{"id":43572,"date":"2026-04-29T21:18:59","date_gmt":"2026-04-29T21:18:59","guid":{"rendered":"https:\/\/loosen.lt\/?post_type=product&#038;p=43572"},"modified":"2026-04-29T21:18:59","modified_gmt":"2026-04-29T21:18:59","slug":"biotech-bcaa-b6-200-tableciu","status":"publish","type":"product","link":"https:\/\/loosen.lt\/lv\/produkts\/biotech-bcaa-b6-200-tableciu\/","title":{"rendered":"BioTech BCAA + B6 \u2013 200 table\u010di\u0173"},"content":{"rendered":"<div><strong>Sudedamosios dalys:<\/strong> 56% \u0161akotosios grandin\u0117s aminor\u016bg\u0161\u010di\u0173 (L-leucinas 28%, L-izoleucinas 14%, L-valinas 14%), u\u017epildas (celiulioz\u0117s gelis), lipnum\u0105 reguliuojan\u010dios med\u017eiagos (kalcio fosfatai, magnio druskos, silicio dioksidas), tablet\u0117s dangalas (stabilizatoriai, polivinilo alkoholio ir polietilenglikolio kopolimero derinys), papildomos lipnum\u0105 reguliuojan\u010dios med\u017eiagos (talkas, riebal\u0173 r\u016bg\u0161\u010di\u0173 mono- ir digliceridai), piridoksino hidrochloridas.<\/div>\n<div><\/div>\n<div><strong>Alergenai:<\/strong> Gaminama \u012fmon\u0117je, kurioje perdirbami produktai, turintys pieno, kiau\u0161ini\u0173, glitimo, sojos, rie\u0161ut\u0173, salier\u0173, \u017euvies, v\u0117\u017eiagyvi\u0173 ir sieros dioksido.<\/div>\n<div><\/div>\n<div>\n<table>\n<tbody>\n<tr>\n<td width=\"321\">Maistin\u0117 vert\u0117<\/td>\n<td width=\"321\">4 tablet\u0117se<\/td>\n<\/tr>\n<tr>\n<td width=\"321\">BCAA 2:1:1:<\/td>\n<td width=\"321\">4000mg<\/td>\n<\/tr>\n<tr>\n<td width=\"321\">i\u0161 kuri\u0173 L-leucinas<\/td>\n<td width=\"321\">2000mg<\/td>\n<\/tr>\n<tr>\n<td width=\"321\">i\u0161 kuri\u0173 L-izoleucinas<\/td>\n<td width=\"321\">1000mg<\/td>\n<\/tr>\n<tr>\n<td width=\"321\">i\u0161 kuri\u0173 L-valinas<\/td>\n<td width=\"321\">1000mg<\/td>\n<\/tr>\n<tr>\n<td width=\"321\">Vitaminas B6<\/td>\n<td width=\"321\">1,5mg (107%*)<\/td>\n<\/tr>\n<tr>\n<td width=\"321\">*referencin\u0117 maistin\u0117 vert\u0117<\/td>\n<td width=\"321\">&nbsp;<\/td>\n<\/tr>\n<\/tbody>\n<\/table>\n<\/div>\n<p>&nbsp;<\/p>\n<div><strong>Vartojimas:<\/strong> Rekomenduojama vartoti po 2 tabletes 2 kartus per dien\u0105, u\u017egeriant stikline vandens. Treniruojantis \u2013 2 tabletes 30 min. prie\u0161 treniruot\u0119 ir 2 tabletes po jos. Poilsio dienomis \u2013 2 tabletes 2 kartus per dien\u0105, tarp valgym\u0173. Nevir\u0161ykite nurodytos doz\u0117s.<\/div>\n<div><\/div>\n<div><strong>Laikymo s\u0105lygos:<\/strong><\/div>\n<div><\/div>\n<div>Laikyti v\u0117sioje, sausoje vietoje. Laikyti vaikams nepasiekiamoje vietoje.<\/div>\n<div>Gamintojas: BioTech USA Kft. 1033 Budapest, Huszti ut 60., Vengrija.<\/div>\n<div>Grynas kiekis:\u00a0 200 table\u010di\u0173 (359 g).<\/div>\n<div>Geriausias iki (termino pabaigos): geriausias vartoti iki termino, nurodyto ant pakuot\u0117s \u0161ono, vir\u0161aus arba jos apa\u010dioje.<\/div>\n<div>Partija: \u017er. ant pakuot\u0117s.<\/div>\n<div><\/div>\n<div><strong>\u012esp\u0117jimas:<\/strong><\/div>\n<div><\/div>\n<div>Maisto papildas n\u0117ra maisto pakaitalas. Svarbu \u012fvairi ir subalansuota mityba bei sveikas gyvenimo b\u016bdas. Jeigu esate n\u0117\u0161\u010dia, maitinate kr\u016btimi ar vartojate kitus vaistus, prie\u0161 vartojim\u0105 pasitarkite su gydytoju ar vaistininku. Nevir\u0161ykite nustatytos rekomenduojamos doz\u0117s.<\/div>\n","protected":false},"excerpt":{"rendered":"<div>BioTech BCAA + B6 tablet\u0117s su L-leucinu, L-izoleucinu ir L-valinu, papildytos vitaminu B6<\/div>\n<div><\/div>\n<div><strong>Pagrindin\u0117s savyb\u0117s:<\/strong><\/div>\n<div><\/div>\n<div><strong>L-leucinas<\/strong><\/div>\n<div><\/div>\n<ul>\n<li>Skatina raumen\u0173 baltym\u0173 sintez\u0119 ir atsigavim\u0105<\/li>\n<li>Ma\u017eina raumen\u0173 nuovarg\u012f ir pa\u017eeidimus.<\/li>\n<\/ul>\n<div><\/div>\n<div><strong>L-izoleucinas<\/strong><\/div>\n<div><\/div>\n<ul>\n<li>Palaiko raumen\u0173 atsigavim\u0105<\/li>\n<li>Palaiko i\u0161tverm\u0119 ir fizin\u012f paj\u0117gum\u0105<\/li>\n<\/ul>\n<div><\/div>\n<div><strong>L-valinas<\/strong><\/div>\n<div><\/div>\n<ul>\n<li>U\u017etikrina energij\u0105 raumenims ir ma\u017eina nuovarg\u012f<\/li>\n<\/ul>\n<div><\/div>\n<div><strong>Vitaminas B6<\/strong><\/div>\n<div><\/div>\n<ul>\n<li>Palaiko baltym\u0173 ir energijos apykait\u0105, nerv\u0173 ir imunin\u0117s sistemos funkcijas<\/li>\n<\/ul>\n","protected":false},"featured_media":43574,"comment_status":"open","ping_status":"closed","template":"","meta":{"inline_featured_image":false},"product_brand":[],"product_cat":[159,118],"product_tag":[],"class_list":{"0":"post-43572","1":"product","2":"type-product","3":"status-publish","4":"has-post-thumbnail","6":"product_cat-akcijos","7":"product_cat-raumenims","9":"first","10":"instock","11":"sale","12":"shipping-taxable","13":"purchasable","14":"product-type-simple"},"_links":{"self":[{"href":"https:\/\/loosen.lt\/lv\/wp-json\/wp\/v2\/product\/43572","targetHints":{"allow":["GET"]}}],"collection":[{"href":"https:\/\/loosen.lt\/lv\/wp-json\/wp\/v2\/product"}],"about":[{"href":"https:\/\/loosen.lt\/lv\/wp-json\/wp\/v2\/types\/product"}],"replies":[{"embeddable":true,"href":"https:\/\/loosen.lt\/lv\/wp-json\/wp\/v2\/comments?post=43572"}],"wp:featuredmedia":[{"embeddable":true,"href":"https:\/\/loosen.lt\/lv\/wp-json\/wp\/v2\/media\/43574"}],"wp:attachment":[{"href":"https:\/\/loosen.lt\/lv\/wp-json\/wp\/v2\/media?parent=43572"}],"wp:term":[{"taxonomy":"product_brand","embeddable":true,"href":"https:\/\/loosen.lt\/lv\/wp-json\/wp\/v2\/product_brand?post=43572"},{"taxonomy":"product_cat","embeddable":true,"href":"https:\/\/loosen.lt\/lv\/wp-json\/wp\/v2\/product_cat?post=43572"},{"taxonomy":"product_tag","embeddable":true,"href":"https:\/\/loosen.lt\/lv\/wp-json\/wp\/v2\/product_tag?post=43572"}],"curies":[{"name":"wp","href":"https:\/\/api.w.org\/{rel}","templated":true}]}}