{"id":43602,"date":"2026-05-06T23:55:06","date_gmt":"2026-05-06T23:55:06","guid":{"rendered":"https:\/\/loosen.lt\/?post_type=product&#038;p=43602"},"modified":"2026-05-06T23:55:06","modified_gmt":"2026-05-06T23:55:06","slug":"activlab-multivit-for-men-60-kapsuliu","status":"publish","type":"product","link":"https:\/\/loosen.lt\/lv\/produkts\/activlab-multivit-for-men-60-kapsuliu\/","title":{"rendered":"ActivLab MultiVit For Men \u2013 60 kapsuli\u0173"},"content":{"rendered":"<div><strong>Sudedamosios dalys:<\/strong> mineralai (magnio oksid\u0105, gele\u017eies (II) sulfat\u0105, cinko sulfat\u0105, vario (II) sulfat\u0105, mangano sulfat\u0105, natrio selenat\u0105 (IV), chromo (III) chlorid\u0105, natrio molibdat\u0105 (VI), kalio jodid\u0105, mangano diglicinat\u0105, chromo pikolinat\u0105), vitaminus (D-alfa tokoferilo acetat\u0105, nikotino r\u016bg\u0161ties amid\u0105, L-askorbo r\u016bg\u0161t\u012f, kalcio D-pantotenat\u0105, retinilo acetat\u0105, menachinon\u0105, piridoksino hidrochlorid\u0105, kolekalciferol\u012f, riboflavin\u0105, tiamino mononitrat\u0105, tiamino hidrochlorid\u0105, pteroilmono r\u016bg\u0161t\u012f, C-glutamino r\u016bg\u0161t\u012f), maltodekstrin\u0105, tir\u0161tikl\u012f \u2013 mikrokristalin\u0119 celiulioz\u0119, lipnum\u0105 reguliuojan\u010di\u0105 med\u017eiag\u0105 \u2013 riebal\u0173 r\u016bg\u0161\u010di\u0173 magnio druskas, taip pat augal\u0173 ekstraktus, tokius kaip mat\u0117s lap\u0173 (Ilex paraguariensis), \u017een\u0161enio \u0161akn\u0173 (Panax ginseng), imbiero \u0161akniastiebi\u0173 (Zingiber officinale) ir likopen\u0105. Sud\u0117tyje taip pat yra sojos lecitino, liuteino i\u0161 Did\u017ei\u0173j\u0173 seren\u010di\u0173 g\u0117li\u0173 ir \u017eelatinos kapsul\u0117s su da\u017eikliu \u2013 kalcio karbonatu.<\/div>\n<div><\/div>\n<div><strong>Alergenai:<\/strong> gali tur\u0117ti gr\u016bd\u0173 su glitimu, sojos ir pieno produkt\u0173.<\/div>\n<div><\/div>\n<div>\n<table>\n<tbody>\n<tr>\n<td width=\"214\">Maistin\u0117 vert\u0117<\/td>\n<td width=\"214\">1 kapsul\u0117je<\/td>\n<td width=\"214\">RMW*<\/td>\n<\/tr>\n<tr>\n<td width=\"214\">Mat\u0117s lap\u0173 ekstraktas<\/td>\n<td width=\"214\">15mg<\/td>\n<td width=\"214\">&nbsp;<\/td>\n<\/tr>\n<tr>\n<td width=\"214\">\u017den\u0161enio \u0161akn\u0173 ekstraktas<\/td>\n<td width=\"214\">10mg<\/td>\n<td width=\"214\">&nbsp;<\/td>\n<\/tr>\n<tr>\n<td width=\"214\">Imbier\u0173 \u0161akniastiebi\u0173 ekstraktas<\/td>\n<td width=\"214\">10mg<\/td>\n<td width=\"214\">&nbsp;<\/td>\n<\/tr>\n<tr>\n<td width=\"214\">Sojos lecitinas<\/td>\n<td width=\"214\">5mg<\/td>\n<td width=\"214\">&nbsp;<\/td>\n<\/tr>\n<tr>\n<td width=\"214\">Likopenas<\/td>\n<td width=\"214\">2,5mg<\/td>\n<td width=\"214\">&nbsp;<\/td>\n<\/tr>\n<tr>\n<td width=\"214\">Vitaminas A<\/td>\n<td width=\"214\">800 \u00b5g<\/td>\n<td width=\"214\">100%<\/td>\n<\/tr>\n<tr>\n<td width=\"214\">Liuteinas<\/td>\n<td width=\"214\">500 \u00b5g<\/td>\n<td width=\"214\">&nbsp;<\/td>\n<\/tr>\n<tr>\n<td width=\"214\">Vitaminas E<\/td>\n<td width=\"214\">15mg<\/td>\n<td width=\"214\">125%<\/td>\n<\/tr>\n<tr>\n<td width=\"214\">Vitaminas C<\/td>\n<td width=\"214\">15mg<\/td>\n<td width=\"214\">19%<\/td>\n<\/tr>\n<tr>\n<td width=\"214\">Vitraminas K<\/td>\n<td width=\"214\">30 \u00b5g<\/td>\n<td width=\"214\">10%<\/td>\n<\/tr>\n<tr>\n<td width=\"214\">Tiaminas (vitaminas B1)<\/td>\n<td width=\"214\">1,4mg<\/td>\n<td width=\"214\">127%<\/td>\n<\/tr>\n<tr>\n<td width=\"214\">Riboflavinas (vitaminas B2)<\/td>\n<td width=\"214\">1,75mg<\/td>\n<td width=\"214\">125%<\/td>\n<\/tr>\n<tr>\n<td width=\"214\">Vitaminas B6<\/td>\n<td width=\"214\">2mg<\/td>\n<td width=\"214\">143%<\/td>\n<\/tr>\n<tr>\n<td width=\"214\">Vitaminas B12<\/td>\n<td width=\"214\">800 \u00b5g<\/td>\n<td width=\"214\">100%<\/td>\n<\/tr>\n<tr>\n<td width=\"214\">Biotinas (vitaminas B7)<\/td>\n<td width=\"214\">2,5 \u00b5g<\/td>\n<td width=\"214\">125%<\/td>\n<\/tr>\n<tr>\n<td width=\"214\">Vitaminas D<\/td>\n<td width=\"214\">62,5 \u00b5g<\/td>\n<td width=\"214\">100%<\/td>\n<\/tr>\n<tr>\n<td width=\"214\">Folio r\u016bg\u0161tis<\/td>\n<td width=\"214\">5 \u00b5g<\/td>\n<td width=\"214\">100%<\/td>\n<\/tr>\n<tr>\n<td width=\"214\">Niacinas (vitaminas B3)<\/td>\n<td width=\"214\">200 \u00b5g<\/td>\n<td width=\"214\">125%<\/td>\n<\/tr>\n<tr>\n<td width=\"214\">Pantoteno r\u016bg\u0161tis (vitaminas B5)<\/td>\n<td width=\"214\">20mg<\/td>\n<td width=\"214\">125%<\/td>\n<\/tr>\n<tr>\n<td width=\"214\">Magnis<\/td>\n<td width=\"214\">7,5mg<\/td>\n<td width=\"214\">16%<\/td>\n<\/tr>\n<tr>\n<td width=\"214\">Gele\u017eis<\/td>\n<td width=\"214\">60mg<\/td>\n<td width=\"214\">50%<\/td>\n<\/tr>\n<tr>\n<td width=\"214\">Jodas<\/td>\n<td width=\"214\">7mg<\/td>\n<td width=\"214\">50%<\/td>\n<\/tr>\n<tr>\n<td width=\"214\">Varis<\/td>\n<td width=\"214\">75 \u00b5g<\/td>\n<td width=\"214\">50%<\/td>\n<\/tr>\n<tr>\n<td width=\"214\">Chromas<\/td>\n<td width=\"214\">500 \u00b5g<\/td>\n<td width=\"214\">100%<\/td>\n<\/tr>\n<tr>\n<td width=\"214\">Molibdenas<\/td>\n<td width=\"214\">40 \u00b5g<\/td>\n<td width=\"214\">100%<\/td>\n<\/tr>\n<tr>\n<td width=\"214\">Selenas<\/td>\n<td width=\"214\">50 \u00b5g<\/td>\n<td width=\"214\">50%<\/td>\n<\/tr>\n<tr>\n<td width=\"214\">Cinkas<\/td>\n<td width=\"214\">27,5 \u00b5g<\/td>\n<td width=\"214\">50%<\/td>\n<\/tr>\n<tr>\n<td width=\"214\">Manganas<\/td>\n<td width=\"214\">5mg<\/td>\n<td width=\"214\">90%<\/td>\n<\/tr>\n<tr>\n<td width=\"214\">*referencin\u0117 maistin\u0117 vert\u0117<\/td>\n<td width=\"214\">1,8mg<\/td>\n<td width=\"214\">&nbsp;<\/td>\n<\/tr>\n<\/tbody>\n<\/table>\n<\/div>\n<p>&nbsp;<\/p>\n<div><strong>Vartojimas:<\/strong> Rekomenduojama vartoti 1 kapsul\u0117 per dien\u0105.<\/div>\n<div><\/div>\n<div><strong>Laikymo s\u0105lygos:<\/strong><\/div>\n<div><\/div>\n<div>Laikyti v\u0117sioje, sausoje vietoje. Laikyti vaikams nepasiekiamoje vietoje.<\/div>\n<div>Gamintojas: UNIPRO Sp. z o. o., Targowisko 553, 32-015 K\u0142aj, Lenkija.<\/div>\n<div>Grynas kiekis: 39g (60 kapsuli\u0173).<\/div>\n<div>Geriausias iki (termino pabaigos): geriausias vartoti iki termino, nurodyto ant pakuot\u0117s \u0161ono, vir\u0161aus arba jos apa\u010dioje.<\/div>\n<div>Partija: \u017er. ant pakuot\u0117s.<\/div>\n<div><\/div>\n<div><strong>\u012esp\u0117jimas:<\/strong><\/div>\n<div><\/div>\n<div>Maisto papildas n\u0117ra maisto pakaitalas. Svarbu \u012fvairi ir subalansuota mityba bei sveikas gyvenimo b\u016bdas. Jeigu esate n\u0117\u0161\u010dia, maitinate kr\u016btimi ar vartojate kitus vaistus, prie\u0161 vartojim\u0105 pasitarkite su gydytoju ar vaistininku. Nevir\u0161ykite nustatytos rekomenduojamos doz\u0117s.<\/div>\n","protected":false},"excerpt":{"rendered":"<div>Activlab MultiVit For Men \u2013 maisto papildas, kuriame yra visi reikalingi vitaminai ir mineralai, pritaikyti vyr\u0173 poreikiams<\/div>\n<div><\/div>\n<div><strong>Pagrindin\u0117s savyb\u0117s:<\/strong><\/div>\n<div><\/div>\n<ul>\n<li><strong>Imuniteto palaikymas:<\/strong> Vitaminas C ir D prisideda prie normalaus imunin\u0117s sistemos veikimo<\/li>\n<li><strong>Oksidacin\u0117s stresos ma\u017einimas:<\/strong> Vitaminas E ir likopenas padeda apsaugoti l\u0105steles nuo oksidacin\u0117s pa\u017eaidos<\/li>\n<li><strong>Kraujo sistema:<\/strong> Gele\u017eis ir folio r\u016bg\u0161tis padeda palaikyti normali\u0105 kraujo sud\u0117t\u012f<\/li>\n<li><strong>Regos b\u016bkl\u0117:<\/strong> Vitaminas A ir liuteinas prisideda prie normalios regos<\/li>\n<li><strong>Odai ir plaukams:<\/strong> Biotinas ir kolagenas padeda palaikyti sveik\u0105 od\u0105 ir plaukus.<\/li>\n<li><strong>Kaul\u0173 b\u016bkl\u0117:<\/strong> Vitaminas D ir magnis palaiko kaul\u0173 b\u016bkl\u0119<\/li>\n<li><strong>Energetinis metabolizmas:<\/strong> Vitaminai B grup\u0117s (B1, B6, B12) ir pantoteno r\u016bg\u0161tis ma\u017eina nuovarg\u012f ir palaiko energij\u0105<\/li>\n<\/ul>\n","protected":false},"featured_media":43604,"comment_status":"open","ping_status":"closed","template":"","meta":{"inline_featured_image":false},"product_brand":[],"product_cat":[124,126],"product_tag":[],"class_list":{"0":"post-43602","1":"product","2":"type-product","3":"status-publish","4":"has-post-thumbnail","6":"product_cat-bendrai-sveikatai","7":"product_cat-ilgaamziskumui","9":"first","10":"instock","11":"sale","12":"shipping-taxable","13":"purchasable","14":"product-type-simple"},"_links":{"self":[{"href":"https:\/\/loosen.lt\/lv\/wp-json\/wp\/v2\/product\/43602","targetHints":{"allow":["GET"]}}],"collection":[{"href":"https:\/\/loosen.lt\/lv\/wp-json\/wp\/v2\/product"}],"about":[{"href":"https:\/\/loosen.lt\/lv\/wp-json\/wp\/v2\/types\/product"}],"replies":[{"embeddable":true,"href":"https:\/\/loosen.lt\/lv\/wp-json\/wp\/v2\/comments?post=43602"}],"wp:featuredmedia":[{"embeddable":true,"href":"https:\/\/loosen.lt\/lv\/wp-json\/wp\/v2\/media\/43604"}],"wp:attachment":[{"href":"https:\/\/loosen.lt\/lv\/wp-json\/wp\/v2\/media?parent=43602"}],"wp:term":[{"taxonomy":"product_brand","embeddable":true,"href":"https:\/\/loosen.lt\/lv\/wp-json\/wp\/v2\/product_brand?post=43602"},{"taxonomy":"product_cat","embeddable":true,"href":"https:\/\/loosen.lt\/lv\/wp-json\/wp\/v2\/product_cat?post=43602"},{"taxonomy":"product_tag","embeddable":true,"href":"https:\/\/loosen.lt\/lv\/wp-json\/wp\/v2\/product_tag?post=43602"}],"curies":[{"name":"wp","href":"https:\/\/api.w.org\/{rel}","templated":true}]}}