{"id":43620,"date":"2026-05-06T23:51:20","date_gmt":"2026-05-06T23:51:20","guid":{"rendered":"https:\/\/loosen.lt\/?post_type=product&#038;p=43620"},"modified":"2026-05-06T23:51:21","modified_gmt":"2026-05-06T23:51:21","slug":"activlab-zma-90-kapsulas","status":"publish","type":"product","link":"https:\/\/loosen.lt\/lv\/produkts\/activlab-zma-90-kapsulas\/","title":{"rendered":"ActivLab ZMA \u2013 90 kapsulas"},"content":{"rendered":"<div><strong>Sast\u0101vda\u013cas:<\/strong> magnija bisglicin\u0101ts, kapsula (\u017eelat\u012bns, indigot\u012bna kr\u0101sviela), cinka bisglicin\u0101ts, pretsalipes viela: tauksk\u0101bju magnija s\u0101\u013ci, B6 vitam\u012bns (piridoks\u012bna hidrohlor\u012bds).<\/div>\n<div><\/div>\n<div><strong>Alerg\u0113ni:<\/strong> var satur\u0113t glut\u0113nu saturo\u0161us graudaugus, soju un piena produktus.<\/div>\n<div><\/div>\n<div>\n<table>\n<tbody>\n<tr>\n<td width=\"214\">Uzturv\u0113rt\u012bba<\/td>\n<td width=\"214\">3 kapsulas<\/td>\n<\/tr>\n<tr>\n<td width=\"214\">Magnijs<\/td>\n<td width=\"214\">400 mg (107%*)<\/td>\n<\/tr>\n<tr>\n<td width=\"214\">Cinks<\/td>\n<td width=\"214\">15 mg (150%*)<\/td>\n<\/tr>\n<tr>\n<td width=\"214\">B6 vitam\u012bns<\/td>\n<td width=\"214\">10,5 mg (750%*)<\/td>\n<\/tr>\n<tr>\n<td width=\"214\">*NRV \u2013 atsauces uzturv\u0113rt\u012bba<\/td>\n<td width=\"214\">&nbsp;<\/td>\n<\/tr>\n<\/tbody>\n<\/table>\n<\/div>\n<p>&nbsp;<\/p>\n<div><strong>Lieto\u0161ana:<\/strong> Ieteicams lietot 3 kapsulas dien\u0101, starp \u0113dienreiz\u0113m vai pirms gul\u0113tie\u0161anas.<\/div>\n<div><\/div>\n<div><strong>Uzglab\u0101\u0161anas apst\u0101k\u013ci:<\/strong><\/div>\n<div><\/div>\n<div>Uzglab\u0101t v\u0113s\u0101, saus\u0101 viet\u0101. Sarg\u0101t no b\u0113rniem.<\/div>\n<div><\/div>\n<div>Ra\u017eot\u0101js: Unipro Sp. Z o.o., Targowisko 553, 32-015 Klaj, Polija.<\/div>\n<div>Neto saturs: 90 kapsulas (76,5 g).<\/div>\n<div>Ieteicams l\u012bdz (der\u012bguma termi\u0146\u0161): ieteicams l\u012bdz datumam, kas nor\u0101d\u012bts iepakojuma s\u0101nos, aug\u0161pus\u0113 vai apak\u0161\u0101.<\/div>\n<div>Partijas Nr.: skat\u012bt uz iepakojuma.<\/div>\n<div><\/div>\n<div><strong>Br\u012bdin\u0101jums:<\/strong><\/div>\n<div><\/div>\n<div>Uztura bag\u0101tin\u0101t\u0101js neaizst\u0101j uzturu. Svar\u012bgs ir daudzveid\u012bgs un sabalans\u0113ts uzturs un vesel\u012bgs dz\u012bvesveids. Ja esat gr\u016btniece, barojat b\u0113rnu ar kr\u016bti vai lietojat citas z\u0101les, pirms lieto\u0161anas konsult\u0113jieties ar \u0101rstu vai farmaceitu. Nep\u0101rsniedziet ieteicamo devu.<\/div>\n","protected":false},"excerpt":{"rendered":"<div>Activlab ZMA \u2013 cinka, magnija un B6 vitam\u012bna komplekss, ide\u0101li piem\u0113rots akt\u012bviem sportistiem<\/div>\n<div><\/div>\n<div><strong>Galven\u0101s \u012bpa\u0161\u012bbas:<\/strong><\/div>\n<div><\/div>\n<ul>\n<li><strong>Cinks:<\/strong> atbalsta kognit\u012bv\u0101s funkcijas, augl\u012bbu un olbaltumvielu sint\u0113zi<\/li>\n<li><strong>Magnijs:<\/strong> mazina nogurumu, atbalsta nervu un musku\u013cu darb\u012bbu<\/li>\n<li><strong>B6 vitam\u012bns:<\/strong> atbalsta ener\u0123ijas metabolismu, olbaltumvielu un glikog\u0113na metabolismu, imunit\u0101ti<\/li>\n<\/ul>\n","protected":false},"featured_media":43616,"comment_status":"open","ping_status":"closed","template":"","meta":{"inline_featured_image":false},"product_brand":[],"product_cat":[143],"product_tag":[],"class_list":{"0":"post-43620","1":"product","2":"type-product","3":"status-publish","4":"has-post-thumbnail","6":"product_cat-vispareja-veseliba","8":"first","9":"instock","10":"sale","11":"shipping-taxable","12":"purchasable","13":"product-type-simple"},"_links":{"self":[{"href":"https:\/\/loosen.lt\/lv\/wp-json\/wp\/v2\/product\/43620","targetHints":{"allow":["GET"]}}],"collection":[{"href":"https:\/\/loosen.lt\/lv\/wp-json\/wp\/v2\/product"}],"about":[{"href":"https:\/\/loosen.lt\/lv\/wp-json\/wp\/v2\/types\/product"}],"replies":[{"embeddable":true,"href":"https:\/\/loosen.lt\/lv\/wp-json\/wp\/v2\/comments?post=43620"}],"wp:featuredmedia":[{"embeddable":true,"href":"https:\/\/loosen.lt\/lv\/wp-json\/wp\/v2\/media\/43616"}],"wp:attachment":[{"href":"https:\/\/loosen.lt\/lv\/wp-json\/wp\/v2\/media?parent=43620"}],"wp:term":[{"taxonomy":"product_brand","embeddable":true,"href":"https:\/\/loosen.lt\/lv\/wp-json\/wp\/v2\/product_brand?post=43620"},{"taxonomy":"product_cat","embeddable":true,"href":"https:\/\/loosen.lt\/lv\/wp-json\/wp\/v2\/product_cat?post=43620"},{"taxonomy":"product_tag","embeddable":true,"href":"https:\/\/loosen.lt\/lv\/wp-json\/wp\/v2\/product_tag?post=43620"}],"curies":[{"name":"wp","href":"https:\/\/api.w.org\/{rel}","templated":true}]}}