{"id":43621,"date":"2026-05-06T23:52:36","date_gmt":"2026-05-06T23:52:36","guid":{"rendered":"https:\/\/loosen.lt\/?post_type=product&#038;p=43621"},"modified":"2026-05-06T23:52:37","modified_gmt":"2026-05-06T23:52:37","slug":"biotech-spirulina-100-tabletes","status":"publish","type":"product","link":"https:\/\/loosen.lt\/lv\/produkts\/biotech-spirulina-100-tabletes\/","title":{"rendered":"BioTech Spirulina \u2013 100 tabletes"},"content":{"rendered":"<div><strong>Sast\u0101vda\u013cas:<\/strong> spirul\u012bnas (Arthrospira platensis) pulveris (satur s\u0113ra dioks\u012bdu) 48%, pildviela (celulozes gels), tabletes apvalks [stabilizatori (polivinilspirta-polietil\u0113nglikola kopolim\u0113rs, polivinilspirts), pretsalipes vielas (talks, tauksk\u0101bju mono- un diglicer\u012bdi)], papildu pretsalipes vielas (tauksk\u0101bju magnija s\u0101\u013ci, sil\u012bcija dioks\u012bds).<\/div>\n<div><\/div>\n<div><strong>Alerg\u0113ni:<\/strong> s\u0113ra dioks\u012bds. Produkts ir ra\u017eots r\u016bpn\u012bc\u0101, kur\u0101 ra\u017eo ar\u012b p\u0101rtikas produktus, kas satur pienu, olas, glut\u0113nu, soju, v\u0113\u017eveid\u012bgos, s\u0113ra dioks\u012bdu un riekstus.<\/div>\n<div><\/div>\n<div>\n<table>\n<tbody>\n<tr>\n<td width=\"214\">Uzturv\u0113rt\u012bba<\/td>\n<td width=\"214\">4 tabletes<\/td>\n<td width=\"214\">8 tabletes<\/td>\n<\/tr>\n<tr>\n<td width=\"214\">Spirul\u012bnas (Arthrospira platensis) pulveris<\/td>\n<td width=\"214\">1800mg<\/td>\n<td width=\"214\">3600mg<\/td>\n<\/tr>\n<\/tbody>\n<\/table>\n<\/div>\n<p>&nbsp;<\/p>\n<div><strong>Lieto\u0161ana:<\/strong> Lietojiet 4 tabletes divas reizes dien\u0101, uzdzerot gl\u0101zi \u016bdens. Nep\u0101rsniedziet ieteicamo devu.<\/div>\n<div><\/div>\n<div><strong>Uzglab\u0101\u0161anas apst\u0101k\u013ci:<\/strong><\/div>\n<div><\/div>\n<div>Uzglab\u0101t v\u0113s\u0101, saus\u0101 viet\u0101. Sarg\u0101t no b\u0113rniem.<\/div>\n<div><\/div>\n<div>Ra\u017eot\u0101js: BioTech USA Kft. 1033 Budape\u0161ta, Huszti ut 60., Ung\u0101rija.<\/div>\n<div>Neto svars: 93,2 g (100 tabletes).<\/div>\n<div>Ieteicams l\u012bdz (der\u012bguma termi\u0146\u0161): ieteicams l\u012bdz datumam, kas nor\u0101d\u012bts iepakojuma s\u0101nos, aug\u0161pus\u0113 vai apak\u0161\u0101.<\/div>\n<div>Partijas Nr.: skat\u012bt uz iepakojuma.<\/div>\n<div><\/div>\n<div><strong>Br\u012bdin\u0101jums:<\/strong><\/div>\n<div><\/div>\n<div>Uztura bag\u0101tin\u0101t\u0101js neaizst\u0101j uzturu. Svar\u012bgs ir daudzveid\u012bgs un sabalans\u0113ts uzturs un vesel\u012bgs dz\u012bvesveids. Ja esat gr\u016btniece, barojat b\u0113rnu ar kr\u016bti vai lietojat citas z\u0101les, pirms lieto\u0161anas konsult\u0113jieties ar \u0101rstu vai farmaceitu. Nep\u0101rsniedziet ieteicamo devu.<\/div>\n","protected":false},"excerpt":{"rendered":"<div>BioTech Spirulina \u2013 uztura bag\u0101tin\u0101t\u0101js table\u0161u veid\u0101, kas satur dab\u012bgu spirul\u012bnu (Arthrospira platensis)<\/div>\n<div><\/div>\n<div><strong>Galven\u0101s \u012bpa\u0161\u012bbas:<\/strong><\/div>\n<div><\/div>\n<ul>\n<li>Olbaltumvielu avots<\/li>\n<li>Vitam\u012bnu un miner\u0101lvielu avots<\/li>\n<li>Antioksidantu avots<\/li>\n<li>Atbalsta im\u016bnsist\u0113mu<\/li>\n<\/ul>\n","protected":false},"featured_media":43611,"comment_status":"open","ping_status":"closed","template":"","meta":{"inline_featured_image":false},"product_brand":[],"product_cat":[143,147],"product_tag":[],"class_list":{"0":"post-43621","1":"product","2":"type-product","3":"status-publish","4":"has-post-thumbnail","6":"product_cat-vispareja-veseliba","7":"product_cat-ilgmuziba","9":"first","10":"instock","11":"sale","12":"shipping-taxable","13":"purchasable","14":"product-type-simple"},"_links":{"self":[{"href":"https:\/\/loosen.lt\/lv\/wp-json\/wp\/v2\/product\/43621","targetHints":{"allow":["GET"]}}],"collection":[{"href":"https:\/\/loosen.lt\/lv\/wp-json\/wp\/v2\/product"}],"about":[{"href":"https:\/\/loosen.lt\/lv\/wp-json\/wp\/v2\/types\/product"}],"replies":[{"embeddable":true,"href":"https:\/\/loosen.lt\/lv\/wp-json\/wp\/v2\/comments?post=43621"}],"wp:featuredmedia":[{"embeddable":true,"href":"https:\/\/loosen.lt\/lv\/wp-json\/wp\/v2\/media\/43611"}],"wp:attachment":[{"href":"https:\/\/loosen.lt\/lv\/wp-json\/wp\/v2\/media?parent=43621"}],"wp:term":[{"taxonomy":"product_brand","embeddable":true,"href":"https:\/\/loosen.lt\/lv\/wp-json\/wp\/v2\/product_brand?post=43621"},{"taxonomy":"product_cat","embeddable":true,"href":"https:\/\/loosen.lt\/lv\/wp-json\/wp\/v2\/product_cat?post=43621"},{"taxonomy":"product_tag","embeddable":true,"href":"https:\/\/loosen.lt\/lv\/wp-json\/wp\/v2\/product_tag?post=43621"}],"curies":[{"name":"wp","href":"https:\/\/api.w.org\/{rel}","templated":true}]}}