{"id":43623,"date":"2026-04-29T21:46:14","date_gmt":"2026-04-29T21:46:14","guid":{"rendered":"https:\/\/loosen.lt\/produktas\/zviedru-uztura-bagatinataji-asvaganda-60-kapsulas\/"},"modified":"2026-04-29T21:46:14","modified_gmt":"2026-04-29T21:46:14","slug":"zviedru-uztura-bagatinataji-asvaganda-60-kapsulas","status":"publish","type":"product","link":"https:\/\/loosen.lt\/lv\/produkts\/zviedru-uztura-bagatinataji-asvaganda-60-kapsulas\/","title":{"rendered":"Zviedru uztura bag\u0101tin\u0101t\u0101ji A\u0161vaganda \u2013 60 kapsulas"},"content":{"rendered":"<p><strong>Sast\u0101vda\u013cas:<\/strong> a\u0161vagandas saknes ekstrakts (Withania somnifera, standartiz\u0113ts l\u012bdz 7% vitanol\u012bdu), pretsalipes viela (magnija stear\u0101ts), augu izcelsmes kapsulas apvalks (hidroksipropilmetilceluloze).<\/p>\n<p>&nbsp;<\/p>\n<table>\n<tbody>\n<tr>\n<td width=\"214\">Uzturv\u0113rt\u012bba<\/td>\n<td width=\"214\">1 kapsula<\/td>\n<td width=\"214\">3 kapsulas<\/td>\n<\/tr>\n<tr>\n<td width=\"214\">A\u0161vagandas saknes pulvera ekstrakts<\/td>\n<td width=\"214\">400mg<\/td>\n<td width=\"214\">1200mg<\/td>\n<\/tr>\n<\/tbody>\n<\/table>\n<p>&nbsp;<\/p>\n<div><strong>Lieto\u0161ana:<\/strong> Ieteicams lietot 1 kapsulu \u0113\u0161anas laik\u0101. Nep\u0101rsniegt 3 kapsulas dien\u0101.<\/div>\n<div><\/div>\n<div><strong>Uzglab\u0101\u0161anas apst\u0101k\u013ci:<\/strong><\/div>\n<div><\/div>\n<div>Uzglab\u0101t v\u0113s\u0101, saus\u0101 viet\u0101. Sarg\u0101t no b\u0113rniem.<\/div>\n<div><\/div>\n<div>Ra\u017eot\u0101js: Swedish Supplements AB, Kvistvagen 2, 433 48 Partille, Zviedrija.<\/div>\n<div>Neto daudzums: 60 kapsulas<\/div>\n<div>Der\u012bguma termi\u0146\u0161: Ieteicams l\u012bdz (der\u012bguma termi\u0146\u0161): Ieteicams l\u012bdz datumam, kas nor\u0101d\u012bts iepakojuma s\u0101nos, aug\u0161pus\u0113 vai apak\u0161\u0101.<\/div>\n<div>Partija: Skat\u012bt uz iepakojuma.<\/div>\n<div><\/div>\n<div><strong>Br\u012bdin\u0101jums:<\/strong><\/div>\n<div><\/div>\n<div>Uztura bag\u0101tin\u0101t\u0101js neaizst\u0101j uzturu. Svar\u012bgs ir daudzveid\u012bgs un sabalans\u0113ts uzturs un vesel\u012bgs dz\u012bvesveids. Ja esat gr\u016btniece, barojat b\u0113rnu ar kr\u016bti vai lietojat citas z\u0101les, pirms lieto\u0161anas konsult\u0113jieties ar \u0101rstu vai farmaceitu. Nep\u0101rsniedziet ieteicamo devu.<\/div>\n","protected":false},"excerpt":{"rendered":"<div>Swedish Supplements Ashwagandha ir hipnotisk\u0101 vitanija somnifera (a\u0161vaganda) saknes kapsulu ekstrakts.<\/div>\n<div><\/div>\n<div><strong>Galven\u0101s \u012bpa\u0161\u012bbas:<\/strong><\/div>\n<div><\/div>\n<ul>\n<li>A\u0161vaganda veicina norm\u0101las nervu sist\u0113mas darb\u012bbas uztur\u0113\u0161anu<\/li>\n<li>A\u0161vaganda veicina norm\u0101lu psiholo\u0123isko funkciju uztur\u0113\u0161anu<\/li>\n<li>A\u0161vaganda veicina norm\u0101las miega kvalit\u0101tes uztur\u0113\u0161anu<\/li>\n<li>A\u0161vaganda veicina norm\u0101lu gar\u012bgo un kognit\u012bvo funkciju uztur\u0113\u0161anu<\/li>\n<li>A\u0161vaganda veicina norm\u0101las ener\u0123ijas metabolisma uztur\u0113\u0161anu<\/li>\n<li>A\u0161vaganda veicina norm\u0101las sirds un asinsvadu sist\u0113mas darb\u012bbas uztur\u0113\u0161anu<\/li>\n<\/ul>\n","protected":false},"featured_media":43486,"comment_status":"open","ping_status":"closed","template":"","meta":{"inline_featured_image":false},"product_brand":[],"product_cat":[161,151],"product_tag":[],"class_list":{"0":"post-43623","1":"product","2":"type-product","3":"status-publish","4":"has-post-thumbnail","6":"product_cat-akcijas","7":"product_cat-nervu-sistema","9":"first","10":"instock","11":"sale","12":"shipping-taxable","13":"purchasable","14":"product-type-simple"},"_links":{"self":[{"href":"https:\/\/loosen.lt\/lv\/wp-json\/wp\/v2\/product\/43623","targetHints":{"allow":["GET"]}}],"collection":[{"href":"https:\/\/loosen.lt\/lv\/wp-json\/wp\/v2\/product"}],"about":[{"href":"https:\/\/loosen.lt\/lv\/wp-json\/wp\/v2\/types\/product"}],"replies":[{"embeddable":true,"href":"https:\/\/loosen.lt\/lv\/wp-json\/wp\/v2\/comments?post=43623"}],"wp:featuredmedia":[{"embeddable":true,"href":"https:\/\/loosen.lt\/lv\/wp-json\/wp\/v2\/media\/43486"}],"wp:attachment":[{"href":"https:\/\/loosen.lt\/lv\/wp-json\/wp\/v2\/media?parent=43623"}],"wp:term":[{"taxonomy":"product_brand","embeddable":true,"href":"https:\/\/loosen.lt\/lv\/wp-json\/wp\/v2\/product_brand?post=43623"},{"taxonomy":"product_cat","embeddable":true,"href":"https:\/\/loosen.lt\/lv\/wp-json\/wp\/v2\/product_cat?post=43623"},{"taxonomy":"product_tag","embeddable":true,"href":"https:\/\/loosen.lt\/lv\/wp-json\/wp\/v2\/product_tag?post=43623"}],"curies":[{"name":"wp","href":"https:\/\/api.w.org\/{rel}","templated":true}]}}