{"id":43624,"date":"2026-04-29T21:45:22","date_gmt":"2026-04-29T21:45:22","guid":{"rendered":"https:\/\/loosen.lt\/produktas\/swanson-k2-vitamins-100-mcg-dabigs-30-kapsulas\/"},"modified":"2026-04-29T21:45:22","modified_gmt":"2026-04-29T21:45:22","slug":"swanson-k2-vitamins-100-mcg-dabigs-30-kapsulas","status":"publish","type":"product","link":"https:\/\/loosen.lt\/lv\/produkts\/swanson-k2-vitamins-100-mcg-dabigs-30-kapsulas\/","title":{"rendered":"Swanson K2 vitam\u012bns 100 mcg (dab\u012bgs) \u2013 30 kapsulas"},"content":{"rendered":"<p><strong>Sast\u0101vda\u013cas:<\/strong> K2 vitam\u012bns (menahinons-7, ieg\u016bts no sojas), augu (saulespu\u0137u) e\u013c\u013ca, kapsulas apvalks (\u017eelat\u012bns), mitrin\u0101t\u0101js (glicer\u012bns), glaz\u016bras l\u012bdzeklis (bi\u0161u vasks), att\u012br\u012bts \u016bdens, emulgators (saulespu\u0137u lecit\u012bns), saldo ceratoniju (ceratonijas) ekstrakts, glikozes-fruktozes (kukur\u016bzas) s\u012brups, karame\u013cu kr\u0101sviela, sk\u0101buma regul\u0113t\u0101js (dikalcija fosf\u0101ts).<\/p>\n<table>\n<tbody>\n<tr>\n<td width=\"214\">Uzturv\u0113rt\u012bba<\/td>\n<td width=\"214\">1 kapsula<\/td>\n<\/tr>\n<tr>\n<td width=\"214\">K2 vitam\u012bns<\/td>\n<td width=\"214\">100\u00b5g*<\/td>\n<\/tr>\n<\/tbody>\n<\/table>\n<div>* \u2013 atsauces uzturv\u0113rt\u012bba 134%.<\/div>\n<div><\/div>\n<div><strong>Lieto\u0161ana:<\/strong> Ieteicams lietot vienu kapsulu vienu reizi dien\u0101, uzdzerot pietiekamu daudzumu \u016bdens.<\/div>\n<div><\/div>\n<div><strong>Uzglab\u0101\u0161anas apst\u0101k\u013ci:<\/strong><\/div>\n<div><\/div>\n<div>Uzglab\u0101t v\u0113s\u0101, saus\u0101 viet\u0101. Sarg\u0101t no b\u0113rniem.<\/div>\n<div><\/div>\n<div>Ra\u017eot\u0101js: Swanson Health Products Inc., ASV.<\/div>\n<div>Neto daudzums: 30 kapsulas<\/div>\n<div>Ieteicams l\u012bdz (der\u012bguma termi\u0146\u0161): ieteicams l\u012bdz datumam, kas nor\u0101d\u012bts iepakojuma s\u0101nos, aug\u0161pus\u0113 vai apak\u0161\u0101.<\/div>\n<div><\/div>\n<div><strong>Br\u012bdin\u0101jums:<\/strong><\/div>\n<div><\/div>\n<div>Uztura bag\u0101tin\u0101t\u0101js neaizst\u0101j uzturu. Svar\u012bgs ir daudzveid\u012bgs un sabalans\u0113ts uzturs un vesel\u012bgs dz\u012bvesveids. Ja esat gr\u016btniece, barojat b\u0113rnu ar kr\u016bti vai lietojat citas z\u0101les, pirms lieto\u0161anas konsult\u0113jieties ar \u0101rstu vai farmaceitu. Nep\u0101rsniedziet ieteicamo devu.<\/div>\n","protected":false},"excerpt":{"rendered":"<div>Swanson K2 vitam\u012bns, kas ra\u017eots ASV, izce\u013cas ar augstiem kvalit\u0101tes standartiem, un ra\u017eot\u0101ja daudzu gadu pieredze nodro\u0161ina uzticamu un efekt\u012bvu produktu.<\/div>\n<div><\/div>\n<div><strong>Galven\u0101s \u012bpa\u0161\u012bbas:<\/strong><\/div>\n<div><\/div>\n<ul>\n<li>Pal\u012bdz uztur\u0113t norm\u0101lu asins rec\u0113\u0161anu<\/li>\n<li>Pal\u012bdz uztur\u0113t norm\u0101lu kaulu vesel\u012bbu<\/li>\n<\/ul>\n","protected":false},"featured_media":43491,"comment_status":"open","ping_status":"closed","template":"","meta":{"inline_featured_image":false},"product_brand":[],"product_cat":[161,158],"product_tag":[],"class_list":{"0":"post-43624","1":"product","2":"type-product","3":"status-publish","4":"has-post-thumbnail","6":"product_cat-akcijas","7":"product_cat-sirds-un-asins-plusma","9":"first","10":"instock","11":"sale","12":"shipping-taxable","13":"purchasable","14":"product-type-simple"},"_links":{"self":[{"href":"https:\/\/loosen.lt\/lv\/wp-json\/wp\/v2\/product\/43624","targetHints":{"allow":["GET"]}}],"collection":[{"href":"https:\/\/loosen.lt\/lv\/wp-json\/wp\/v2\/product"}],"about":[{"href":"https:\/\/loosen.lt\/lv\/wp-json\/wp\/v2\/types\/product"}],"replies":[{"embeddable":true,"href":"https:\/\/loosen.lt\/lv\/wp-json\/wp\/v2\/comments?post=43624"}],"wp:featuredmedia":[{"embeddable":true,"href":"https:\/\/loosen.lt\/lv\/wp-json\/wp\/v2\/media\/43491"}],"wp:attachment":[{"href":"https:\/\/loosen.lt\/lv\/wp-json\/wp\/v2\/media?parent=43624"}],"wp:term":[{"taxonomy":"product_brand","embeddable":true,"href":"https:\/\/loosen.lt\/lv\/wp-json\/wp\/v2\/product_brand?post=43624"},{"taxonomy":"product_cat","embeddable":true,"href":"https:\/\/loosen.lt\/lv\/wp-json\/wp\/v2\/product_cat?post=43624"},{"taxonomy":"product_tag","embeddable":true,"href":"https:\/\/loosen.lt\/lv\/wp-json\/wp\/v2\/product_tag?post=43624"}],"curies":[{"name":"wp","href":"https:\/\/api.w.org\/{rel}","templated":true}]}}