{"id":43625,"date":"2026-04-29T21:43:25","date_gmt":"2026-04-29T21:43:25","guid":{"rendered":"https:\/\/loosen.lt\/produktas\/swanson-zinc-30-mg-250-tabletes\/"},"modified":"2026-04-29T21:43:25","modified_gmt":"2026-04-29T21:43:25","slug":"swanson-zinc-30-mg-250-tabletes","status":"publish","type":"product","link":"https:\/\/loosen.lt\/lv\/produkts\/swanson-zinc-30-mg-250-tabletes\/","title":{"rendered":"Swanson ZINC 30 mg \u2013 250 tabletes"},"content":{"rendered":"<p><strong>Sast\u0101vda\u013cas:<\/strong> cinka avots \u2013 cinka glikon\u0101ts; pildviela \u2013 mikrokrist\u0101lisk\u0101 celuloze; emulgatori \u2013 tauksk\u0101bes un to magnija s\u0101\u013ci.<\/p>\n<table>\n<tbody>\n<tr>\n<td width=\"214\">Uzturv\u0113rt\u012bba<\/td>\n<td width=\"214\">1 tablet\u0113<\/td>\n<\/tr>\n<tr>\n<td width=\"214\">Cinks<\/td>\n<td width=\"214\">30mg<\/td>\n<\/tr>\n<\/tbody>\n<\/table>\n<div>Atsauces uzturv\u0113rt\u012bba \u2013 300%.<\/div>\n<div><\/div>\n<div><strong>Lieto\u0161ana:<\/strong> Ieteicam\u0101 lieto\u0161ana pieaugu\u0161ajiem \u2013 viena tablete vienu reizi dien\u0101, v\u0113lams p\u0113c \u0113dienreizes, uzdzerot \u016bdeni.<\/div>\n<div><\/div>\n<div><strong>Uzglab\u0101\u0161anas apst\u0101k\u013ci:<\/strong><\/div>\n<div><\/div>\n<div>Uzglab\u0101t v\u0113s\u0101, saus\u0101 viet\u0101. Sarg\u0101t no b\u0113rniem.<\/div>\n<div><\/div>\n<div>Ra\u017eot\u0101js: Swanson Health Products Inc., ASV.<\/div>\n<div>Neto daudzums: 250 tabletes<\/div>\n<div>Ieteicams l\u012bdz (der\u012bguma termi\u0146\u0161): ieteicams l\u012bdz datumam, kas nor\u0101d\u012bts iepakojuma s\u0101nos, aug\u0161pus\u0113 vai apak\u0161\u0101.<\/div>\n<div><\/div>\n<div><strong>Br\u012bdin\u0101jums:<\/strong><\/div>\n<div><\/div>\n<div>Uztura bag\u0101tin\u0101t\u0101js neaizst\u0101j uzturu. Svar\u012bgs ir daudzveid\u012bgs un sabalans\u0113ts uzturs un vesel\u012bgs dz\u012bvesveids. Ja esat gr\u016btniece, barojat b\u0113rnu ar kr\u016bti vai lietojat citas z\u0101les, pirms lieto\u0161anas konsult\u0113jieties ar \u0101rstu vai farmaceitu. Nep\u0101rsniedziet ieteicamo devu.<\/div>\n","protected":false},"excerpt":{"rendered":"<div>Swanson cinka uztura bag\u0101tin\u0101t\u0101js, kas ra\u017eots ASV, izce\u013cas ar augstu kvalit\u0101ti un uzticamu efektivit\u0101ti, kas balst\u012bta uz daudzu gadu ra\u017eo\u0161anas pieredzi.<\/div>\n<div><\/div>\n<div><strong>Galven\u0101s \u012bpa\u0161\u012bbas:<\/strong><\/div>\n<div><\/div>\n<div><strong>Cinks pal\u012bdz:<\/strong><\/div>\n<div><\/div>\n<ul>\n<li>uztur\u0113t norm\u0101lu im\u016bnsist\u0113mas darb\u012bbu<\/li>\n<li>uztur\u0113t norm\u0101lu \u0101das, matu un nagu st\u0101vokli<\/li>\n<li>uztur\u0113t norm\u0101lu kaulu st\u0101vokli<\/li>\n<li>uztur\u0113t norm\u0101lu redzes funkciju<\/li>\n<li>uztur\u0113t norm\u0101lu kognit\u012bvo funkciju<\/li>\n<li>uztur\u0113t norm\u0101lu DNS sint\u0113zi<\/li>\n<li>uztur\u0113t norm\u0101lu olbaltumvielu sint\u0113zi<\/li>\n<li>uztur\u0113t norm\u0101lu augl\u012bbu un reprodukt\u012bvo funkciju<\/li>\n<li>uztur\u0113t norm\u0101lu testosterona l\u012bmeni asin\u012bs<\/li>\n<li>uztur\u0113t norm\u0101lu sk\u0101bju-b\u0101zes vielmai\u0146u<\/li>\n<li>pal\u012bdz aizsarg\u0101t \u0161\u016bnas no oksidat\u012bv\u0101 stresa<\/li>\n<\/ul>\n","protected":false},"featured_media":43496,"comment_status":"open","ping_status":"closed","template":"","meta":{"inline_featured_image":false},"product_brand":[],"product_cat":[161,143],"product_tag":[],"class_list":{"0":"post-43625","1":"product","2":"type-product","3":"status-publish","4":"has-post-thumbnail","6":"product_cat-akcijas","7":"product_cat-vispareja-veseliba","9":"first","10":"instock","11":"sale","12":"shipping-taxable","13":"purchasable","14":"product-type-simple"},"_links":{"self":[{"href":"https:\/\/loosen.lt\/lv\/wp-json\/wp\/v2\/product\/43625","targetHints":{"allow":["GET"]}}],"collection":[{"href":"https:\/\/loosen.lt\/lv\/wp-json\/wp\/v2\/product"}],"about":[{"href":"https:\/\/loosen.lt\/lv\/wp-json\/wp\/v2\/types\/product"}],"replies":[{"embeddable":true,"href":"https:\/\/loosen.lt\/lv\/wp-json\/wp\/v2\/comments?post=43625"}],"wp:featuredmedia":[{"embeddable":true,"href":"https:\/\/loosen.lt\/lv\/wp-json\/wp\/v2\/media\/43496"}],"wp:attachment":[{"href":"https:\/\/loosen.lt\/lv\/wp-json\/wp\/v2\/media?parent=43625"}],"wp:term":[{"taxonomy":"product_brand","embeddable":true,"href":"https:\/\/loosen.lt\/lv\/wp-json\/wp\/v2\/product_brand?post=43625"},{"taxonomy":"product_cat","embeddable":true,"href":"https:\/\/loosen.lt\/lv\/wp-json\/wp\/v2\/product_cat?post=43625"},{"taxonomy":"product_tag","embeddable":true,"href":"https:\/\/loosen.lt\/lv\/wp-json\/wp\/v2\/product_tag?post=43625"}],"curies":[{"name":"wp","href":"https:\/\/api.w.org\/{rel}","templated":true}]}}