{"id":43627,"date":"2026-04-29T21:42:33","date_gmt":"2026-04-29T21:42:33","guid":{"rendered":"https:\/\/loosen.lt\/produktas\/swanson-magnezijs-250-kapsulas\/"},"modified":"2026-04-29T21:42:33","modified_gmt":"2026-04-29T21:42:33","slug":"swanson-magnezijs-250-kapsulas","status":"publish","type":"product","link":"https:\/\/loosen.lt\/lv\/produkts\/swanson-magnezijs-250-kapsulas\/","title":{"rendered":"Swanson MAGN\u0112ZIJS \u2013 250 kapsulas"},"content":{"rendered":"<p><strong>Sast\u0101vda\u013cas:<\/strong> magnija avots \u2013 magnija oks\u012bds; pal\u012bgvielas \u2013 r\u012bsu milti un \u017eelat\u012bns; emulgators \u2013 tauksk\u0101bju magnija s\u0101\u013ci<\/p>\n<table>\n<tbody>\n<tr>\n<td width=\"214\">Uzturv\u0113rt\u012bba<\/td>\n<td width=\"214\">2 kapsulas<\/td>\n<\/tr>\n<tr>\n<td width=\"214\">Magnija oks\u012bds<\/td>\n<td width=\"214\">400mg<\/td>\n<\/tr>\n<\/tbody>\n<\/table>\n<div>* atsauces uzturv\u0113rt\u012bba 107%.<\/div>\n<div><\/div>\n<div><strong>Lieto\u0161ana:<\/strong> Pieaugu\u0161ajiem ieteicams lietot vienu kapsulu divas reizes dien\u0101, uzdzerot \u016bdeni.<\/div>\n<div><\/div>\n<div><strong>Uzglab\u0101\u0161anas apst\u0101k\u013ci:<\/strong><\/div>\n<div><\/div>\n<div>Uzglab\u0101t v\u0113s\u0101, saus\u0101 viet\u0101. Sarg\u0101t no b\u0113rniem.<\/div>\n<div><\/div>\n<div>Ra\u017eot\u0101js: Swanson Health Products Inc., ASV.<\/div>\n<div>Neto daudzums: 250 kapsulas<\/div>\n<div>Ieteicams l\u012bdz (der\u012bguma termi\u0146\u0161): Ieteicams l\u012bdz datumam, kas nor\u0101d\u012bts iepakojuma s\u0101nos, aug\u0161pus\u0113 vai apak\u0161\u0101.<\/div>\n<div><\/div>\n<div><strong>Br\u012bdin\u0101jums:<\/strong><\/div>\n<div><\/div>\n<div>Uztura bag\u0101tin\u0101t\u0101js neaizst\u0101j p\u0101rtiku. Svar\u012bgs ir daudzveid\u012bgs un sabalans\u0113ts uzturs un vesel\u012bgs dz\u012bvesveids. Ja esat gr\u016btniece, barojat b\u0113rnu ar kr\u016bti vai lietojat citas z\u0101les, pirms lieto\u0161anas konsult\u0113jieties ar \u0101rstu vai farmaceitu. Nep\u0101rsniedziet ieteicamo devu.<\/div>\n<p>&nbsp;<\/p>\n","protected":false},"excerpt":{"rendered":"<div>Swanson magnija uztura bag\u0101tin\u0101t\u0101js N250, kas ra\u017eots ASV, izce\u013cas ar savu augsto kvalit\u0101ti un uzticamo efektivit\u0101ti, kuras pamat\u0101 ir daudzu gadu pieredze.<\/div>\n<div><\/div>\n<div><strong>Galven\u0101s \u012bpa\u0161\u012bbas:<\/strong><\/div>\n<div><\/div>\n<ul>\n<li>Magnijs pal\u012bdz mazin\u0101t nogurumu un izs\u012bkumu.<\/li>\n<li>Atbalsta norm\u0101lu musku\u013cu un nervu sist\u0113mas darb\u012bbu.<\/li>\n<li>Veicina vesel\u012bgu kaulu un zobu vesel\u012bbu.<\/li>\n<li>Pal\u012bdz uztur\u0113t psiholo\u0123isk\u0101s funkcijas.<\/li>\n<\/ul>\n","protected":false},"featured_media":43501,"comment_status":"open","ping_status":"closed","template":"","meta":{"inline_featured_image":false},"product_brand":[],"product_cat":[161,144],"product_tag":[],"class_list":{"0":"post-43627","1":"product","2":"type-product","3":"status-publish","4":"has-post-thumbnail","6":"product_cat-akcijas","7":"product_cat-energija","9":"first","10":"outofstock","11":"sale","12":"shipping-taxable","13":"purchasable","14":"product-type-simple"},"_links":{"self":[{"href":"https:\/\/loosen.lt\/lv\/wp-json\/wp\/v2\/product\/43627","targetHints":{"allow":["GET"]}}],"collection":[{"href":"https:\/\/loosen.lt\/lv\/wp-json\/wp\/v2\/product"}],"about":[{"href":"https:\/\/loosen.lt\/lv\/wp-json\/wp\/v2\/types\/product"}],"replies":[{"embeddable":true,"href":"https:\/\/loosen.lt\/lv\/wp-json\/wp\/v2\/comments?post=43627"}],"wp:featuredmedia":[{"embeddable":true,"href":"https:\/\/loosen.lt\/lv\/wp-json\/wp\/v2\/media\/43501"}],"wp:attachment":[{"href":"https:\/\/loosen.lt\/lv\/wp-json\/wp\/v2\/media?parent=43627"}],"wp:term":[{"taxonomy":"product_brand","embeddable":true,"href":"https:\/\/loosen.lt\/lv\/wp-json\/wp\/v2\/product_brand?post=43627"},{"taxonomy":"product_cat","embeddable":true,"href":"https:\/\/loosen.lt\/lv\/wp-json\/wp\/v2\/product_cat?post=43627"},{"taxonomy":"product_tag","embeddable":true,"href":"https:\/\/loosen.lt\/lv\/wp-json\/wp\/v2\/product_tag?post=43627"}],"curies":[{"name":"wp","href":"https:\/\/api.w.org\/{rel}","templated":true}]}}