{"id":43628,"date":"2026-04-29T21:41:25","date_gmt":"2026-04-29T21:41:25","guid":{"rendered":"https:\/\/loosen.lt\/produktas\/swanson-pienskabes-bakterijas-probiotikas-4-60-kapsulas\/"},"modified":"2026-04-29T21:41:25","modified_gmt":"2026-04-29T21:41:25","slug":"swanson-pienskabes-bakterijas-probiotikas-4-60-kapsulas","status":"publish","type":"product","link":"https:\/\/loosen.lt\/lv\/produkts\/swanson-pienskabes-bakterijas-probiotikas-4-60-kapsulas\/","title":{"rendered":"Swanson piensk\u0101bes bakt\u0113rijas (probiotikas 4) \u2013 60 kapsulas"},"content":{"rendered":"<p><strong>Sast\u0101vda\u013cas:<\/strong> prebiotiskie fruktooligosahar\u012bdi, k\u0101 ar\u012b biezin\u0101t\u0101ji, ko izmanto kapsulas veido\u0161anai un stabilit\u0101tes nodro\u0161in\u0101\u0161anai (gell\u0101na sve\u0137i, hidroksipropilmetilceluloze, mikrokrist\u0101lisk\u0101 celuloze). Satur ar\u012b emulgatoru &#8211; tauksk\u0101bju magnija s\u0101\u013cus un salip\u0161anas l\u012bdzekli &#8211; sil\u012bcija dioks\u012bdu. Galven\u0101 akt\u012bv\u0101 viela ir piensk\u0101bes bakt\u0113riju mais\u012bjums: Bifidobacterium lactis, Lactobacillus casei, Lactobacillus acidophilus un Bifidobacterium bifidum.<\/p>\n<p>&nbsp;<\/p>\n<table>\n<tbody>\n<tr>\n<td width=\"214\">Uzturv\u0113rt\u012bba<\/td>\n<td width=\"214\">1 kapsula<\/td>\n<\/tr>\n<tr>\n<td width=\"214\">Bifidobacterium lactis<\/td>\n<td width=\"214\">1,5mlrd<\/td>\n<\/tr>\n<tr>\n<td width=\"214\">Lactobacillus casei<\/td>\n<td width=\"214\">750mln<\/td>\n<\/tr>\n<tr>\n<td width=\"214\">Lactobacillus acidophilus<\/td>\n<td width=\"214\">350mln<\/td>\n<\/tr>\n<tr>\n<td width=\"214\">Bifidobacterium bifidum<\/td>\n<td width=\"214\">350mln<\/td>\n<\/tr>\n<tr>\n<td width=\"214\">Prebiotikas<\/td>\n<td width=\"214\">125mg<\/td>\n<\/tr>\n<\/tbody>\n<\/table>\n<div>* dz\u012bvotsp\u0113j\u012bgas koloniju veidojo\u0161\u0101s vien\u012bbas.<\/div>\n<div><\/div>\n<div><strong>Devas:<\/strong> Pieaugu\u0161ajiem \u2013 1 kapsula dien\u0101, uzdzerot \u016bdeni<\/div>\n<div><\/div>\n<div><strong>Uzglab\u0101\u0161anas apst\u0101k\u013ci:<\/strong><\/div>\n<div><\/div>\n<div>Uzglab\u0101t v\u0113s\u0101, saus\u0101 viet\u0101. Sarg\u0101t no b\u0113rniem.<\/div>\n<div><\/div>\n<div>Ra\u017eot\u0101js: Swanson Health Products Inc., ASV.<\/div>\n<div>Neto saturs: 60 kapsulas<\/div>\n<div>Ieteicams l\u012bdz (der\u012bguma termi\u0146\u0161): Ieteicams l\u012bdz datumam, kas nor\u0101d\u012bts iepakojuma s\u0101nos, aug\u0161pus\u0113 vai apak\u0161\u0101.<\/div>\n<div><\/div>\n<div><strong>Br\u012bdin\u0101jums:<\/strong><\/div>\n<div><\/div>\n<div>Uztura bag\u0101tin\u0101t\u0101js neaizst\u0101j p\u0101rtiku. Svar\u012bgs ir daudzveid\u012bgs un sabalans\u0113ts uzturs un vesel\u012bgs dz\u012bvesveids. Ja esat gr\u016btniece, barojat b\u0113rnu ar kr\u016bti vai lietojat citas z\u0101les, pirms lieto\u0161anas konsult\u0113jieties ar \u0101rstu vai farmaceitu. Nep\u0101rsniedziet ieteicamo devu.<\/div>\n<p>&nbsp;<\/p>\n<p>&nbsp;<\/p>\n","protected":false},"excerpt":{"rendered":"<div>Swanson Probiotics-4, kas ra\u017eots ASV, ir augstas kvalit\u0101tes un uzticams sav\u0101 efektivit\u0101t\u0113, ko apliecina daudzu gadu ra\u017eo\u0161anas pieredze.<\/div>\n<div><\/div>\n<div><strong>Galven\u0101s \u012bpa\u0161\u012bbas:<\/strong><\/div>\n<div><\/div>\n<ul>\n<li>Lactobacillus acidophilus: Var uzlabot laktozes sagremo\u0161anu.<\/li>\n<li>Fruktooligosahar\u012bdi (FOS): Veicina bifidobakt\u0113riju aug\u0161anu zarn\u0101s.<\/li>\n<\/ul>\n","protected":false},"featured_media":43506,"comment_status":"open","ping_status":"closed","template":"","meta":{"inline_featured_image":false},"product_brand":[],"product_cat":[161,157],"product_tag":[],"class_list":{"0":"post-43628","1":"product","2":"type-product","3":"status-publish","4":"has-post-thumbnail","6":"product_cat-akcijas","7":"product_cat-gremosana-un-zarnas","9":"first","10":"instock","11":"sale","12":"shipping-taxable","13":"purchasable","14":"product-type-simple"},"_links":{"self":[{"href":"https:\/\/loosen.lt\/lv\/wp-json\/wp\/v2\/product\/43628","targetHints":{"allow":["GET"]}}],"collection":[{"href":"https:\/\/loosen.lt\/lv\/wp-json\/wp\/v2\/product"}],"about":[{"href":"https:\/\/loosen.lt\/lv\/wp-json\/wp\/v2\/types\/product"}],"replies":[{"embeddable":true,"href":"https:\/\/loosen.lt\/lv\/wp-json\/wp\/v2\/comments?post=43628"}],"wp:featuredmedia":[{"embeddable":true,"href":"https:\/\/loosen.lt\/lv\/wp-json\/wp\/v2\/media\/43506"}],"wp:attachment":[{"href":"https:\/\/loosen.lt\/lv\/wp-json\/wp\/v2\/media?parent=43628"}],"wp:term":[{"taxonomy":"product_brand","embeddable":true,"href":"https:\/\/loosen.lt\/lv\/wp-json\/wp\/v2\/product_brand?post=43628"},{"taxonomy":"product_cat","embeddable":true,"href":"https:\/\/loosen.lt\/lv\/wp-json\/wp\/v2\/product_cat?post=43628"},{"taxonomy":"product_tag","embeddable":true,"href":"https:\/\/loosen.lt\/lv\/wp-json\/wp\/v2\/product_tag?post=43628"}],"curies":[{"name":"wp","href":"https:\/\/api.w.org\/{rel}","templated":true}]}}