{"id":43629,"date":"2026-04-29T21:37:04","date_gmt":"2026-04-29T21:37:04","guid":{"rendered":"https:\/\/loosen.lt\/produktas\/swanson-selens-100-mcg-200-kapsulas\/"},"modified":"2026-04-29T21:37:04","modified_gmt":"2026-04-29T21:37:04","slug":"swanson-selens-100-mcg-200-kapsulas","status":"publish","type":"product","link":"https:\/\/loosen.lt\/lv\/produkts\/swanson-selens-100-mcg-200-kapsulas\/","title":{"rendered":"Swanson SEL\u0112NS 100 MCG \u2013 200 kapsulas"},"content":{"rendered":"<p><strong>Sast\u0101vda\u013cas:<\/strong> r\u012bsu milti, \u017eelat\u012bns, L-selenometion\u012bns.<\/p>\n<table>\n<tbody>\n<tr>\n<td width=\"214\">Uzturv\u0113rt\u012bba<\/td>\n<td width=\"214\">1 kapsula<\/td>\n<\/tr>\n<tr>\n<td width=\"214\">Sel\u0113ns (L-selenometion\u012bns)<\/td>\n<td width=\"214\">100\u00b5g*<\/td>\n<\/tr>\n<\/tbody>\n<\/table>\n<div>*atsauces uzturv\u0113rt\u012bba 182%<\/div>\n<div><\/div>\n<div><strong>Lieto\u0161ana:<\/strong> Ieteicam\u0101 lieto\u0161ana: 1 kapsula vienu vai divas reizes dien\u0101, uzdzerot \u016bdeni.<\/div>\n<div><\/div>\n<div><strong>Uzglab\u0101\u0161anas apst\u0101k\u013ci:<\/strong><\/div>\n<div><\/div>\n<div>Uzglab\u0101t v\u0113s\u0101, saus\u0101 viet\u0101. Sarg\u0101t no b\u0113rniem.<\/div>\n<div><\/div>\n<div>Ra\u017eot\u0101js: Swanson Health Products Inc., ASV.<\/div>\n<div>Neto daudzums: (200 kapsulas).<\/div>\n<div>Ieteicams l\u012bdz (der\u012bguma termi\u0146\u0161): Ieteicams l\u012bdz datumam, kas nor\u0101d\u012bts iepakojuma s\u0101nos, aug\u0161pus\u0113 vai apak\u0161\u0101.<\/div>\n<div><\/div>\n<div><strong>Br\u012bdin\u0101jums:<\/strong><\/div>\n<div><\/div>\n<div>Uztura bag\u0101tin\u0101t\u0101js neaizst\u0101j p\u0101rtiku. Svar\u012bgs ir daudzveid\u012bgs un sabalans\u0113ts uzturs un vesel\u012bgs dz\u012bvesveids. Ja esat gr\u016btniece, barojat b\u0113rnu ar kr\u016bti vai lietojat citas z\u0101les, pirms lieto\u0161anas konsult\u0113jieties ar \u0101rstu vai farmaceitu. Nep\u0101rsniedziet ieteicamo devu.<\/div>\n<p>&nbsp;<\/p>\n","protected":false},"excerpt":{"rendered":"<div>Swanson Selenium uztura bag\u0101tin\u0101t\u0101js ir ra\u017eots ASV, iev\u0113rojot augstus kvalit\u0101tes standartus. Ra\u017eot\u0101ja daudzu gadu pieredze nodro\u0161ina produktu nemain\u012bgi augstu kvalit\u0101ti, uzticam\u012bbu un efektivit\u0101ti.<\/div>\n<div><\/div>\n<div><strong>Galven\u0101s \u012bpa\u0161\u012bbas:<\/strong><\/div>\n<div><\/div>\n<ul>\n<li>Sel\u0113ns atbalsta spermato\u0123en\u0113zi<\/li>\n<li>Sel\u0113ns atbalsta matu st\u0101vokli<\/li>\n<li>Sel\u0113ns atbalsta nagu st\u0101vokli<\/li>\n<li>Sel\u0113ns atbalsta imunit\u0101ti<\/li>\n<li>Sel\u0113ns atbalsta vairogdziedzera darb\u012bbu<\/li>\n<li>Sel\u0113ns aizsarg\u0101 \u0161\u016bnas no oksidat\u012bviem boj\u0101jumiem<\/li>\n<\/ul>\n","protected":false},"featured_media":43511,"comment_status":"open","ping_status":"closed","template":"","meta":{"inline_featured_image":false},"product_brand":[],"product_cat":[161,148],"product_tag":[],"class_list":{"0":"post-43629","1":"product","2":"type-product","3":"status-publish","4":"has-post-thumbnail","6":"product_cat-akcijas","7":"product_cat-imunitate","9":"first","10":"instock","11":"sale","12":"shipping-taxable","13":"purchasable","14":"product-type-simple"},"_links":{"self":[{"href":"https:\/\/loosen.lt\/lv\/wp-json\/wp\/v2\/product\/43629","targetHints":{"allow":["GET"]}}],"collection":[{"href":"https:\/\/loosen.lt\/lv\/wp-json\/wp\/v2\/product"}],"about":[{"href":"https:\/\/loosen.lt\/lv\/wp-json\/wp\/v2\/types\/product"}],"replies":[{"embeddable":true,"href":"https:\/\/loosen.lt\/lv\/wp-json\/wp\/v2\/comments?post=43629"}],"wp:featuredmedia":[{"embeddable":true,"href":"https:\/\/loosen.lt\/lv\/wp-json\/wp\/v2\/media\/43511"}],"wp:attachment":[{"href":"https:\/\/loosen.lt\/lv\/wp-json\/wp\/v2\/media?parent=43629"}],"wp:term":[{"taxonomy":"product_brand","embeddable":true,"href":"https:\/\/loosen.lt\/lv\/wp-json\/wp\/v2\/product_brand?post=43629"},{"taxonomy":"product_cat","embeddable":true,"href":"https:\/\/loosen.lt\/lv\/wp-json\/wp\/v2\/product_cat?post=43629"},{"taxonomy":"product_tag","embeddable":true,"href":"https:\/\/loosen.lt\/lv\/wp-json\/wp\/v2\/product_tag?post=43629"}],"curies":[{"name":"wp","href":"https:\/\/api.w.org\/{rel}","templated":true}]}}