{"id":43630,"date":"2026-04-29T21:33:56","date_gmt":"2026-04-29T21:33:56","guid":{"rendered":"https:\/\/loosen.lt\/produktas\/swanson-koenzims-q10-200-mg-30-kapsulas\/"},"modified":"2026-04-29T21:33:56","modified_gmt":"2026-04-29T21:33:56","slug":"swanson-koenzims-q10-200-mg-30-kapsulas","status":"publish","type":"product","link":"https:\/\/loosen.lt\/lv\/produkts\/swanson-koenzims-q10-200-mg-30-kapsulas\/","title":{"rendered":"Swanson koenz\u012bms Q10 200 mg \u2013 30 kapsulas"},"content":{"rendered":"<p>Sast\u0101vda\u013cas: koenz\u012bms Q10, \u017eelat\u012bns, r\u012bsu milti, emulgators (tauksk\u0101bju magnija s\u0101\u013ci) un pretsalipes viela (sil\u012bcija dioks\u012bds).<\/p>\n<table>\n<tbody>\n<tr>\n<td width=\"214\">Uzturv\u0113rt\u012bba<\/td>\n<td width=\"214\">1 kapsula<\/td>\n<\/tr>\n<tr>\n<td width=\"214\">Koenz\u012bms Q10<\/td>\n<td width=\"214\">200mg<\/td>\n<\/tr>\n<\/tbody>\n<\/table>\n<p>&nbsp;<\/p>\n<div><strong>Lieto\u0161ana:<\/strong> 1 kapsula vienu reizi dien\u0101, uzdzerot \u016bdeni.<\/div>\n<div><\/div>\n<div><strong>Uzglab\u0101\u0161anas apst\u0101k\u013ci:<\/strong><\/div>\n<div><\/div>\n<div>Uzglab\u0101t v\u0113s\u0101, saus\u0101 viet\u0101. Sarg\u0101t no b\u0113rniem.<\/div>\n<div><\/div>\n<div>Ra\u017eot\u0101js: Swanson Health Products Inc., ASV.<\/div>\n<div>Neto daudzums: 30 kapsulas<\/div>\n<div>Ieteicams l\u012bdz (der\u012bguma termi\u0146\u0161): Ieteicams l\u012bdz datumam, kas nor\u0101d\u012bts iepakojuma s\u0101nos, aug\u0161pus\u0113 vai apak\u0161\u0101.<\/div>\n<div><\/div>\n<div><strong>Br\u012bdin\u0101jums:<\/strong><\/div>\n<div><\/div>\n<div>Uztura bag\u0101tin\u0101t\u0101js neaizst\u0101j p\u0101rtiku. Svar\u012bgs ir daudzveid\u012bgs un sabalans\u0113ts uzturs un vesel\u012bgs dz\u012bvesveids. Ja esat gr\u016btniece, barojat b\u0113rnu ar kr\u016bti vai lietojat citas z\u0101les, pirms lieto\u0161anas konsult\u0113jieties ar \u0101rstu vai farmaceitu. Nep\u0101rsniedziet ieteicamo devu.<\/div>\n","protected":false},"excerpt":{"rendered":"<div>Swanson koenz\u012bms Q10, kas ra\u017eots ASV, ir augstas kvalit\u0101tes un efekt\u012bvs<\/div>\n<div><\/div>\n<div><strong>Galven\u0101s \u012bpa\u0161\u012bbas:<\/strong><\/div>\n<div><\/div>\n<ul>\n<li>ener\u0123ijas ra\u017eo\u0161ana<\/li>\n<li>atbalsta sirds darb\u012bbu<\/li>\n<li>atbalsta nieru un nervu sist\u0113mas darb\u012bbu<\/li>\n<\/ul>\n","protected":false},"featured_media":43516,"comment_status":"open","ping_status":"closed","template":"","meta":{"inline_featured_image":false},"product_brand":[],"product_cat":[161,158,144],"product_tag":[],"class_list":{"0":"post-43630","1":"product","2":"type-product","3":"status-publish","4":"has-post-thumbnail","6":"product_cat-akcijas","7":"product_cat-sirds-un-asins-plusma","8":"product_cat-energija","10":"first","11":"instock","12":"sale","13":"shipping-taxable","14":"purchasable","15":"product-type-simple"},"_links":{"self":[{"href":"https:\/\/loosen.lt\/lv\/wp-json\/wp\/v2\/product\/43630","targetHints":{"allow":["GET"]}}],"collection":[{"href":"https:\/\/loosen.lt\/lv\/wp-json\/wp\/v2\/product"}],"about":[{"href":"https:\/\/loosen.lt\/lv\/wp-json\/wp\/v2\/types\/product"}],"replies":[{"embeddable":true,"href":"https:\/\/loosen.lt\/lv\/wp-json\/wp\/v2\/comments?post=43630"}],"wp:featuredmedia":[{"embeddable":true,"href":"https:\/\/loosen.lt\/lv\/wp-json\/wp\/v2\/media\/43516"}],"wp:attachment":[{"href":"https:\/\/loosen.lt\/lv\/wp-json\/wp\/v2\/media?parent=43630"}],"wp:term":[{"taxonomy":"product_brand","embeddable":true,"href":"https:\/\/loosen.lt\/lv\/wp-json\/wp\/v2\/product_brand?post=43630"},{"taxonomy":"product_cat","embeddable":true,"href":"https:\/\/loosen.lt\/lv\/wp-json\/wp\/v2\/product_cat?post=43630"},{"taxonomy":"product_tag","embeddable":true,"href":"https:\/\/loosen.lt\/lv\/wp-json\/wp\/v2\/product_tag?post=43630"}],"curies":[{"name":"wp","href":"https:\/\/api.w.org\/{rel}","templated":true}]}}