{"id":43632,"date":"2026-04-29T21:30:50","date_gmt":"2026-04-29T21:30:50","guid":{"rendered":"https:\/\/loosen.lt\/produktas\/swanson-l-arginins-100-kapsulas\/"},"modified":"2026-04-29T21:30:50","modified_gmt":"2026-04-29T21:30:50","slug":"swanson-l-arginins-100-kapsulas","status":"publish","type":"product","link":"https:\/\/loosen.lt\/lv\/produkts\/swanson-l-arginins-100-kapsulas\/","title":{"rendered":"Swanson L-argin\u012bns \u2013 100 kapsulas"},"content":{"rendered":"<p><strong>Sast\u0101vda\u013cas:<\/strong> L-argin\u012bns, kapsulas apvalks (\u017eelat\u012bns), emulgators \u2013 tauksk\u0101bju magnija s\u0101\u013ci.<\/p>\n<table>\n<tbody>\n<tr>\n<td width=\"214\">Uzturv\u0113rt\u012bba<\/td>\n<td width=\"214\">1 kapsula<\/td>\n<td width=\"214\">2 kapsulas<\/td>\n<\/tr>\n<tr>\n<td width=\"214\">L-argin\u012bns<\/td>\n<td width=\"214\">500mg<\/td>\n<td width=\"214\">1000mg<\/td>\n<\/tr>\n<\/tbody>\n<\/table>\n<p>&nbsp;<\/p>\n<div><strong>Lieto\u0161ana:<\/strong> Pieaugu\u0161ajiem lietot 1 kapsulu 1-2 reizes dien\u0101 \u0113dienrei\u017eu laik\u0101, uzdzerot \u016bdeni.<\/div>\n<div><\/div>\n<div><strong>Uzglab\u0101\u0161anas apst\u0101k\u013ci:<\/strong><\/div>\n<div><\/div>\n<div>Uzglab\u0101t v\u0113s\u0101, saus\u0101 viet\u0101. Sarg\u0101t no b\u0113rniem.<\/div>\n<div><\/div>\n<div>Ra\u017eot\u0101js: Swanson Health Products Inc., ASV.<\/div>\n<div>Neto saturs: 68 g (100 kapsulas).<\/div>\n<div>Ieteicams l\u012bdz (der\u012bguma termi\u0146\u0161): Ieteicams l\u012bdz datumam, kas nor\u0101d\u012bts iepakojuma s\u0101nos, aug\u0161pus\u0113 vai apak\u0161\u0101.<\/div>\n<div><\/div>\n<div><strong>Br\u012bdin\u0101jums:<\/strong><\/div>\n<div><\/div>\n<div>Uztura bag\u0101tin\u0101t\u0101js neaizst\u0101j uzturu. Svar\u012bgs ir daudzveid\u012bgs un sabalans\u0113ts uzturs un vesel\u012bgs dz\u012bvesveids. Ja esat gr\u016btniece, barojat b\u0113rnu ar kr\u016bti vai lietojat citas z\u0101les, pirms lieto\u0161anas konsult\u0113jieties ar \u0101rstu vai farmaceitu. Nep\u0101rsniedziet ieteicamo devu.<\/div>\n","protected":false},"excerpt":{"rendered":"<div>Swanson L-Arginine, 100 kapsulas \u2013 uztura bag\u0101tin\u0101t\u0101js ar L-argin\u012bnu<\/div>\n<div><\/div>\n<div><strong>Galven\u0101s \u012bpa\u0161\u012bbas:<\/strong><\/div>\n<div><\/div>\n<ul>\n<li>Piedal\u0101s olbaltumvielu sint\u0113zes procesos<\/li>\n<li>Svar\u012bgi sl\u0101pek\u013ca oks\u012bda ra\u017eo\u0161anai, kas uztur norm\u0101lu asinsriti<\/li>\n<\/ul>\n","protected":false},"featured_media":43526,"comment_status":"open","ping_status":"closed","template":"","meta":{"inline_featured_image":false},"product_brand":[],"product_cat":[161,153],"product_tag":[],"class_list":{"0":"post-43632","1":"product","2":"type-product","3":"status-publish","4":"has-post-thumbnail","6":"product_cat-akcijas","7":"product_cat-muskuli","9":"first","10":"instock","11":"sale","12":"shipping-taxable","13":"purchasable","14":"product-type-simple"},"_links":{"self":[{"href":"https:\/\/loosen.lt\/lv\/wp-json\/wp\/v2\/product\/43632","targetHints":{"allow":["GET"]}}],"collection":[{"href":"https:\/\/loosen.lt\/lv\/wp-json\/wp\/v2\/product"}],"about":[{"href":"https:\/\/loosen.lt\/lv\/wp-json\/wp\/v2\/types\/product"}],"replies":[{"embeddable":true,"href":"https:\/\/loosen.lt\/lv\/wp-json\/wp\/v2\/comments?post=43632"}],"wp:featuredmedia":[{"embeddable":true,"href":"https:\/\/loosen.lt\/lv\/wp-json\/wp\/v2\/media\/43526"}],"wp:attachment":[{"href":"https:\/\/loosen.lt\/lv\/wp-json\/wp\/v2\/media?parent=43632"}],"wp:term":[{"taxonomy":"product_brand","embeddable":true,"href":"https:\/\/loosen.lt\/lv\/wp-json\/wp\/v2\/product_brand?post=43632"},{"taxonomy":"product_cat","embeddable":true,"href":"https:\/\/loosen.lt\/lv\/wp-json\/wp\/v2\/product_cat?post=43632"},{"taxonomy":"product_tag","embeddable":true,"href":"https:\/\/loosen.lt\/lv\/wp-json\/wp\/v2\/product_tag?post=43632"}],"curies":[{"name":"wp","href":"https:\/\/api.w.org\/{rel}","templated":true}]}}