{"id":43635,"date":"2026-04-29T21:27:57","date_gmt":"2026-04-29T21:27:57","guid":{"rendered":"https:\/\/loosen.lt\/produktas\/nutrend-flexit-gold-dzeriens-400-g-apelsinu-garsa\/"},"modified":"2026-04-29T21:27:57","modified_gmt":"2026-04-29T21:27:57","slug":"nutrend-flexit-gold-dzeriens-400-g-apelsinu-garsa","status":"publish","type":"product","link":"https:\/\/loosen.lt\/lv\/produkts\/nutrend-flexit-gold-dzeriens-400-g-apelsinu-garsa\/","title":{"rendered":"Nutrend Flexit Gold dz\u0113riens 400 g apels\u012bnu gar\u0161a"},"content":{"rendered":"<div><strong>Sast\u0101vda\u013cas:<\/strong> hidroliz\u0113ts kolag\u0113ns (ieskaitot zivju kolag\u0113nu, 2,5% &#8211; Noticol\u00ae), maltodekstr\u012bns, glikozam\u012bna sulf\u0101ta k\u0101lija s\u0101ls no v\u0113\u017eveid\u012bgajiem, hondroit\u012bna sulf\u0101ts. Sk\u0101bumu regul\u0113 citronsk\u0101be un \u0101bolsk\u0101be, pievienotas papildu aromatiz\u0113t\u0101ji. Satur ar\u012b MSM (metilsulfonilmet\u0101nu), bosv\u0113lijas \u0161\u0137iedru ekstraktu (20% beta-bosvel\u012bnsk\u0101be, 10% acetil-keto-beta-bosvel\u012bnsk\u0101be &#8211; Boswellin\u00ae PS), hialuronsk\u0101bi (n\u0101trija s\u0101li), C vitam\u012bnu (L-askorb\u012bnsk\u0101bi), B6 \u200b\u200bvitam\u012bnu (piridoks\u012bna hidrohlor\u012bdu) un D vitam\u012bnu (holekalciferolu). Stabilizatori &#8211; ak\u0101cijas sve\u0137i un<\/div>\n<div>ksant\u0101na sve\u0137i, lip\u012bgumu regul\u0113 monokalcija fosf\u0101ts un sil\u012bcija dioks\u012bds. Sukraloze un steviolglikoz\u012bdi tiek izmantoti gar\u0161as un salduma nodro\u0161in\u0101\u0161anai, bet beta-karot\u012bns &#8211; kr\u0101sai.<\/div>\n<div><\/div>\n<div><strong>Inform\u0101cija par alerg\u0113niem:<\/strong> Satur zivis un v\u0113\u017eveid\u012bgos. Var satur\u0113t nelielas sojas un piena olbaltumvielu p\u0113das.<\/div>\n<div><\/div>\n<div>\n<table>\n<tbody>\n<tr>\n<td width=\"214\">Uzturv\u0113rt\u012bba<\/td>\n<td width=\"214\">100G<\/td>\n<td width=\"214\">1 porcija \u2013 20 g<\/td>\n<\/tr>\n<tr>\n<td width=\"214\">C vitam\u012bns<\/td>\n<td width=\"214\">500 mg (625% RMV*)<\/td>\n<td width=\"214\">100 mg (125% RMV*)<\/td>\n<\/tr>\n<tr>\n<td width=\"214\">B6 vitam\u012bns<\/td>\n<td width=\"214\">25 mg (1786% RMV*)<\/td>\n<td width=\"214\">5 mg (357% RMV*)<\/td>\n<\/tr>\n<tr>\n<td width=\"214\">D3 vitam\u012bns<\/td>\n<td width=\"214\">37,5 \u00b5g (750% RMV*)<\/td>\n<td width=\"214\">7,5 \u00b5g (150% RMV*)<\/td>\n<\/tr>\n<tr>\n<td width=\"214\">Kolag\u0113na prote\u012bni<\/td>\n<td width=\"214\">45000mg<\/td>\n<td width=\"214\">9000mg<\/td>\n<\/tr>\n<tr>\n<td width=\"214\">Hondroit\u012bna sulf\u0101ts<\/td>\n<td width=\"214\">7500mg<\/td>\n<td width=\"214\">1500mg<\/td>\n<\/tr>\n<tr>\n<td width=\"214\">Glikozam\u012bna sulf\u0101ts<\/td>\n<td width=\"214\">600mg<\/td>\n<td width=\"214\">1200mg<\/td>\n<\/tr>\n<tr>\n<td width=\"214\">Metilsulfonilmet\u0101ns (MSM)<\/td>\n<td width=\"214\">7500mg<\/td>\n<td width=\"214\">1500mg<\/td>\n<\/tr>\n<tr>\n<td width=\"214\">\u0160\u0137iedru bosv\u0113lija<\/td>\n<td width=\"214\">1000mg<\/td>\n<td width=\"214\">200mg<\/td>\n<\/tr>\n<tr>\n<td width=\"214\">Hialuronsk\u0101be (n\u0101trija s\u0101ls)<\/td>\n<td width=\"214\">100mg<\/td>\n<td width=\"214\">20mg<\/td>\n<\/tr>\n<tr>\n<td width=\"214\">* RMV% \u2013 uzturv\u0113rt\u012bbas atsauces v\u0113rt\u012bba<\/td>\n<td width=\"214\">&nbsp;<\/td>\n<td width=\"214\">&nbsp;<\/td>\n<\/tr>\n<\/tbody>\n<\/table>\n<\/div>\n<p>&nbsp;<\/p>\n<div><strong>Lieto\u0161ana:<\/strong> Sajauciet 20 g produkta (apm\u0113ram 3\/4 m\u0113rkarotes) ar 250\u2013300 ml \u016bdens. Dzeriet no r\u012bta, tuk\u0161\u0101 d\u016b\u0161\u0101, un papildus nodro\u0161iniet pietiekamu \u0161\u0137idruma uz\u0146em\u0161anu.<\/div>\n<div><\/div>\n<div><strong>Uzglab\u0101\u0161anas apst\u0101k\u013ci:<\/strong><\/div>\n<div><\/div>\n<div>Uzglab\u0101t v\u0113s\u0101, saus\u0101 viet\u0101. Sarg\u0101t no b\u0113rniem.<\/div>\n<div><\/div>\n<div>Ra\u017eot\u0101js: NUTREND D.S., a.s., Chv\u00e1lkovice 604, 779 00 Olomouc, \u010cehijas Republika.<\/div>\n<div>Neto daudzums: 400 g.<\/div>\n<div>Ieteicams l\u012bdz (der\u012bguma termi\u0146\u0161): ieteicams l\u012bdz datumam, kas nor\u0101d\u012bts iepakojuma s\u0101nos, aug\u0161pus\u0113 vai apak\u0161\u0101.<\/div>\n<div><\/div>\n<div><strong>Br\u012bdin\u0101jums:<\/strong><\/div>\n<div><\/div>\n<div>Uztura bag\u0101tin\u0101t\u0101js neaizst\u0101j uzturu. Svar\u012bgs ir daudzveid\u012bgs un sabalans\u0113ts uzturs un vesel\u012bgs dz\u012bvesveids. Ja esat gr\u016btniece, barojat b\u0113rnu ar kr\u016bti vai lietojat citas z\u0101les, pirms lieto\u0161anas konsult\u0113jieties ar \u0101rstu vai farmaceitu. Nep\u0101rsniedziet ieteicamo devu.<\/div>\n","protected":false},"excerpt":{"rendered":"<div>NUTREND FLEXIT GOLD DRINK 400 g \u2013 uztura bag\u0101tin\u0101t\u0101js ar 8 reizes vair\u0101k hondroit\u012bna un 5 reizes vair\u0101k glikozam\u012bna nek\u0101 parastais NUTREND FLEXIT<\/div>\n<div><\/div>\n<div><strong>Galven\u0101s \u012bpa\u0161\u012bbas:<\/strong><\/div>\n<div><\/div>\n<ul>\n<li><strong>C vitam\u012bns:<\/strong> Veicina norm\u0101lu kolag\u0113na veido\u0161anos, kas uztur \u0101das, skrim\u0161\u013cu, kaulu, zobu un asinsvadu darb\u012bbu; veicina norm\u0101las imunit\u0101tes uztur\u0113\u0161anu un aizsardz\u012bbu pret oksidat\u012bvo stresu<\/li>\n<li><strong>B6 vitam\u012bns:<\/strong> Atbalsta norm\u0101lu olbaltumvielu un glikog\u0113na metabolismu, nervu sist\u0113mas darb\u012bbu un hormonu aktivit\u0101ti<\/li>\n<li><strong>D3 vitam\u012bns:<\/strong> Veicina norm\u0101lu kalcija un fosfora uzs\u016bk\u0161anos, atbalsta kaulu un musku\u013cu darb\u012bbu, imunit\u0101ti un norm\u0101lu zobu st\u0101vokli<\/li>\n<li><strong>Kolag\u0113ns:<\/strong> Atbalsta \u0101das st\u0101vokli<\/li>\n<\/ul>\n","protected":false},"featured_media":43541,"comment_status":"open","ping_status":"closed","template":"","meta":{"inline_featured_image":false},"product_brand":[],"product_cat":[161,149],"product_tag":[],"class_list":{"0":"post-43635","1":"product","2":"type-product","3":"status-publish","4":"has-post-thumbnail","6":"product_cat-akcijas","7":"product_cat-kauli-un-locitavas","9":"first","10":"outofstock","11":"sale","12":"shipping-taxable","13":"purchasable","14":"product-type-simple"},"_links":{"self":[{"href":"https:\/\/loosen.lt\/lv\/wp-json\/wp\/v2\/product\/43635","targetHints":{"allow":["GET"]}}],"collection":[{"href":"https:\/\/loosen.lt\/lv\/wp-json\/wp\/v2\/product"}],"about":[{"href":"https:\/\/loosen.lt\/lv\/wp-json\/wp\/v2\/types\/product"}],"replies":[{"embeddable":true,"href":"https:\/\/loosen.lt\/lv\/wp-json\/wp\/v2\/comments?post=43635"}],"wp:featuredmedia":[{"embeddable":true,"href":"https:\/\/loosen.lt\/lv\/wp-json\/wp\/v2\/media\/43541"}],"wp:attachment":[{"href":"https:\/\/loosen.lt\/lv\/wp-json\/wp\/v2\/media?parent=43635"}],"wp:term":[{"taxonomy":"product_brand","embeddable":true,"href":"https:\/\/loosen.lt\/lv\/wp-json\/wp\/v2\/product_brand?post=43635"},{"taxonomy":"product_cat","embeddable":true,"href":"https:\/\/loosen.lt\/lv\/wp-json\/wp\/v2\/product_cat?post=43635"},{"taxonomy":"product_tag","embeddable":true,"href":"https:\/\/loosen.lt\/lv\/wp-json\/wp\/v2\/product_tag?post=43635"}],"curies":[{"name":"wp","href":"https:\/\/api.w.org\/{rel}","templated":true}]}}